{"id":46401,"date":"2022-06-15T13:06:49","date_gmt":"2022-06-15T11:06:49","guid":{"rendered":"https:\/\/ticinoweb01.jcloud.ik-server.com\/cndestetik\/prodotto\/monoi-duschbad\/"},"modified":"2022-11-15T16:44:07","modified_gmt":"2022-11-15T15:44:07","slug":"dusch-bad-monoi","status":"publish","type":"product","link":"https:\/\/cndestetik.ch\/de\/prodotto\/dusch-bad-monoi\/","title":{"rendered":"Monoi Duschbad"},"content":{"rendered":"<p>Mit seinem exotischen und berauschenden Duft ist es ein sanftes Bade- und Duschgel, das Ihre Haut lange weich und wohlriechend macht.<\/p>\n<p>Kokosnuss\u00f6l und Tiar\u00e9-Bl\u00fcten pr\u00e4gen dieses Bade- und Duschgel.<\/p>\n<p>Ideal f\u00fcr die Verwendung in der Dusche oder im Bad; beliebte Geschenkidee, insbesondere in Kombination mit Monoi-\u00d6l oder -Butter; ausgezeichnete Idee, um in der Dusche Ihres Sch\u00f6nheitssalons die durchgef\u00fchrte Behandlung zu aromatisieren.<\/p>\n","protected":false},"excerpt":{"rendered":"<p>Mit seinem exotischen und berauschenden Duft ist es ein sanftes Bade- und Duschgel, das Ihre Haut lange weich und wohlriechend macht.<\/p>\n","protected":false},"featured_media":53953,"template":"","meta":{"_acf_changed":false},"product_brand":[],"product_cat":[1924],"product_tag":[4550,4553,844,410,4551,4552],"class_list":{"0":"post-46401","1":"product","2":"type-product","3":"status-publish","4":"has-post-thumbnail","6":"product_cat-ermittlung","7":"product_tag-duschbad","8":"product_tag-kokosnussol","9":"product_tag-mikrokosmos","10":"product_tag-monoi-de","11":"product_tag-monoi-duschbad","12":"product_tag-tiare-blume","13":"pa_formato-100ml-de","14":"pa_formato-200ml-de","16":"first","17":"instock","18":"taxable","19":"shipping-taxable","20":"purchasable","21":"product-type-variable"},"acf":[],"jetpack_sharing_enabled":true,"_links":{"self":[{"href":"https:\/\/cndestetik.ch\/de\/wp-json\/wp\/v2\/product\/46401","targetHints":{"allow":["GET"]}}],"collection":[{"href":"https:\/\/cndestetik.ch\/de\/wp-json\/wp\/v2\/product"}],"about":[{"href":"https:\/\/cndestetik.ch\/de\/wp-json\/wp\/v2\/types\/product"}],"wp:featuredmedia":[{"embeddable":true,"href":"https:\/\/cndestetik.ch\/de\/wp-json\/wp\/v2\/media\/53953"}],"wp:attachment":[{"href":"https:\/\/cndestetik.ch\/de\/wp-json\/wp\/v2\/media?parent=46401"}],"wp:term":[{"taxonomy":"product_brand","embeddable":true,"href":"https:\/\/cndestetik.ch\/de\/wp-json\/wp\/v2\/product_brand?post=46401"},{"taxonomy":"product_cat","embeddable":true,"href":"https:\/\/cndestetik.ch\/de\/wp-json\/wp\/v2\/product_cat?post=46401"},{"taxonomy":"product_tag","embeddable":true,"href":"https:\/\/cndestetik.ch\/de\/wp-json\/wp\/v2\/product_tag?post=46401"}],"curies":[{"name":"wp","href":"https:\/\/api.w.org\/{rel}","templated":true}]}}