{"id":46158,"date":"2020-10-15T11:49:02","date_gmt":"2020-10-15T09:49:02","guid":{"rendered":"https:\/\/ticinoweb01.jcloud.ik-server.com\/cndestetik\/prodotto\/aetherisches-palmarosa-oel\/"},"modified":"2025-01-23T08:37:57","modified_gmt":"2025-01-23T07:37:57","slug":"ol-essentielles-palmarosa","status":"publish","type":"product","link":"https:\/\/cndestetik.ch\/de\/prodotto\/ol-essentielles-palmarosa\/","title":{"rendered":"\u00c4therisches Palmarosa-\u00d6l"},"content":{"rendered":"<p>Herznote.<\/p>\n<p>Entspannt das Nervensystem &#8211; mildert den Charakter &#8211; mildert Exzesse und f\u00f6rdert die Ruhe.<\/p>\n<p>Handlungen:<\/p>\n<p>&#8211; antimikrobiell<\/p>\n<p>&#8211; krampfl\u00f6send<\/p>\n<p>&#8211; Antioxidans<\/p>\n<p>&#8211; antimykotisch (gegen Candida Albicans, Dermatitis und Fadenpilze, die f\u00fcr Pilzinfektionen der Haut verantwortlich sind)<\/p>\n<p>Geeignet f\u00fcr: reife Haut<\/p>\n<p>&#8211; tiefe Falten<\/p>\n<p>&#8211; Unreine und zu Akne neigende Haut<\/p>\n<p>&#8211; Leitern<\/p>\n<p>&#8211; Pilzerkrankung<\/p>\n<p>&#8211; entspannende Massagen<\/p>\n<p>&#8211; f\u00fcr alle Haartypen geeignet \u00c4therische \u00d6le werden aus bestimmten Teilen aromatischer Pflanzen, den so genannten Essenzen, extrahiert. Die Extraktion erfolgt meist durch Wasserdampfdestillation in speziellen Destillierger\u00e4ten. Damit k\u00f6nnen die fl\u00fcchtigsten und lipophilsten Molek\u00fcle der Pflanze gesammelt werden. \u00c4therische \u00d6le sollten nicht rein auf die Haut aufgetragen werden, da sie Nebenwirkungen wie Hautreizungen, Allergien und Hautunreinheiten verursachen k\u00f6nnen. Es ist daher immer notwendig, sie in Vektorsubstanzen wie Basis\u00f6len, Cremes, Seifen usw. zu verd\u00fcnnen.<\/p>\n<p>-Sie d\u00fcrfen nicht bei der Behandlung von Schwangeren eingesetzt werden. Zitrus-O.E. (wie Bitterorange, Bergamotte und Zitrone) enthalten photosensibilisierende Substanzen und sollten nicht vor der Sonneneinstrahlung verwendet werden. Bewahren Sie O.E. au\u00dferhalb der Reichweite von Kindern auf. Um m\u00f6gliche allergische Reaktionen auszuschlie\u00dfen, die sehr selten sind, sollten Sie bei der ersten Anwendung eines \u00e4therischen \u00d6ls einen Tropfen auf Ihre Ellenbeuge geben. Wenn innerhalb einer Minute keine Reaktion auftritt, k\u00f6nnen Sie es gefahrlos verwenden (immer in der empfohlenen Verd\u00fcnnung) &#8211; Muskatnuss, Salbei, Rosmarin und Thymian sind bei Epilepsie kontraindiziert.<\/p>\n<p>Gr\u00f6\u00dfe: 10ml<\/p>\n","protected":false},"excerpt":{"rendered":"<p>\u00c4therisches Palmarosa-\u00d6l 10ml<\/p>\n","protected":false},"featured_media":36933,"template":"","meta":{"_acf_changed":false},"product_brand":[],"product_cat":[2314,12980],"product_tag":[520,409,2192,4329,2319],"class_list":{"0":"post-46158","1":"product","2":"type-product","3":"status-publish","4":"has-post-thumbnail","6":"product_cat-essenzen","7":"product_cat-mikrokosmos","8":"product_tag-atherisches-ol","9":"product_tag-essenzen","10":"product_tag-ol-de","11":"product_tag-palmarosa-de","12":"product_tag-wesentlich","14":"first","15":"instock","16":"taxable","17":"shipping-taxable","18":"purchasable","19":"product-type-simple"},"acf":[],"jetpack_sharing_enabled":true,"_links":{"self":[{"href":"https:\/\/cndestetik.ch\/de\/wp-json\/wp\/v2\/product\/46158","targetHints":{"allow":["GET"]}}],"collection":[{"href":"https:\/\/cndestetik.ch\/de\/wp-json\/wp\/v2\/product"}],"about":[{"href":"https:\/\/cndestetik.ch\/de\/wp-json\/wp\/v2\/types\/product"}],"wp:featuredmedia":[{"embeddable":true,"href":"https:\/\/cndestetik.ch\/de\/wp-json\/wp\/v2\/media\/36933"}],"wp:attachment":[{"href":"https:\/\/cndestetik.ch\/de\/wp-json\/wp\/v2\/media?parent=46158"}],"wp:term":[{"taxonomy":"product_brand","embeddable":true,"href":"https:\/\/cndestetik.ch\/de\/wp-json\/wp\/v2\/product_brand?post=46158"},{"taxonomy":"product_cat","embeddable":true,"href":"https:\/\/cndestetik.ch\/de\/wp-json\/wp\/v2\/product_cat?post=46158"},{"taxonomy":"product_tag","embeddable":true,"href":"https:\/\/cndestetik.ch\/de\/wp-json\/wp\/v2\/product_tag?post=46158"}],"curies":[{"name":"wp","href":"https:\/\/api.w.org\/{rel}","templated":true}]}}