{"id":46152,"date":"2020-10-15T11:48:54","date_gmt":"2020-10-15T09:48:54","guid":{"rendered":"https:\/\/ticinoweb01.jcloud.ik-server.com\/cndestetik\/prodotto\/aetherisches-oel-der-verbene\/"},"modified":"2025-01-23T08:37:55","modified_gmt":"2025-01-23T07:37:55","slug":"ol-essenzielle-verbene","status":"publish","type":"product","link":"https:\/\/cndestetik.ch\/de\/prodotto\/ol-essenzielle-verbene\/","title":{"rendered":"\u00c4therisches \u00d6l der Verbene"},"content":{"rendered":"<p><span data-sheets-value=\"{\"1\":2,\"2\":\"Nota di Testa. Porta vibrazioni sottili e dinamiche. Riequilibrante dell'umore. Aiuta a rilassarsi e ad avere una migliore concentrazione.\\nAzioni: antisettico - antispasmodico\\nAdatto in caso di: pelli grasse impure ed acneiche - massaggi distensivi e rilassanti - in particolare dell'addome (addome gonfio e dolorante)\\n\\nGli oli essenziali vengono estratti da parti specifiche di piante aromatiche dette essenziere. L'estrazione viene per lo pi\u00f9 fatta con il metodo della distillazione in corrente di vapore, ottenuta tramite appositi distillatori. Con essa si riescono a raccogliere le molecole pi\u00f9 volatili e lipofile della pianta\\n\\n-Gli oli essenziali non vanno applicati puri sulla pelle poich\u00e9 possono provocare effetti collaterali, quali irritazioni cutanee, allergie e vere e proprie macchie sulla pelle. E' quindi necessario diluirli sempre in sostanze vettrici come oli base, creme, saponi etc.\\n-Non utilizzarli in trattamenti di donne in gravidanza. Gli O.E. di agrumi (come arancio amaro, bergamotto e limone) contengono sostanze fotosensibilizzanti, non vanno utilizzati prima dell'esposizione al sole. Tenere gli O.E. fuori dalla portata dei bambini. Per escludere eventuali reazioni allergiche, peraltro molto rare, la prima volta che utilizzate un olio essenziale fate una prova con una goccia sull'incavo del gomito. Nel giro di un minuto se non si manifesta nessuna reazione allora potrete usarlo con tranquillit\u00e0 (sempre nelle diluizioni consigliate)\\n-Noce moscata, Salvia, Rosmarino e Timo sono controindicati in caso di epilessia.\"}\" data-sheets-userformat=\"{\"2\":15297,\"3\":{\"1\":0},\"9\":0,\"10\":2,\"11\":0,\"12\":0,\"14\":{\"1\":2,\"2\":0},\"15\":\"Calibri\",\"16\":11}\">Obere Note. Sie bringt subtile und dynamische Schwingungen. Stimmungsaufheller. <\/p>\n<p>Hilft Ihnen, sich zu entspannen und besser zu konzentrieren. Wirkungen: antiseptisch &#8211; krampfl\u00f6send Geeignet f\u00fcr: fettige, unreine Haut und Akne &#8211; entspannende Massagen &#8211; insbesondere des Bauches (geschwollener und schmerzender Bauch)<\/span><\/p>\n<p>\u00c4therische \u00d6le werden aus bestimmten Teilen aromatischer Pflanzen, den so genannten Essenzen, extrahiert. Die Extraktion erfolgt meist durch Wasserdampfdestillation in speziellen Destillierger\u00e4ten. Mit ihm k\u00f6nnen die fl\u00fcchtigsten und lipophilsten Molek\u00fcle der Pflanze gesammelt werden<\/p>\n<p>-\u00c4therische \u00d6le sollten nicht rein auf die Haut aufgetragen werden, da sie Nebenwirkungen wie Hautreizungen, Allergien und Flecken auf der Haut verursachen k\u00f6nnen.<br \/>\nEs ist daher immer notwendig, sie in Vektorsubstanzen wie Basis\u00f6len, Cremes, Seifen usw. zu verd\u00fcnnen. Verwenden Sie sie nicht bei der Behandlung von schwangeren Frauen. Zitrus-O.E. (wie Bitterorange, Bergamotte und Zitrone) enthalten photosensibilisierende Substanzen und sollten nicht vor der Sonneneinstrahlung verwendet werden. Bewahren Sie O.E. au\u00dferhalb der Reichweite von Kindern auf. Um m\u00f6gliche allergische Reaktionen auszuschlie\u00dfen, die sehr selten sind, sollten Sie bei der ersten Anwendung eines \u00e4therischen \u00d6ls einen Tropfen auf Ihre Ellenbeuge geben.<br \/>\nWenn innerhalb einer Minute keine Reaktion auftritt, k\u00f6nnen Sie es gefahrlos verwenden (immer in den empfohlenen Verd\u00fcnnungen) &#8211; Muskatnuss, Salbei, Rosmarin und Thymian sind bei Epilepsie kontraindiziert.<\/p>\n","protected":false},"excerpt":{"rendered":"<p>\u00c4therisches \u00d6l, erh\u00e4ltlich in zwei Gr\u00f6\u00dfen.<\/p>\n","protected":false},"featured_media":36939,"template":"","meta":{"_acf_changed":false},"product_brand":[],"product_cat":[2314,12980],"product_tag":[4324,409,2192,2319],"class_list":{"0":"post-46152","1":"product","2":"type-product","3":"status-publish","4":"has-post-thumbnail","6":"product_cat-essenzen","7":"product_cat-mikrokosmos","8":"product_tag-eisenkraut","9":"product_tag-essenzen","10":"product_tag-ol-de","11":"product_tag-wesentlich","12":"pa_formato-10ml-de","13":"pa_formato-30ml-de","15":"first","16":"instock","17":"taxable","18":"shipping-taxable","19":"purchasable","20":"product-type-variable"},"acf":[],"jetpack_sharing_enabled":true,"_links":{"self":[{"href":"https:\/\/cndestetik.ch\/de\/wp-json\/wp\/v2\/product\/46152","targetHints":{"allow":["GET"]}}],"collection":[{"href":"https:\/\/cndestetik.ch\/de\/wp-json\/wp\/v2\/product"}],"about":[{"href":"https:\/\/cndestetik.ch\/de\/wp-json\/wp\/v2\/types\/product"}],"wp:featuredmedia":[{"embeddable":true,"href":"https:\/\/cndestetik.ch\/de\/wp-json\/wp\/v2\/media\/36939"}],"wp:attachment":[{"href":"https:\/\/cndestetik.ch\/de\/wp-json\/wp\/v2\/media?parent=46152"}],"wp:term":[{"taxonomy":"product_brand","embeddable":true,"href":"https:\/\/cndestetik.ch\/de\/wp-json\/wp\/v2\/product_brand?post=46152"},{"taxonomy":"product_cat","embeddable":true,"href":"https:\/\/cndestetik.ch\/de\/wp-json\/wp\/v2\/product_cat?post=46152"},{"taxonomy":"product_tag","embeddable":true,"href":"https:\/\/cndestetik.ch\/de\/wp-json\/wp\/v2\/product_tag?post=46152"}],"curies":[{"name":"wp","href":"https:\/\/api.w.org\/{rel}","templated":true}]}}