{"id":46132,"date":"2020-10-15T11:49:30","date_gmt":"2020-10-15T09:49:30","guid":{"rendered":"https:\/\/ticinoweb01.jcloud.ik-server.com\/cndestetik\/prodotto\/aetherisches-oel-patchouli\/"},"modified":"2025-01-23T09:08:10","modified_gmt":"2025-01-23T08:08:10","slug":"patchouli-atherisches-ol","status":"publish","type":"product","link":"https:\/\/cndestetik.ch\/de\/prodotto\/patchouli-atherisches-ol\/","title":{"rendered":"\u00c4therisches \u00d6l Patchouli"},"content":{"rendered":"<p><span data-sheets-value=\"{\"1\":2,\"2\":\"Nota di Base. Afrodisiaco - ottimo su stati depressivi - a seconda delle necessit\u00e0 pu\u00f2 essere sedativo o stimolante - aiuta la concentrazione-\\nAzioni: antinfiammatorio - vasoprotettore dei capillari venosi - aiuta la circolazione linfatica - battericida - antisettico - antimicotico.\\nAdatto in caso di: trattamento antirughe - pelle atona e spenta - pelle grassa o secca - anticellulite - edema - pelle infiammata - massaggio riequilibrante - forfora - capelli grassi o secch.\\n\\nGli oli essenziali vengono estratti da parti specifiche di piante aromatiche dette essenziere. L'estrazione viene per lo pi\u00f9 fatta con il metodo della distillazione in corrente di vapore, ottenuta tramite appositi distillatori. Con essa si riescono a raccogliere le molecole pi\u00f9 volatili e lipofile della pianta\\n-Gli oli essenziali non vanno applicati puri sulla pelle poich\u00e9 possono provocare effetti collaterali, quali irritazioni cutanee, allergie e vere e proprie macchie sulla pelle. E' quindi necessario diluirli sempre in sostanze vettrici come oli base, creme, saponi etc.\\n-Non utilizzarli in trattamenti di donne in gravidanza. Gli O.E. di agrumi (come arancio amaro, bergamotto e limone) contengono sostanze fotosensibilizzanti, non vanno utilizzati prima dell'esposizione al sole. Tenere gli O.E. fuori dalla portata dei bambini. Per escludere eventuali reazioni allergiche, peraltro molto rare, la prima volta che utilizzate un olio essenziale fate una prova con una goccia sull'incavo del gomito. Nel giro di un minuto se non si manifesta nessuna reazione allora potrete usarlo con tranquillit\u00e0 (sempre nelle diluizioni consigliate)\\n-Noce moscata, Salvia, Rosmarino e Timo sono controindicati in caso di epilessia.\"}\" data-sheets-userformat=\"{\"2\":15297,\"3\":{\"1\":0},\"9\":0,\"10\":2,\"11\":0,\"12\":0,\"14\":{\"1\":2,\"2\":0},\"15\":\"Calibri\",\"16\":11}\">Grundlegende Anmerkung. <\/p>\n<p>Aphrodisiakum &#8211; ausgezeichnet bei depressiven Zust\u00e4nden &#8211; kann je nach Bedarf beruhigend oder anregend wirken &#8211; f\u00f6rdert die Konzentration &#8211; Wirkungen: entz\u00fcndungshemmend &#8211; gef\u00e4\u00dfsch\u00fctzend f\u00fcr die Venenkapillaren &#8211; f\u00f6rdert die Lymphzirkulation &#8211; bakterizid &#8211; antiseptisch &#8211; antimykotisch. Geeignet f\u00fcr: Anti-Falten-Behandlung &#8211; stumpfe, glanzlose Haut &#8211; fettige oder trockene Haut &#8211; Anti-Cellulite &#8211; \u00d6deme &#8211; entz\u00fcndete Haut &#8211; ausgleichende Massage &#8211; Schuppen &#8211; fettiges oder trockenes Haar.<\/span><\/p>\n<p>\u00c4therische \u00d6le werden aus bestimmten Teilen aromatischer Pflanzen, den so genannten Essenzen, extrahiert. Die Extraktion erfolgt meist durch Wasserdampfdestillation in speziellen Destillierger\u00e4ten.<br \/>\nDamit k\u00f6nnen die fl\u00fcchtigsten und lipophilsten Molek\u00fcle der Pflanze gesammelt werden. -\u00c4therische \u00d6le sollten nicht pur auf die Haut aufgetragen werden, da sie Nebenwirkungen wie Hautreizungen, Allergien und Hautunreinheiten verursachen k\u00f6nnen.<br \/>\n Es ist daher notwendig, sie immer in Vektorsubstanzen wie Basis\u00f6len, Cremes, Seifen usw. zu verd\u00fcnnen. -Verwenden Sie sie nicht bei der Behandlung von schwangeren Frauen.  Zitrus-O.E. (wie Bitterorange, Bergamotte und Zitrone) enthalten photosensibilisierende Substanzen und sollten nicht vor der Sonneneinstrahlung verwendet werden. Bewahren Sie O.E. au\u00dferhalb der Reichweite von Kindern auf. Um m\u00f6gliche allergische Reaktionen auszuschlie\u00dfen, die sehr selten sind, sollten Sie bei der ersten Anwendung eines \u00e4therischen \u00d6ls einen Tropfen auf Ihre Ellenbeuge geben.<br \/>\nWenn innerhalb einer Minute keine Reaktion auftritt, k\u00f6nnen Sie es gefahrlos verwenden (immer in den empfohlenen Verd\u00fcnnungen) &#8211; Muskatnuss, Salbei, Rosmarin und Thymian sind bei Epilepsie kontraindiziert.<\/p>\n","protected":false},"excerpt":{"rendered":"<p><span data-sheets-value=\"{\"1\":2,\"2\":\"PAT\"}\" data-sheets-userformat=\"{\"2\":14785,\"3\":{\"1\":0,\"3\":1},\"9\":0,\"10\":2,\"11\":0,\"14\":{\"1\":2,\"2\":0},\"15\":\"Calibri\",\"16\":11}\">\u00c4therisches Patchouli-\u00d6l, erh\u00e4ltlich in zwei Gr\u00f6\u00dfen.<\/span><\/p>\n","protected":false},"featured_media":36909,"template":"","meta":{"_acf_changed":false},"product_brand":[],"product_cat":[2314,12980],"product_tag":[2323,409,2192,4312,2319],"class_list":{"0":"post-46132","1":"product","2":"type-product","3":"status-publish","4":"has-post-thumbnail","6":"product_cat-essenzen","7":"product_cat-mikrokosmos","8":"product_tag-atherisches-ol-de","9":"product_tag-essenzen","10":"product_tag-ol-de","11":"product_tag-patchouli-de","12":"product_tag-wesentlich","13":"pa_formato-10ml-de","14":"pa_formato-30ml-de","16":"first","17":"instock","18":"taxable","19":"shipping-taxable","20":"purchasable","21":"product-type-variable"},"acf":[],"jetpack_sharing_enabled":true,"_links":{"self":[{"href":"https:\/\/cndestetik.ch\/de\/wp-json\/wp\/v2\/product\/46132","targetHints":{"allow":["GET"]}}],"collection":[{"href":"https:\/\/cndestetik.ch\/de\/wp-json\/wp\/v2\/product"}],"about":[{"href":"https:\/\/cndestetik.ch\/de\/wp-json\/wp\/v2\/types\/product"}],"wp:featuredmedia":[{"embeddable":true,"href":"https:\/\/cndestetik.ch\/de\/wp-json\/wp\/v2\/media\/36909"}],"wp:attachment":[{"href":"https:\/\/cndestetik.ch\/de\/wp-json\/wp\/v2\/media?parent=46132"}],"wp:term":[{"taxonomy":"product_brand","embeddable":true,"href":"https:\/\/cndestetik.ch\/de\/wp-json\/wp\/v2\/product_brand?post=46132"},{"taxonomy":"product_cat","embeddable":true,"href":"https:\/\/cndestetik.ch\/de\/wp-json\/wp\/v2\/product_cat?post=46132"},{"taxonomy":"product_tag","embeddable":true,"href":"https:\/\/cndestetik.ch\/de\/wp-json\/wp\/v2\/product_tag?post=46132"}],"curies":[{"name":"wp","href":"https:\/\/api.w.org\/{rel}","templated":true}]}}