{"id":46127,"date":"2020-10-30T06:19:12","date_gmt":"2020-10-30T05:19:12","guid":{"rendered":"https:\/\/ticinoweb01.jcloud.ik-server.com\/cndestetik\/prodotto\/synergie-der-aetherischen-oele-anwesenheit\/"},"modified":"2025-01-23T09:09:11","modified_gmt":"2025-01-23T08:09:11","slug":"synergie-der-essenz-prasenz","status":"publish","type":"product","link":"https:\/\/cndestetik.ch\/de\/prodotto\/synergie-der-essenz-prasenz\/","title":{"rendered":"Synergie der \u00e4therischen \u00d6le Anwesenheit"},"content":{"rendered":"<p><span data-sheets-value=\"{\"1\":2,\"2\":\"Una sinergia dal profumo balsamico e resinoso. Favorisce la concentrazione radicandoti profondamente in te stesso.\\nPuoi utilizzare le 5 sinergie olfattive Microcosmo per:\\n1) AROMATIZZARE GLI AMBIENTI - Metti un p\u00f2 d'acqua e qualche goccia della Sinergia scelta nel diffusore di essenze (Fornelletto in terracotta Microcosmo). Sfrutta la capacit\u00e0 dell'unione dei 4 elementi fuoco, terra, acqua e aria per aromatizzare l'ambiente e donare al tuo centro una qualit\u00e0 in pi\u00f9 di benessere.\\n2)AROMATIZZARE E CARATTERIZZARE UN OLIO O UNA CREMA BASE - Scegli insieme alla tua cliente la Sinergia pi\u00f9 indicata per lei. Aggiungi la sinergia scelta ad una Crema Massaggio base o ad un olio vegetale per creare un prodotto da massaggio specifico. In questo modo offri un viaggio di profumi e messaggi della natura, insieme al tocco e alla cura esperta delle tua mani. Dosaggi: 2-3% di sinergia nel veicolo che hai scelto (Olio Vegetale o Crema Base). 20 gocce equivalgono circa ad 1 ml., quindi puoi aggiungere circa 40-50 gocce in 100 ml. (in una porzione di crema o olio vegetale dedicato ad un massaggio corpo \u00e8 consigliabile aggiungere circa 7-10 gocce di sinergia)\\n3)AROMATIZZARE E CARATTERIZZARE UNO SCRUB CORPO - Componi uno scrub corpo personalizzato con i Sali di Epsom scegliendo l'olio vegetale pi\u00f9 indicato e facendo scegliere alla tua cliente una tra le sinergie di O.E. Unisci circa 4-5 cucchiai di Sali di Epsom, circa 7-10 gocce di Sinergia e Olio Vegetale q.b.\\n4)AROMATIZZARE E CARATTERIZZARE UN PEDILUVIO - In questo modo dai ancora pi\u00f9 valore a questo splndido gesto di cura riconoscendone cos\u00ec la sua importanza. Per fare questo aggiungi 3-4 gocce di Sinergia in un pugno di Sali di Epsom e solubilizzali nell'acqua del pediluvio.\\n5)AROMATIZZARE E CARATTERIZZARE UN BAGNO CALDO - In vasca normale o idromassaggio. Aggiungi 6-8 gocce di Sinergia in un pugno di Sali di Epsom (o pi\u00f9 Sali di Epsom a seconda che tu voglia rendere il bagno anche drenante e depurativo dei tessuti) e disperdili in acqua.\\n6)AROMATIZZARE E CARATTERIZZARE UN BAGNO DI VAPORE - Scegli insieme alla tua cliente la Sinergia pi\u00f9 indicata per lei e aggiungila nel bagno di vapore in quantit\u00e0 di circa 6-8 gocce. Le offrirai un viaggio di profumi che incentivano il rilassamento ed il benessere.\"}\" data-sheets-userformat=\"{\"2\":15297,\"3\":{\"1\":0},\"9\":0,\"10\":2,\"11\":0,\"12\":0,\"14\":{\"1\":2,\"2\":0},\"15\":\"Calibri\",\"16\":11}\">Eine Synergie mit einem balsamischen und harzigen Duft.<br \/>\nEr f\u00f6rdert die Konzentration, indem er Sie tief in sich selbst verwurzelt. Sie k\u00f6nnen die 5 Microcosmo-Duftsynergien f\u00fcr Folgendes verwenden:<br \/>\n<\/span><\/p>\n<p><span data-sheets-value=\"{\"1\":2,\"2\":\"Una sinergia dal profumo balsamico e resinoso. Favorisce la concentrazione radicandoti profondamente in te stesso.\\nPuoi utilizzare le 5 sinergie olfattive Microcosmo per:\\n1) AROMATIZZARE GLI AMBIENTI - Metti un p\u00f2 d'acqua e qualche goccia della Sinergia scelta nel diffusore di essenze (Fornelletto in terracotta Microcosmo). Sfrutta la capacit\u00e0 dell'unione dei 4 elementi fuoco, terra, acqua e aria per aromatizzare l'ambiente e donare al tuo centro una qualit\u00e0 in pi\u00f9 di benessere.\\n2)AROMATIZZARE E CARATTERIZZARE UN OLIO O UNA CREMA BASE - Scegli insieme alla tua cliente la Sinergia pi\u00f9 indicata per lei. Aggiungi la sinergia scelta ad una Crema Massaggio base o ad un olio vegetale per creare un prodotto da massaggio specifico. In questo modo offri un viaggio di profumi e messaggi della natura, insieme al tocco e alla cura esperta delle tua mani. Dosaggi: 2-3% di sinergia nel veicolo che hai scelto (Olio Vegetale o Crema Base). 20 gocce equivalgono circa ad 1 ml., quindi puoi aggiungere circa 40-50 gocce in 100 ml. (in una porzione di crema o olio vegetale dedicato ad un massaggio corpo \u00e8 consigliabile aggiungere circa 7-10 gocce di sinergia)\\n3)AROMATIZZARE E CARATTERIZZARE UNO SCRUB CORPO - Componi uno scrub corpo personalizzato con i Sali di Epsom scegliendo l'olio vegetale pi\u00f9 indicato e facendo scegliere alla tua cliente una tra le sinergie di O.E. Unisci circa 4-5 cucchiai di Sali di Epsom, circa 7-10 gocce di Sinergia e Olio Vegetale q.b.\\n4)AROMATIZZARE E CARATTERIZZARE UN PEDILUVIO - In questo modo dai ancora pi\u00f9 valore a questo splndido gesto di cura riconoscendone cos\u00ec la sua importanza. Per fare questo aggiungi 3-4 gocce di Sinergia in un pugno di Sali di Epsom e solubilizzali nell'acqua del pediluvio.\\n5)AROMATIZZARE E CARATTERIZZARE UN BAGNO CALDO - In vasca normale o idromassaggio. Aggiungi 6-8 gocce di Sinergia in un pugno di Sali di Epsom (o pi\u00f9 Sali di Epsom a seconda che tu voglia rendere il bagno anche drenante e depurativo dei tessuti) e disperdili in acqua.\\n6)AROMATIZZARE E CARATTERIZZARE UN BAGNO DI VAPORE - Scegli insieme alla tua cliente la Sinergia pi\u00f9 indicata per lei e aggiungila nel bagno di vapore in quantit\u00e0 di circa 6-8 gocce. Le offrirai un viaggio di profumi che incentivano il rilassamento ed il benessere.\"}\" data-sheets-userformat=\"{\"2\":15297,\"3\":{\"1\":0},\"9\":0,\"10\":2,\"11\":0,\"12\":0,\"14\":{\"1\":2,\"2\":0},\"15\":\"Calibri\",\"16\":11}\">1) AROMATISIERENDE UMGEBUNGEN &#8211; Geben Sie ein wenig Wasser und ein paar Tropfen der von Ihnen gew\u00e4hlten Synergy in den Essenzdiffusor (Microcosmo Terrakotta-Ofen). Nutzen Sie die F\u00e4higkeit der Verbindung der 4 Elemente Feuer, Erde, Wasser und Luft, um die Umgebung zu aromatisieren und Ihrem Zentrum eine zus\u00e4tzliche Wohlf\u00fchlqualit\u00e4t zu verleihen.<br \/>\n<\/span><\/p>\n<p><span data-sheets-value=\"{\"1\":2,\"2\":\"Una sinergia dal profumo balsamico e resinoso. Favorisce la concentrazione radicandoti profondamente in te stesso.\\nPuoi utilizzare le 5 sinergie olfattive Microcosmo per:\\n1) AROMATIZZARE GLI AMBIENTI - Metti un p\u00f2 d'acqua e qualche goccia della Sinergia scelta nel diffusore di essenze (Fornelletto in terracotta Microcosmo). Sfrutta la capacit\u00e0 dell'unione dei 4 elementi fuoco, terra, acqua e aria per aromatizzare l'ambiente e donare al tuo centro una qualit\u00e0 in pi\u00f9 di benessere.\\n2)AROMATIZZARE E CARATTERIZZARE UN OLIO O UNA CREMA BASE - Scegli insieme alla tua cliente la Sinergia pi\u00f9 indicata per lei. Aggiungi la sinergia scelta ad una Crema Massaggio base o ad un olio vegetale per creare un prodotto da massaggio specifico. In questo modo offri un viaggio di profumi e messaggi della natura, insieme al tocco e alla cura esperta delle tua mani. Dosaggi: 2-3% di sinergia nel veicolo che hai scelto (Olio Vegetale o Crema Base). 20 gocce equivalgono circa ad 1 ml., quindi puoi aggiungere circa 40-50 gocce in 100 ml. (in una porzione di crema o olio vegetale dedicato ad un massaggio corpo \u00e8 consigliabile aggiungere circa 7-10 gocce di sinergia)\\n3)AROMATIZZARE E CARATTERIZZARE UNO SCRUB CORPO - Componi uno scrub corpo personalizzato con i Sali di Epsom scegliendo l'olio vegetale pi\u00f9 indicato e facendo scegliere alla tua cliente una tra le sinergie di O.E. Unisci circa 4-5 cucchiai di Sali di Epsom, circa 7-10 gocce di Sinergia e Olio Vegetale q.b.\\n4)AROMATIZZARE E CARATTERIZZARE UN PEDILUVIO - In questo modo dai ancora pi\u00f9 valore a questo splndido gesto di cura riconoscendone cos\u00ec la sua importanza. Per fare questo aggiungi 3-4 gocce di Sinergia in un pugno di Sali di Epsom e solubilizzali nell'acqua del pediluvio.\\n5)AROMATIZZARE E CARATTERIZZARE UN BAGNO CALDO - In vasca normale o idromassaggio. Aggiungi 6-8 gocce di Sinergia in un pugno di Sali di Epsom (o pi\u00f9 Sali di Epsom a seconda che tu voglia rendere il bagno anche drenante e depurativo dei tessuti) e disperdili in acqua.\\n6)AROMATIZZARE E CARATTERIZZARE UN BAGNO DI VAPORE - Scegli insieme alla tua cliente la Sinergia pi\u00f9 indicata per lei e aggiungila nel bagno di vapore in quantit\u00e0 di circa 6-8 gocce. Le offrirai un viaggio di profumi che incentivano il rilassamento ed il benessere.\"}\" data-sheets-userformat=\"{\"2\":15297,\"3\":{\"1\":0},\"9\":0,\"10\":2,\"11\":0,\"12\":0,\"14\":{\"1\":2,\"2\":0},\"15\":\"Calibri\",\"16\":11}\">2)AROMATISIERUNG UND CHARAKTERISIERUNG EINER \u00d6L- ODER CREMEBASIS &#8211; W\u00e4hlen Sie gemeinsam mit Ihrer Kundin die f\u00fcr sie am besten geeignete Synergie. F\u00fcgen Sie die gew\u00e4hlte Synergie zu einer Basis-Massagecreme oder einem Pflanzen\u00f6l hinzu, um ein spezifisches Massageprodukt herzustellen. Auf diese Weise bieten Sie eine Reise der D\u00fcfte und Botschaften aus der Natur, zusammen mit der fachkundigen Ber\u00fchrung und Pflege Ihrer H\u00e4nde. Dosierung: 2-3% Synergie in einem Tr\u00e4ger Ihrer Wahl (Pflanzen\u00f6l oder Basiscreme). 20 Tropfen entsprechen etwa 1 ml, so dass Sie etwa 40-50 Tropfen auf 100 ml geben k\u00f6nnen. (ca. 7-10 Tropfen Synergy werden f\u00fcr eine K\u00f6rpermassage in eine Portion Creme oder Pflanzen\u00f6l gegeben)<br \/>\n<\/span><\/p>\n<p><span data-sheets-value=\"{\"1\":2,\"2\":\"Una sinergia dal profumo balsamico e resinoso. Favorisce la concentrazione radicandoti profondamente in te stesso.\\nPuoi utilizzare le 5 sinergie olfattive Microcosmo per:\\n1) AROMATIZZARE GLI AMBIENTI - Metti un p\u00f2 d'acqua e qualche goccia della Sinergia scelta nel diffusore di essenze (Fornelletto in terracotta Microcosmo). Sfrutta la capacit\u00e0 dell'unione dei 4 elementi fuoco, terra, acqua e aria per aromatizzare l'ambiente e donare al tuo centro una qualit\u00e0 in pi\u00f9 di benessere.\\n2)AROMATIZZARE E CARATTERIZZARE UN OLIO O UNA CREMA BASE - Scegli insieme alla tua cliente la Sinergia pi\u00f9 indicata per lei. Aggiungi la sinergia scelta ad una Crema Massaggio base o ad un olio vegetale per creare un prodotto da massaggio specifico. In questo modo offri un viaggio di profumi e messaggi della natura, insieme al tocco e alla cura esperta delle tua mani. Dosaggi: 2-3% di sinergia nel veicolo che hai scelto (Olio Vegetale o Crema Base). 20 gocce equivalgono circa ad 1 ml., quindi puoi aggiungere circa 40-50 gocce in 100 ml. (in una porzione di crema o olio vegetale dedicato ad un massaggio corpo \u00e8 consigliabile aggiungere circa 7-10 gocce di sinergia)\\n3)AROMATIZZARE E CARATTERIZZARE UNO SCRUB CORPO - Componi uno scrub corpo personalizzato con i Sali di Epsom scegliendo l'olio vegetale pi\u00f9 indicato e facendo scegliere alla tua cliente una tra le sinergie di O.E. Unisci circa 4-5 cucchiai di Sali di Epsom, circa 7-10 gocce di Sinergia e Olio Vegetale q.b.\\n4)AROMATIZZARE E CARATTERIZZARE UN PEDILUVIO - In questo modo dai ancora pi\u00f9 valore a questo splndido gesto di cura riconoscendone cos\u00ec la sua importanza. Per fare questo aggiungi 3-4 gocce di Sinergia in un pugno di Sali di Epsom e solubilizzali nell'acqua del pediluvio.\\n5)AROMATIZZARE E CARATTERIZZARE UN BAGNO CALDO - In vasca normale o idromassaggio. Aggiungi 6-8 gocce di Sinergia in un pugno di Sali di Epsom (o pi\u00f9 Sali di Epsom a seconda che tu voglia rendere il bagno anche drenante e depurativo dei tessuti) e disperdili in acqua.\\n6)AROMATIZZARE E CARATTERIZZARE UN BAGNO DI VAPORE - Scegli insieme alla tua cliente la Sinergia pi\u00f9 indicata per lei e aggiungila nel bagno di vapore in quantit\u00e0 di circa 6-8 gocce. Le offrirai un viaggio di profumi che incentivano il rilassamento ed il benessere.\"}\" data-sheets-userformat=\"{\"2\":15297,\"3\":{\"1\":0},\"9\":0,\"10\":2,\"11\":0,\"12\":0,\"14\":{\"1\":2,\"2\":0},\"15\":\"Calibri\",\"16\":11}\">3)AROMATISIERUNG UND CHARAKTERISIERUNG EINES K\u00d6RPERPAKETS &#8211; Stellen Sie ein individuelles K\u00f6rperpeeling mit Bittersalz zusammen, indem Sie das am besten geeignete Pflanzen\u00f6l ausw\u00e4hlen und Ihren Kunden eine der O.E.-Synergien w\u00e4hlen lassen. 4-5 Essl\u00f6ffel Bittersalz, etwa 7-10 Tropfen Synergy und Pflanzen\u00f6l nach Geschmack mischen.<br \/>\n<\/span><\/p>\n<p><span data-sheets-value=\"{\"1\":2,\"2\":\"Una sinergia dal profumo balsamico e resinoso. Favorisce la concentrazione radicandoti profondamente in te stesso.\\nPuoi utilizzare le 5 sinergie olfattive Microcosmo per:\\n1) AROMATIZZARE GLI AMBIENTI - Metti un p\u00f2 d'acqua e qualche goccia della Sinergia scelta nel diffusore di essenze (Fornelletto in terracotta Microcosmo). Sfrutta la capacit\u00e0 dell'unione dei 4 elementi fuoco, terra, acqua e aria per aromatizzare l'ambiente e donare al tuo centro una qualit\u00e0 in pi\u00f9 di benessere.\\n2)AROMATIZZARE E CARATTERIZZARE UN OLIO O UNA CREMA BASE - Scegli insieme alla tua cliente la Sinergia pi\u00f9 indicata per lei. Aggiungi la sinergia scelta ad una Crema Massaggio base o ad un olio vegetale per creare un prodotto da massaggio specifico. In questo modo offri un viaggio di profumi e messaggi della natura, insieme al tocco e alla cura esperta delle tua mani. Dosaggi: 2-3% di sinergia nel veicolo che hai scelto (Olio Vegetale o Crema Base). 20 gocce equivalgono circa ad 1 ml., quindi puoi aggiungere circa 40-50 gocce in 100 ml. (in una porzione di crema o olio vegetale dedicato ad un massaggio corpo \u00e8 consigliabile aggiungere circa 7-10 gocce di sinergia)\\n3)AROMATIZZARE E CARATTERIZZARE UNO SCRUB CORPO - Componi uno scrub corpo personalizzato con i Sali di Epsom scegliendo l'olio vegetale pi\u00f9 indicato e facendo scegliere alla tua cliente una tra le sinergie di O.E. Unisci circa 4-5 cucchiai di Sali di Epsom, circa 7-10 gocce di Sinergia e Olio Vegetale q.b.\\n4)AROMATIZZARE E CARATTERIZZARE UN PEDILUVIO - In questo modo dai ancora pi\u00f9 valore a questo splndido gesto di cura riconoscendone cos\u00ec la sua importanza. Per fare questo aggiungi 3-4 gocce di Sinergia in un pugno di Sali di Epsom e solubilizzali nell'acqua del pediluvio.\\n5)AROMATIZZARE E CARATTERIZZARE UN BAGNO CALDO - In vasca normale o idromassaggio. Aggiungi 6-8 gocce di Sinergia in un pugno di Sali di Epsom (o pi\u00f9 Sali di Epsom a seconda che tu voglia rendere il bagno anche drenante e depurativo dei tessuti) e disperdili in acqua.\\n6)AROMATIZZARE E CARATTERIZZARE UN BAGNO DI VAPORE - Scegli insieme alla tua cliente la Sinergia pi\u00f9 indicata per lei e aggiungila nel bagno di vapore in quantit\u00e0 di circa 6-8 gocce. Le offrirai un viaggio di profumi che incentivano il rilassamento ed il benessere.\"}\" data-sheets-userformat=\"{\"2\":15297,\"3\":{\"1\":0},\"9\":0,\"10\":2,\"11\":0,\"12\":0,\"14\":{\"1\":2,\"2\":0},\"15\":\"Calibri\",\"16\":11}\">4)AROMATISIEREN UND CHARAKTERISIEREN EINES PEDILUVIO &#8211; Auf diese Weise verleihen Sie dieser gro\u00dfartigen Geste der F\u00fcrsorge noch mehr Wert und erkennen ihre Bedeutung an. Geben Sie dazu 3-4 Tropfen Synergy in eine Handvoll Bittersalz und l\u00f6sen Sie es im Wasser des Fu\u00dfbades auf.<br \/>\n<\/span><\/p>\n<p><span data-sheets-value=\"{\"1\":2,\"2\":\"Una sinergia dal profumo balsamico e resinoso. Favorisce la concentrazione radicandoti profondamente in te stesso.\\nPuoi utilizzare le 5 sinergie olfattive Microcosmo per:\\n1) AROMATIZZARE GLI AMBIENTI - Metti un p\u00f2 d'acqua e qualche goccia della Sinergia scelta nel diffusore di essenze (Fornelletto in terracotta Microcosmo). Sfrutta la capacit\u00e0 dell'unione dei 4 elementi fuoco, terra, acqua e aria per aromatizzare l'ambiente e donare al tuo centro una qualit\u00e0 in pi\u00f9 di benessere.\\n2)AROMATIZZARE E CARATTERIZZARE UN OLIO O UNA CREMA BASE - Scegli insieme alla tua cliente la Sinergia pi\u00f9 indicata per lei. Aggiungi la sinergia scelta ad una Crema Massaggio base o ad un olio vegetale per creare un prodotto da massaggio specifico. In questo modo offri un viaggio di profumi e messaggi della natura, insieme al tocco e alla cura esperta delle tua mani. Dosaggi: 2-3% di sinergia nel veicolo che hai scelto (Olio Vegetale o Crema Base). 20 gocce equivalgono circa ad 1 ml., quindi puoi aggiungere circa 40-50 gocce in 100 ml. (in una porzione di crema o olio vegetale dedicato ad un massaggio corpo \u00e8 consigliabile aggiungere circa 7-10 gocce di sinergia)\\n3)AROMATIZZARE E CARATTERIZZARE UNO SCRUB CORPO - Componi uno scrub corpo personalizzato con i Sali di Epsom scegliendo l'olio vegetale pi\u00f9 indicato e facendo scegliere alla tua cliente una tra le sinergie di O.E. Unisci circa 4-5 cucchiai di Sali di Epsom, circa 7-10 gocce di Sinergia e Olio Vegetale q.b.\\n4)AROMATIZZARE E CARATTERIZZARE UN PEDILUVIO - In questo modo dai ancora pi\u00f9 valore a questo splndido gesto di cura riconoscendone cos\u00ec la sua importanza. Per fare questo aggiungi 3-4 gocce di Sinergia in un pugno di Sali di Epsom e solubilizzali nell'acqua del pediluvio.\\n5)AROMATIZZARE E CARATTERIZZARE UN BAGNO CALDO - In vasca normale o idromassaggio. Aggiungi 6-8 gocce di Sinergia in un pugno di Sali di Epsom (o pi\u00f9 Sali di Epsom a seconda che tu voglia rendere il bagno anche drenante e depurativo dei tessuti) e disperdili in acqua.\\n6)AROMATIZZARE E CARATTERIZZARE UN BAGNO DI VAPORE - Scegli insieme alla tua cliente la Sinergia pi\u00f9 indicata per lei e aggiungila nel bagno di vapore in quantit\u00e0 di circa 6-8 gocce. Le offrirai un viaggio di profumi che incentivano il rilassamento ed il benessere.\"}\" data-sheets-userformat=\"{\"2\":15297,\"3\":{\"1\":0},\"9\":0,\"10\":2,\"11\":0,\"12\":0,\"14\":{\"1\":2,\"2\":0},\"15\":\"Calibri\",\"16\":11}\">5)AROMATISIERUNG UND CHARAKTERISIERUNG EINES HEISSEN BADES &#8211; In einer normalen Badewanne oder einem Whirlpool. Geben Sie 6-8 Tropfen Synergy in eine Handvoll Bittersalz (oder mehr Bittersalz, je nachdem, ob Sie das Bad auch entw\u00e4ssernd und gewebeentschlackend gestalten wollen) und verteilen Sie sie im Wasser.<br \/>\n<\/span><\/p>\n<p><span data-sheets-value=\"{\"1\":2,\"2\":\"Una sinergia dal profumo balsamico e resinoso. Favorisce la concentrazione radicandoti profondamente in te stesso.\\nPuoi utilizzare le 5 sinergie olfattive Microcosmo per:\\n1) AROMATIZZARE GLI AMBIENTI - Metti un p\u00f2 d'acqua e qualche goccia della Sinergia scelta nel diffusore di essenze (Fornelletto in terracotta Microcosmo). Sfrutta la capacit\u00e0 dell'unione dei 4 elementi fuoco, terra, acqua e aria per aromatizzare l'ambiente e donare al tuo centro una qualit\u00e0 in pi\u00f9 di benessere.\\n2)AROMATIZZARE E CARATTERIZZARE UN OLIO O UNA CREMA BASE - Scegli insieme alla tua cliente la Sinergia pi\u00f9 indicata per lei. Aggiungi la sinergia scelta ad una Crema Massaggio base o ad un olio vegetale per creare un prodotto da massaggio specifico. In questo modo offri un viaggio di profumi e messaggi della natura, insieme al tocco e alla cura esperta delle tua mani. Dosaggi: 2-3% di sinergia nel veicolo che hai scelto (Olio Vegetale o Crema Base). 20 gocce equivalgono circa ad 1 ml., quindi puoi aggiungere circa 40-50 gocce in 100 ml. (in una porzione di crema o olio vegetale dedicato ad un massaggio corpo \u00e8 consigliabile aggiungere circa 7-10 gocce di sinergia)\\n3)AROMATIZZARE E CARATTERIZZARE UNO SCRUB CORPO - Componi uno scrub corpo personalizzato con i Sali di Epsom scegliendo l'olio vegetale pi\u00f9 indicato e facendo scegliere alla tua cliente una tra le sinergie di O.E. Unisci circa 4-5 cucchiai di Sali di Epsom, circa 7-10 gocce di Sinergia e Olio Vegetale q.b.\\n4)AROMATIZZARE E CARATTERIZZARE UN PEDILUVIO - In questo modo dai ancora pi\u00f9 valore a questo splndido gesto di cura riconoscendone cos\u00ec la sua importanza. Per fare questo aggiungi 3-4 gocce di Sinergia in un pugno di Sali di Epsom e solubilizzali nell'acqua del pediluvio.\\n5)AROMATIZZARE E CARATTERIZZARE UN BAGNO CALDO - In vasca normale o idromassaggio. Aggiungi 6-8 gocce di Sinergia in un pugno di Sali di Epsom (o pi\u00f9 Sali di Epsom a seconda che tu voglia rendere il bagno anche drenante e depurativo dei tessuti) e disperdili in acqua.\\n6)AROMATIZZARE E CARATTERIZZARE UN BAGNO DI VAPORE - Scegli insieme alla tua cliente la Sinergia pi\u00f9 indicata per lei e aggiungila nel bagno di vapore in quantit\u00e0 di circa 6-8 gocce. Le offrirai un viaggio di profumi che incentivano il rilassamento ed il benessere.\"}\" data-sheets-userformat=\"{\"2\":15297,\"3\":{\"1\":0},\"9\":0,\"10\":2,\"11\":0,\"12\":0,\"14\":{\"1\":2,\"2\":0},\"15\":\"Calibri\",\"16\":11}\">6)AROMATISIERUNG UND CHARAKTERISIERUNG EINES DAMPFBADES &#8211; W\u00e4hlen Sie gemeinsam mit Ihrer Kundin die f\u00fcr sie am besten geeignete Synergy aus und geben Sie sie in Mengen von etwa 6-8 Tropfen in das Dampfbad. Sie bieten ihr eine Duftreise an, die Entspannung und Wohlbefinden f\u00f6rdert.<\/span><\/p>\n","protected":false},"excerpt":{"rendered":"<p>Synergie von balsamischen und harzigen \u00e4therischen \u00d6len.<\/p>\n","protected":false},"featured_media":57882,"template":"","meta":{"_acf_changed":false},"product_brand":[],"product_cat":[2314,12980],"product_tag":[4260,525,4305,4307,4261,4308,488,4309,4310,519,4306,2319,4265],"class_list":{"0":"post-46127","1":"product","2":"type-product","3":"status-publish","4":"has-post-thumbnail","6":"product_cat-essenzen","7":"product_cat-mikrokosmos","8":"product_tag-essenz","9":"product_tag-eukalyptus","10":"product_tag-muskatnuss-de","11":"product_tag-muskatnuss-de-2","12":"product_tag-ole","13":"product_tag-prasenz","14":"product_tag-rosmarin","15":"product_tag-synergie-de","16":"product_tag-vetyver-de","17":"product_tag-wacholder","18":"product_tag-walnuss","19":"product_tag-wesentlich","20":"product_tag-wesentliches","21":"pa_formato-10ml-de","22":"pa_formato-30ml-de","24":"first","25":"instock","26":"taxable","27":"shipping-taxable","28":"purchasable","29":"product-type-variable"},"acf":[],"jetpack_sharing_enabled":true,"_links":{"self":[{"href":"https:\/\/cndestetik.ch\/de\/wp-json\/wp\/v2\/product\/46127","targetHints":{"allow":["GET"]}}],"collection":[{"href":"https:\/\/cndestetik.ch\/de\/wp-json\/wp\/v2\/product"}],"about":[{"href":"https:\/\/cndestetik.ch\/de\/wp-json\/wp\/v2\/types\/product"}],"wp:featuredmedia":[{"embeddable":true,"href":"https:\/\/cndestetik.ch\/de\/wp-json\/wp\/v2\/media\/57882"}],"wp:attachment":[{"href":"https:\/\/cndestetik.ch\/de\/wp-json\/wp\/v2\/media?parent=46127"}],"wp:term":[{"taxonomy":"product_brand","embeddable":true,"href":"https:\/\/cndestetik.ch\/de\/wp-json\/wp\/v2\/product_brand?post=46127"},{"taxonomy":"product_cat","embeddable":true,"href":"https:\/\/cndestetik.ch\/de\/wp-json\/wp\/v2\/product_cat?post=46127"},{"taxonomy":"product_tag","embeddable":true,"href":"https:\/\/cndestetik.ch\/de\/wp-json\/wp\/v2\/product_tag?post=46127"}],"curies":[{"name":"wp","href":"https:\/\/api.w.org\/{rel}","templated":true}]}}