{"id":46118,"date":"2022-06-15T17:01:22","date_gmt":"2022-06-15T15:01:22","guid":{"rendered":"https:\/\/ticinoweb01.jcloud.ik-server.com\/cndestetik\/prodotto\/weisser-raku-anhaenger-fuer-aetherische-oele\/"},"modified":"2023-07-19T16:03:04","modified_gmt":"2023-07-19T14:03:04","slug":"anhanger-in-raku-weis-fur-den-bedarf","status":"publish","type":"product","link":"https:\/\/cndestetik.ch\/de\/prodotto\/anhanger-in-raku-weis-fur-den-bedarf\/","title":{"rendered":"Wei\u00dfer Raku-Anh\u00e4nger f\u00fcr \u00e4therische \u00d6le"},"content":{"rendered":"<p>Aromatherapie-Anh\u00e4nger zum st\u00e4ndigen Mitf\u00fchren. Ein kleines Schmuckst\u00fcck aus Keramik, in das Sie ein St\u00fcck Papier einlegen k\u00f6nnen, um es mit dem \u00e4therischen \u00d6l zu befeuchten, das Sie am liebsten oder am meisten brauchen.<\/p>\n<p>Tolle Geschenkidee, ideal f\u00fcr die Weihnachtszeit.<\/p>\n<p>Ideal f\u00fcr alle, die einen Ausgleich brauchen!<\/p>\n","protected":false},"excerpt":{"rendered":"<p>Aromatherapie-Anh\u00e4nger zum st\u00e4ndigen Mitf\u00fchren.<\/p>\n","protected":false},"featured_media":46049,"template":"","meta":{"_acf_changed":false},"product_brand":[],"product_cat":[8511],"product_tag":[4290,4289,508,2323,4260,409,4243,4251,4291],"class_list":{"0":"post-46118","1":"product","2":"type-product","3":"status-publish","4":"has-post-thumbnail","6":"product_cat-letzte-stucke","7":"product_tag-anhanger","8":"product_tag-aromatherapie-de-2","9":"product_tag-atherische-ole","10":"product_tag-atherisches-ol-de","11":"product_tag-essenz","12":"product_tag-essenzen","13":"product_tag-keramik","14":"product_tag-raku-de","15":"product_tag-raku-anhanger","17":"first","18":"instock","19":"taxable","20":"shipping-taxable","21":"purchasable","22":"product-type-simple"},"acf":[],"jetpack_sharing_enabled":true,"_links":{"self":[{"href":"https:\/\/cndestetik.ch\/de\/wp-json\/wp\/v2\/product\/46118","targetHints":{"allow":["GET"]}}],"collection":[{"href":"https:\/\/cndestetik.ch\/de\/wp-json\/wp\/v2\/product"}],"about":[{"href":"https:\/\/cndestetik.ch\/de\/wp-json\/wp\/v2\/types\/product"}],"wp:featuredmedia":[{"embeddable":true,"href":"https:\/\/cndestetik.ch\/de\/wp-json\/wp\/v2\/media\/46049"}],"wp:attachment":[{"href":"https:\/\/cndestetik.ch\/de\/wp-json\/wp\/v2\/media?parent=46118"}],"wp:term":[{"taxonomy":"product_brand","embeddable":true,"href":"https:\/\/cndestetik.ch\/de\/wp-json\/wp\/v2\/product_brand?post=46118"},{"taxonomy":"product_cat","embeddable":true,"href":"https:\/\/cndestetik.ch\/de\/wp-json\/wp\/v2\/product_cat?post=46118"},{"taxonomy":"product_tag","embeddable":true,"href":"https:\/\/cndestetik.ch\/de\/wp-json\/wp\/v2\/product_tag?post=46118"}],"curies":[{"name":"wp","href":"https:\/\/api.w.org\/{rel}","templated":true}]}}