{"id":46101,"date":"2022-06-20T13:08:59","date_gmt":"2022-06-20T11:08:59","guid":{"rendered":"https:\/\/ticinoweb01.jcloud.ik-server.com\/cndestetik\/prodotto\/mini-aromatherapie-diffusor-aus-holz\/"},"modified":"2025-01-23T08:44:10","modified_gmt":"2025-01-23T07:44:10","slug":"mini-diffusor-in-holz-fur-aromatherapie","status":"publish","type":"product","link":"https:\/\/cndestetik.ch\/de\/prodotto\/mini-diffusor-in-holz-fur-aromatherapie\/","title":{"rendered":"Mini-Aromatherapie-Diffusor aus Holz"},"content":{"rendered":"<p><span data-sheets-value=\"{\"1\":2,\"2\":\"Accessorio indispensabile per chi vuole portare con se facilmente le proprie essenze.\\nNell'apposita mini bottiglia in vetro inserisci la tua essenza preferita o la tua sinergia preferita, avvita il tappo e il gioco \u00e8 fatto. L'essenza, molecola volatile, impregner\u00e0 il legno e diffonder\u00e0 nel tempo tutte le sue caratteristiche e pregi.\\nMolto utile in macchina al posto dei profumatori chimici oppure nei piccoli ambienti (come il bagno o l'interno degli armadi); da tenere sulla scrivania o sul comodino.\\nOttimo anche come idea regalo!\"}\" data-sheets-userformat=\"{\"2\":15297,\"3\":{\"1\":0},\"9\":0,\"10\":2,\"11\":0,\"12\":0,\"14\":{\"1\":2,\"2\":0},\"15\":\"Calibri\",\"16\":11}\"><br \/>\nEin unverzichtbares Accessoire f\u00fcr alle, die ihre Essenzen einfach mitnehmen m\u00f6chten. In die Mini-Glasflasche legen Sie Ihre Lieblingsessenz oder -synergie, schrauben den Deckel auf und fertig.<\/p>\n<p>Die Essenz, ein fl\u00fcchtiges Molek\u00fcl, wird das Holz impr\u00e4gnieren und all seine Eigenschaften und Qualit\u00e4ten im Laufe der Zeit verbreiten. Sehr n\u00fctzlich im Auto anstelle von chemischen Parf\u00fcms oder in kleinen R\u00e4umen (wie dem Badezimmer oder dem Inneren von Kleiderschr\u00e4nken); stellen Sie es auf Ihren Schreibtisch oder Nachttisch. Auch eine tolle Geschenkidee! <\/span><\/p>\n","protected":false},"excerpt":{"rendered":"<p>Kleiner Beh\u00e4lter f\u00fcr \u00e4therische \u00d6le oder Synergien.<\/p>\n","protected":false},"featured_media":54356,"template":"","meta":{"_acf_changed":false},"product_brand":[],"product_cat":[2314,8511,12980],"product_tag":[2330,2333,508,2323,4264,4260,4261,2319,4265],"class_list":{"0":"post-46101","1":"product","2":"type-product","3":"status-publish","4":"has-post-thumbnail","6":"product_cat-essenzen","7":"product_cat-letzte-stucke","8":"product_cat-mikrokosmos","9":"product_tag-aroma-de","10":"product_tag-aromatherapie-de","11":"product_tag-atherische-ole","12":"product_tag-atherisches-ol-de","13":"product_tag-diffusor","14":"product_tag-essenz","15":"product_tag-ole","16":"product_tag-wesentlich","17":"product_tag-wesentliches","19":"first","20":"instock","21":"taxable","22":"shipping-taxable","23":"purchasable","24":"product-type-simple"},"acf":[],"jetpack_sharing_enabled":true,"_links":{"self":[{"href":"https:\/\/cndestetik.ch\/de\/wp-json\/wp\/v2\/product\/46101","targetHints":{"allow":["GET"]}}],"collection":[{"href":"https:\/\/cndestetik.ch\/de\/wp-json\/wp\/v2\/product"}],"about":[{"href":"https:\/\/cndestetik.ch\/de\/wp-json\/wp\/v2\/types\/product"}],"wp:featuredmedia":[{"embeddable":true,"href":"https:\/\/cndestetik.ch\/de\/wp-json\/wp\/v2\/media\/54356"}],"wp:attachment":[{"href":"https:\/\/cndestetik.ch\/de\/wp-json\/wp\/v2\/media?parent=46101"}],"wp:term":[{"taxonomy":"product_brand","embeddable":true,"href":"https:\/\/cndestetik.ch\/de\/wp-json\/wp\/v2\/product_brand?post=46101"},{"taxonomy":"product_cat","embeddable":true,"href":"https:\/\/cndestetik.ch\/de\/wp-json\/wp\/v2\/product_cat?post=46101"},{"taxonomy":"product_tag","embeddable":true,"href":"https:\/\/cndestetik.ch\/de\/wp-json\/wp\/v2\/product_tag?post=46101"}],"curies":[{"name":"wp","href":"https:\/\/api.w.org\/{rel}","templated":true}]}}