{"id":46092,"date":"2022-06-20T14:18:49","date_gmt":"2022-06-20T12:18:49","guid":{"rendered":"https:\/\/ticinoweb01.jcloud.ik-server.com\/cndestetik\/prodotto\/aetherisches-minzoel\/"},"modified":"2025-01-23T09:16:55","modified_gmt":"2025-01-23T08:16:55","slug":"ol-essentielle-minze-2","status":"publish","type":"product","link":"https:\/\/cndestetik.ch\/de\/prodotto\/ol-essentielle-minze-2\/","title":{"rendered":"\u00c4therisches Minz\u00f6l"},"content":{"rendered":"<p><span data-sheets-value=\"{\"1\":2,\"2\":\"Nota di Testa. Rinfrescante - rigenerante - dona chiarezza mentale e forza di spirito - adatto a chi tende a farsi travolgere dalla passione - aiuta a superare il senso di inferiorit\u00e0.\\nAzioni: disintossicante cutaneo - antinfiammatorio - antisettico - rinfrescante - antimicotico - analgesico cutaneo - mucolitico - antispasmodico gastrointestinale\\nAdatto in caso di: dermatiti e psoriasi - massaggio su gambe stanche e pesanti - massaggio rinfrescante (estate) - massaggio al petto e alla parte alta della schiena in caso di congestione nasale e tosse - dolori muscolari (caldi) - prurito - in diffusione per risanare l'ambiente - anestetico su punture di zanzara e insetti.\\n\\nGli oli essenziali vengono estratti da parti specifiche di piante aromatiche dette essenziere. L'estrazione viene per lo pi\u00f9 fatta con il metodo della distillazione in corrente di vapore, ottenuta tramite appositi distillatori. Con essa si riescono a raccogliere le molecole pi\u00f9 volatili e lipofile della pianta\\n-Gli oli essenziali non vanno applicati puri sulla pelle poich\u00e9 possono provocare effetti collaterali, quali irritazioni cutanee, allergie e vere e proprie macchie sulla pelle. E' quindi necessario diluirli sempre in sostanze vettrici come oli base, creme, saponi etc.\\n-Non utilizzarli in trattamenti di donne in gravidanza. Gli O.E. di agrumi (come arancio amaro, bergamotto e limone) contengono sostanze fotosensibilizzanti, non vanno utilizzati prima dell'esposizione al sole. Tenere gli O.E. fuori dalla portata dei bambini. Per escludere eventuali reazioni allergiche, peraltro molto rare, la prima volta che utilizzate un olio essenziale fate una prova con una goccia sull'incavo del gomito. Nel giro di un minuto se non si manifesta nessuna reazione allora potrete usarlo con tranquillit\u00e0 (sempre nelle diluizioni consigliate)\\n-Noce moscata, Salvia, Rosmarino e Timo sono controindicati in caso di epilessia.\"}\" data-sheets-userformat=\"{\"2\":15297,\"3\":{\"1\":0},\"9\":0,\"10\":2,\"11\":0,\"12\":0,\"14\":{\"1\":2,\"2\":0},\"15\":\"Calibri\",\"16\":11}\">Obere Note. Erfrischend &#8211; regenerierend &#8211; gibt geistige Klarheit und St\u00e4rke &#8211; geeignet f\u00fcr Menschen, die dazu neigen, sich von Leidenschaft \u00fcberw\u00e4ltigen zu lassen &#8211; hilft, Minderwertigkeitsgef\u00fchle zu \u00fcberwinden.<\/p>\n<p>Wirkungen: hautentgiftend &#8211; entz\u00fcndungshemmend &#8211; antiseptisch &#8211; erfrischend &#8211; antimykotisch &#8211; schmerzlindernd f\u00fcr die Haut &#8211; schleiml\u00f6send &#8211; krampfl\u00f6send f\u00fcr den Magen-Darm-Trakt Geeignet f\u00fcr: Dermatitis und Schuppenflechte &#8211; Massage bei m\u00fcden und schweren Beinen &#8211; erfrischende Massage (Sommer) &#8211; Massage der Brust und des oberen R\u00fcckens bei verstopfter Nase und Husten &#8211; Muskelschmerzen (hei\u00df) &#8211; Juckreiz &#8211; in Diffusion zur Heilung der Umgebung &#8211; Bet\u00e4ubung bei M\u00fccken- und Insektenstichen.<\/span><\/p>\n<p>\u00c4therische \u00d6le werden aus bestimmten Teilen aromatischer Pflanzen, den so genannten Essenzen, extrahiert. Die Extraktion erfolgt meist durch Wasserdampfdestillation in speziellen Destillierger\u00e4ten. Mit ihm k\u00f6nnen die fl\u00fcchtigsten und lipophilsten Molek\u00fcle der Pflanze gesammelt werden<\/p>\n<p><span data-sheets-value=\"{\"1\":2,\"2\":\"Nota di Testa. Rinfrescante - rigenerante - dona chiarezza mentale e forza di spirito - adatto a chi tende a farsi travolgere dalla passione - aiuta a superare il senso di inferiorit\u00e0.\\nAzioni: disintossicante cutaneo - antinfiammatorio - antisettico - rinfrescante - antimicotico - analgesico cutaneo - mucolitico - antispasmodico gastrointestinale\\nAdatto in caso di: dermatiti e psoriasi - massaggio su gambe stanche e pesanti - massaggio rinfrescante (estate) - massaggio al petto e alla parte alta della schiena in caso di congestione nasale e tosse - dolori muscolari (caldi) - prurito - in diffusione per risanare l'ambiente - anestetico su punture di zanzara e insetti.\\n\\nGli oli essenziali vengono estratti da parti specifiche di piante aromatiche dette essenziere. L'estrazione viene per lo pi\u00f9 fatta con il metodo della distillazione in corrente di vapore, ottenuta tramite appositi distillatori. Con essa si riescono a raccogliere le molecole pi\u00f9 volatili e lipofile della pianta\\n-Gli oli essenziali non vanno applicati puri sulla pelle poich\u00e9 possono provocare effetti collaterali, quali irritazioni cutanee, allergie e vere e proprie macchie sulla pelle. E' quindi necessario diluirli sempre in sostanze vettrici come oli base, creme, saponi etc.\\n-Non utilizzarli in trattamenti di donne in gravidanza. Gli O.E. di agrumi (come arancio amaro, bergamotto e limone) contengono sostanze fotosensibilizzanti, non vanno utilizzati prima dell'esposizione al sole. Tenere gli O.E. fuori dalla portata dei bambini. Per escludere eventuali reazioni allergiche, peraltro molto rare, la prima volta che utilizzate un olio essenziale fate una prova con una goccia sull'incavo del gomito. Nel giro di un minuto se non si manifesta nessuna reazione allora potrete usarlo con tranquillit\u00e0 (sempre nelle diluizioni consigliate)\\n-Noce moscata, Salvia, Rosmarino e Timo sono controindicati in caso di epilessia.\"}\" data-sheets-userformat=\"{\"2\":15297,\"3\":{\"1\":0},\"9\":0,\"10\":2,\"11\":0,\"12\":0,\"14\":{\"1\":2,\"2\":0},\"15\":\"Calibri\",\"16\":11}\">-\u00c4therische \u00d6le sollten nicht rein auf die Haut aufgetragen werden, da sie Nebenwirkungen wie Hautreizungen, Allergien und Flecken auf der Haut verursachen k\u00f6nnen. Es ist daher immer notwendig, sie in Vektorsubstanzen wie Basis\u00f6len, Cremes, Seifen usw. zu verd\u00fcnnen.<br \/>\n<\/span><\/p>\n<p><span data-sheets-value=\"{\"1\":2,\"2\":\"Nota di Testa. Rinfrescante - rigenerante - dona chiarezza mentale e forza di spirito - adatto a chi tende a farsi travolgere dalla passione - aiuta a superare il senso di inferiorit\u00e0.\\nAzioni: disintossicante cutaneo - antinfiammatorio - antisettico - rinfrescante - antimicotico - analgesico cutaneo - mucolitico - antispasmodico gastrointestinale\\nAdatto in caso di: dermatiti e psoriasi - massaggio su gambe stanche e pesanti - massaggio rinfrescante (estate) - massaggio al petto e alla parte alta della schiena in caso di congestione nasale e tosse - dolori muscolari (caldi) - prurito - in diffusione per risanare l'ambiente - anestetico su punture di zanzara e insetti.\\n\\nGli oli essenziali vengono estratti da parti specifiche di piante aromatiche dette essenziere. L'estrazione viene per lo pi\u00f9 fatta con il metodo della distillazione in corrente di vapore, ottenuta tramite appositi distillatori. Con essa si riescono a raccogliere le molecole pi\u00f9 volatili e lipofile della pianta\\n-Gli oli essenziali non vanno applicati puri sulla pelle poich\u00e9 possono provocare effetti collaterali, quali irritazioni cutanee, allergie e vere e proprie macchie sulla pelle. E' quindi necessario diluirli sempre in sostanze vettrici come oli base, creme, saponi etc.\\n-Non utilizzarli in trattamenti di donne in gravidanza. Gli O.E. di agrumi (come arancio amaro, bergamotto e limone) contengono sostanze fotosensibilizzanti, non vanno utilizzati prima dell'esposizione al sole. Tenere gli O.E. fuori dalla portata dei bambini. Per escludere eventuali reazioni allergiche, peraltro molto rare, la prima volta che utilizzate un olio essenziale fate una prova con una goccia sull'incavo del gomito. Nel giro di un minuto se non si manifesta nessuna reazione allora potrete usarlo con tranquillit\u00e0 (sempre nelle diluizioni consigliate)\\n-Noce moscata, Salvia, Rosmarino e Timo sono controindicati in caso di epilessia.\"}\" data-sheets-userformat=\"{\"2\":15297,\"3\":{\"1\":0},\"9\":0,\"10\":2,\"11\":0,\"12\":0,\"14\":{\"1\":2,\"2\":0},\"15\":\"Calibri\",\"16\":11}\">-Sie d\u00fcrfen nicht bei der Behandlung von Schwangeren eingesetzt werden. Zitrus-O.E. (wie Bitterorange, Bergamotte und Zitrone) enthalten photosensibilisierende Substanzen und sollten nicht vor der Sonneneinstrahlung verwendet werden. Bewahren Sie O.E. au\u00dferhalb der Reichweite von Kindern auf. Um m\u00f6gliche allergische Reaktionen auszuschlie\u00dfen, die sehr selten sind, sollten Sie bei der ersten Anwendung eines \u00e4therischen \u00d6ls einen Tropfen auf Ihre Ellenbeuge geben. Wenn innerhalb einer Minute keine Reaktion auftritt, k\u00f6nnen Sie es sicher verwenden (immer in der empfohlenen Verd\u00fcnnung)<br \/>\n<\/span><\/p>\n<p><span data-sheets-value=\"{\"1\":2,\"2\":\"Nota di Testa. Rinfrescante - rigenerante - dona chiarezza mentale e forza di spirito - adatto a chi tende a farsi travolgere dalla passione - aiuta a superare il senso di inferiorit\u00e0.\\nAzioni: disintossicante cutaneo - antinfiammatorio - antisettico - rinfrescante - antimicotico - analgesico cutaneo - mucolitico - antispasmodico gastrointestinale\\nAdatto in caso di: dermatiti e psoriasi - massaggio su gambe stanche e pesanti - massaggio rinfrescante (estate) - massaggio al petto e alla parte alta della schiena in caso di congestione nasale e tosse - dolori muscolari (caldi) - prurito - in diffusione per risanare l'ambiente - anestetico su punture di zanzara e insetti.\\n\\nGli oli essenziali vengono estratti da parti specifiche di piante aromatiche dette essenziere. L'estrazione viene per lo pi\u00f9 fatta con il metodo della distillazione in corrente di vapore, ottenuta tramite appositi distillatori. Con essa si riescono a raccogliere le molecole pi\u00f9 volatili e lipofile della pianta\\n-Gli oli essenziali non vanno applicati puri sulla pelle poich\u00e9 possono provocare effetti collaterali, quali irritazioni cutanee, allergie e vere e proprie macchie sulla pelle. E' quindi necessario diluirli sempre in sostanze vettrici come oli base, creme, saponi etc.\\n-Non utilizzarli in trattamenti di donne in gravidanza. Gli O.E. di agrumi (come arancio amaro, bergamotto e limone) contengono sostanze fotosensibilizzanti, non vanno utilizzati prima dell'esposizione al sole. Tenere gli O.E. fuori dalla portata dei bambini. Per escludere eventuali reazioni allergiche, peraltro molto rare, la prima volta che utilizzate un olio essenziale fate una prova con una goccia sull'incavo del gomito. Nel giro di un minuto se non si manifesta nessuna reazione allora potrete usarlo con tranquillit\u00e0 (sempre nelle diluizioni consigliate)\\n-Noce moscata, Salvia, Rosmarino e Timo sono controindicati in caso di epilessia.\"}\" data-sheets-userformat=\"{\"2\":15297,\"3\":{\"1\":0},\"9\":0,\"10\":2,\"11\":0,\"12\":0,\"14\":{\"1\":2,\"2\":0},\"15\":\"Calibri\",\"16\":11}\">-Muskatnuss, Salbei, Rosmarin und Thymian sind bei Epilepsie kontraindiziert.<\/span><\/p>\n","protected":false},"excerpt":{"rendered":"<p>\u00c4therisches Minz\u00f6l, erh\u00e4ltlich in zwei Gr\u00f6\u00dfen, 10 und 30 ml.<\/p>\n","protected":false},"featured_media":46027,"template":"","meta":{"_acf_changed":false},"product_brand":[],"product_cat":[2314,12980],"product_tag":[8394,4786,4260,501,2192,2319],"class_list":{"0":"post-46092","1":"product","2":"type-product","3":"status-publish","4":"has-post-thumbnail","6":"product_cat-essenzen","7":"product_cat-mikrokosmos","8":"product_tag-entzundungshemmend","9":"product_tag-erfrischend","10":"product_tag-essenz","11":"product_tag-minze","12":"product_tag-ol-de","13":"product_tag-wesentlich","14":"pa_formato-10ml-de","15":"pa_formato-30ml-de","17":"first","18":"instock","19":"taxable","20":"shipping-taxable","21":"purchasable","22":"product-type-variable","23":"has-default-attributes"},"acf":[],"jetpack_sharing_enabled":true,"_links":{"self":[{"href":"https:\/\/cndestetik.ch\/de\/wp-json\/wp\/v2\/product\/46092","targetHints":{"allow":["GET"]}}],"collection":[{"href":"https:\/\/cndestetik.ch\/de\/wp-json\/wp\/v2\/product"}],"about":[{"href":"https:\/\/cndestetik.ch\/de\/wp-json\/wp\/v2\/types\/product"}],"wp:featuredmedia":[{"embeddable":true,"href":"https:\/\/cndestetik.ch\/de\/wp-json\/wp\/v2\/media\/46027"}],"wp:attachment":[{"href":"https:\/\/cndestetik.ch\/de\/wp-json\/wp\/v2\/media?parent=46092"}],"wp:term":[{"taxonomy":"product_brand","embeddable":true,"href":"https:\/\/cndestetik.ch\/de\/wp-json\/wp\/v2\/product_brand?post=46092"},{"taxonomy":"product_cat","embeddable":true,"href":"https:\/\/cndestetik.ch\/de\/wp-json\/wp\/v2\/product_cat?post=46092"},{"taxonomy":"product_tag","embeddable":true,"href":"https:\/\/cndestetik.ch\/de\/wp-json\/wp\/v2\/product_tag?post=46092"}],"curies":[{"name":"wp","href":"https:\/\/api.w.org\/{rel}","templated":true}]}}