{"id":45883,"date":"2022-06-15T13:24:52","date_gmt":"2022-06-15T11:24:52","guid":{"rendered":"https:\/\/ticinoweb01.jcloud.ik-server.com\/cndestetik\/prodotto\/aloe-gel-abschwellend\/"},"modified":"2022-11-15T16:44:08","modified_gmt":"2022-11-15T15:44:08","slug":"gel-aloe-abschwellendes-mittel","status":"publish","type":"product","link":"https:\/\/cndestetik.ch\/de\/prodotto\/gel-aloe-abschwellendes-mittel\/","title":{"rendered":"Aloe Gel &#8211; Abschwellend"},"content":{"rendered":"<p><span data-sheets-value=\"{\"1\":2,\"2\":\"Con un'altissima concentrazione di Aloe Vera, risulta un ottimo lenitivo dopo l'esposizione al sole ed \u00e8 particolarmente indicato sulle scottature. E' un prodotto particolarmente fresco e idratante e sfiammante con un effetto immediato.\"}\" data-sheets-userformat=\"{\"2\":15299,\"3\":{\"1\":0},\"4\":{\"1\":2,\"2\":16777215},\"9\":0,\"10\":2,\"11\":0,\"12\":0,\"14\":{\"1\":2,\"2\":0},\"15\":\"Calibri\",\"16\":11}\">Mit einer sehr hohen Konzentration an Aloe Vera ist es ein ausgezeichnetes Beruhigungsmittel nach dem Sonnenbad und eignet sich besonders bei Sonnenbrand. Es ist ein besonders frisches und feuchtigkeitsspendendes Produkt mit Sofortwirkung.<\/span><\/p>\n<p>Ideal f\u00fcr die ganze Familie, vor allem f\u00fcr die Kleinen und diejenigen, die keine Creme- oder \u00d6lr\u00fcckst\u00e4nde auf ihrer Haut sp\u00fcren wollen!<\/p>\n<p>Gr\u00f6\u00dfe: 100ml<\/p>\n","protected":false},"excerpt":{"rendered":"<p>Beruhigendes After-Sun-Gel, ausgezeichnet bei Sonnenbrand.<\/p>\n","protected":false},"featured_media":45688,"template":"","meta":{"_acf_changed":false},"product_brand":[],"product_cat":[3300],"product_tag":[4161,552,4162,4081,1279,4111,4112,4163,4164],"class_list":{"0":"post-45883","1":"product","2":"type-product","3":"status-publish","4":"has-post-thumbnail","6":"product_cat-04-solari-de","7":"product_tag-abschwellendes-mittel","8":"product_tag-aloe-de","9":"product_tag-aloe-gel-de","10":"product_tag-cnd-de","11":"product_tag-gel-de","12":"product_tag-solar-de","13":"product_tag-solari-de","14":"product_tag-sonnenbrand","15":"product_tag-sonnenbrand-de","17":"first","18":"outofstock","19":"taxable","20":"shipping-taxable","21":"product-type-simple"},"acf":[],"jetpack_sharing_enabled":true,"_links":{"self":[{"href":"https:\/\/cndestetik.ch\/de\/wp-json\/wp\/v2\/product\/45883","targetHints":{"allow":["GET"]}}],"collection":[{"href":"https:\/\/cndestetik.ch\/de\/wp-json\/wp\/v2\/product"}],"about":[{"href":"https:\/\/cndestetik.ch\/de\/wp-json\/wp\/v2\/types\/product"}],"wp:featuredmedia":[{"embeddable":true,"href":"https:\/\/cndestetik.ch\/de\/wp-json\/wp\/v2\/media\/45688"}],"wp:attachment":[{"href":"https:\/\/cndestetik.ch\/de\/wp-json\/wp\/v2\/media?parent=45883"}],"wp:term":[{"taxonomy":"product_brand","embeddable":true,"href":"https:\/\/cndestetik.ch\/de\/wp-json\/wp\/v2\/product_brand?post=45883"},{"taxonomy":"product_cat","embeddable":true,"href":"https:\/\/cndestetik.ch\/de\/wp-json\/wp\/v2\/product_cat?post=45883"},{"taxonomy":"product_tag","embeddable":true,"href":"https:\/\/cndestetik.ch\/de\/wp-json\/wp\/v2\/product_tag?post=45883"}],"curies":[{"name":"wp","href":"https:\/\/api.w.org\/{rel}","templated":true}]}}