{"id":45875,"date":"2022-06-15T13:42:31","date_gmt":"2022-06-15T11:42:31","guid":{"rendered":"https:\/\/ticinoweb01.jcloud.ik-server.com\/cndestetik\/prodotto\/trockenoel-aftersun\/"},"modified":"2022-11-15T16:44:07","modified_gmt":"2022-11-15T15:44:07","slug":"ol-trocken-doposole","status":"publish","type":"product","link":"https:\/\/cndestetik.ch\/de\/prodotto\/ol-trocken-doposole\/","title":{"rendered":"Trocken\u00f6l &#8211; Aftersun"},"content":{"rendered":"<p><span data-sheets-value=\"{\"1\":2,\"2\":\"Illumina ed ammorbidisce la cute. Grazie all'Estratto Spagirico di Calendula \u00e8 un ottimo lenitivo, ideale per la pelle arrossata dai raggi solari. E' stato studiato per dare nutrimento senza ungere. Si pu\u00f2 applicare anche prima di entrare in piscina evitando di essere aggrediti dal cloro; adatto anche sui capelli.\"}\" data-sheets-userformat=\"{\"2\":15299,\"3\":{\"1\":0},\"4\":{\"1\":2,\"2\":16777215},\"9\":0,\"10\":2,\"11\":0,\"12\":0,\"14\":{\"1\":2,\"2\":0},\"15\":\"Calibri\",\"16\":11}\">Hellt die Haut auf und macht sie geschmeidig. Dank des spagyrischen Ringelblumenextrakts ist es ein hervorragender Hautberuhiger, ideal f\u00fcr von der Sonne ger\u00f6tete Haut. Sie ist so konzipiert, dass sie n\u00e4hrend wirkt, ohne zu fetten. Es kann auch vor dem Betreten des Schwimmbeckens aufgetragen werden, um einen Angriff des Chlors zu vermeiden; auch f\u00fcr die Haare geeignet.<\/span><\/p>\n<p>Seine Besonderheit ist, dass es ein Trocken\u00f6l ist, das die Haut nicht fettet und leicht von der Haut aufgenommen wird. Ausgezeichneter Hautaufheller.<\/p>\n<p>Gr\u00f6\u00dfe: 100ml<\/p>\n","protected":false},"excerpt":{"rendered":"<p>Beruhigendes Trocken\u00f6l, pflegt ohne zu fetten. Geeignet f\u00fcr ger\u00f6tete Haut nach Sonnenbrand.<\/p>\n","protected":false},"featured_media":45688,"template":"","meta":{"_acf_changed":false},"product_brand":[],"product_cat":[3300],"product_tag":[4148,569,4081,2192,4111,4112,4151],"class_list":{"0":"post-45875","1":"product","2":"type-product","3":"status-publish","4":"has-post-thumbnail","6":"product_cat-04-solari-de","7":"product_tag-after-sun","8":"product_tag-beruhigend","9":"product_tag-cnd-de","10":"product_tag-ol-de","11":"product_tag-solar-de","12":"product_tag-solari-de","13":"product_tag-trocken-de","15":"first","16":"outofstock","17":"taxable","18":"shipping-taxable","19":"purchasable","20":"product-type-simple"},"acf":[],"jetpack_sharing_enabled":true,"_links":{"self":[{"href":"https:\/\/cndestetik.ch\/de\/wp-json\/wp\/v2\/product\/45875","targetHints":{"allow":["GET"]}}],"collection":[{"href":"https:\/\/cndestetik.ch\/de\/wp-json\/wp\/v2\/product"}],"about":[{"href":"https:\/\/cndestetik.ch\/de\/wp-json\/wp\/v2\/types\/product"}],"wp:featuredmedia":[{"embeddable":true,"href":"https:\/\/cndestetik.ch\/de\/wp-json\/wp\/v2\/media\/45688"}],"wp:attachment":[{"href":"https:\/\/cndestetik.ch\/de\/wp-json\/wp\/v2\/media?parent=45875"}],"wp:term":[{"taxonomy":"product_brand","embeddable":true,"href":"https:\/\/cndestetik.ch\/de\/wp-json\/wp\/v2\/product_brand?post=45875"},{"taxonomy":"product_cat","embeddable":true,"href":"https:\/\/cndestetik.ch\/de\/wp-json\/wp\/v2\/product_cat?post=45875"},{"taxonomy":"product_tag","embeddable":true,"href":"https:\/\/cndestetik.ch\/de\/wp-json\/wp\/v2\/product_tag?post=45875"}],"curies":[{"name":"wp","href":"https:\/\/api.w.org\/{rel}","templated":true}]}}