{"id":45862,"date":"2022-06-15T14:13:45","date_gmt":"2022-06-15T12:13:45","guid":{"rendered":"https:\/\/ticinoweb01.jcloud.ik-server.com\/cndestetik\/prodotto\/sun-milk-gesicht-koerper\/"},"modified":"2023-04-04T13:04:38","modified_gmt":"2023-04-04T11:04:38","slug":"sonnenmilch-gesicht-korper","status":"publish","type":"product","link":"https:\/\/cndestetik.ch\/de\/prodotto\/sonnenmilch-gesicht-korper\/","title":{"rendered":"Sun Milk Gesicht K\u00f6rper"},"content":{"rendered":"<p><span data-sheets-value=\"{\"1\":2,\"2\":\"Indicato per pelli abituate al sole. Permette di ottenere un'abbronzatura rapida e luminosa, mantenendo la pelle morbida e idratata.\"}\" data-sheets-userformat=\"{\"2\":15299,\"3\":{\"1\":0},\"4\":{\"1\":2,\"2\":16777215},\"9\":0,\"10\":2,\"11\":0,\"12\":0,\"14\":{\"1\":2,\"2\":0},\"15\":\"Calibri\",\"16\":11}\">Sonnenmilch ist in zwei verschiedenen Schutzarten erh\u00e4ltlich.<\/span><\/p>\n<p>SPF 20: ideal f\u00fcr Haut, die bereits an die Sonne gew\u00f6hnt ist. Es erm\u00f6glicht eine schnelle und strahlende Br\u00e4une, w\u00e4hrend die Haut weich und mit Feuchtigkeit versorgt bleibt.<\/p>\n<p>SPF 50: f\u00fcr zarte, helle und sonnenempfindliche Haut. Es sch\u00fctzt die Haut, indem es hilft, Hautflecken zu verhindern. Es ist f\u00fcr erste Ausstellungen und f\u00fcr kleine Kinder geeignet.<\/p>\n<p><span data-sheets-value=\"{\"1\":2,\"2\":\"Indicato per pelli abituate al sole. Permette di ottenere un'abbronzatura rapida e luminosa, mantenendo la pelle morbida e idratata.\"}\" data-sheets-userformat=\"{\"2\":15299,\"3\":{\"1\":0},\"4\":{\"1\":2,\"2\":16777215},\"9\":0,\"10\":2,\"11\":0,\"12\":0,\"14\":{\"1\":2,\"2\":0},\"15\":\"Calibri\",\"16\":11}\">Beide haben eine Gr\u00f6\u00dfe von 100 ml.<\/span><\/p>\n<p>Die Microcosmo-Sonnenschutzmittel enthalten ausschlie\u00dflich physikalische Filter, d. h. kleine mineralische Partikel, die die Sonnenstrahlen reflektieren und verhindern, dass sie die Haut erreichen und verbrennen. Sie \u00fcberhitzen die Haut nicht, sie hinterlassen keine l\u00e4stigen Patina, sie sch\u00fctzen gr\u00fcndlich.<\/p>\n<p>Dar\u00fcber hinaus enthalten die Produkte spagyrische Extrakte der Calendula, die sonnengebunden ist, regeneriert und die Haut vor Alterung sch\u00fctzt.<\/p>\n","protected":false},"excerpt":{"rendered":"<p>Geeignet f\u00fcr sonnengew\u00f6hnte Haut oder f\u00fcr empfindlichere Haut.<\/p>\n","protected":false},"featured_media":54268,"template":"","meta":{"_acf_changed":false},"product_brand":[],"product_cat":[8511,3300],"product_tag":[757,2345,4136,4085,4134,4065,4111,4112,4107],"class_list":{"0":"post-45862","1":"product","2":"type-product","3":"status-publish","4":"has-post-thumbnail","6":"product_cat-letzte-stucke","7":"product_cat-04-solari-de","8":"product_tag-gesicht","9":"product_tag-korper","10":"product_tag-lichtschutzfaktor-20","11":"product_tag-lichtschutzfaktor-50","12":"product_tag-milch","13":"product_tag-schutz","14":"product_tag-solar-de","15":"product_tag-solari-de","16":"product_tag-spf-de","17":"pa_protezione-solare-spf-20-de","18":"pa_protezione-solare-spf-50-de","20":"first","21":"instock","22":"sale","23":"taxable","24":"shipping-taxable","25":"purchasable","26":"product-type-variable"},"acf":[],"jetpack_sharing_enabled":true,"_links":{"self":[{"href":"https:\/\/cndestetik.ch\/de\/wp-json\/wp\/v2\/product\/45862","targetHints":{"allow":["GET"]}}],"collection":[{"href":"https:\/\/cndestetik.ch\/de\/wp-json\/wp\/v2\/product"}],"about":[{"href":"https:\/\/cndestetik.ch\/de\/wp-json\/wp\/v2\/types\/product"}],"wp:featuredmedia":[{"embeddable":true,"href":"https:\/\/cndestetik.ch\/de\/wp-json\/wp\/v2\/media\/54268"}],"wp:attachment":[{"href":"https:\/\/cndestetik.ch\/de\/wp-json\/wp\/v2\/media?parent=45862"}],"wp:term":[{"taxonomy":"product_brand","embeddable":true,"href":"https:\/\/cndestetik.ch\/de\/wp-json\/wp\/v2\/product_brand?post=45862"},{"taxonomy":"product_cat","embeddable":true,"href":"https:\/\/cndestetik.ch\/de\/wp-json\/wp\/v2\/product_cat?post=45862"},{"taxonomy":"product_tag","embeddable":true,"href":"https:\/\/cndestetik.ch\/de\/wp-json\/wp\/v2\/product_tag?post=45862"}],"curies":[{"name":"wp","href":"https:\/\/api.w.org\/{rel}","templated":true}]}}