{"id":45857,"date":"2022-06-15T13:51:12","date_gmt":"2022-06-15T11:51:12","guid":{"rendered":"https:\/\/ticinoweb01.jcloud.ik-server.com\/cndestetik\/prodotto\/sonne-sesamoel-spf4\/"},"modified":"2023-03-23T14:04:56","modified_gmt":"2023-03-23T13:04:56","slug":"ol-same-solar-spf4","status":"publish","type":"product","link":"https:\/\/cndestetik.ch\/de\/prodotto\/ol-same-solar-spf4\/","title":{"rendered":"Sonne Sesam\u00f6l spf4"},"content":{"rendered":"<p><span data-sheets-value=\"{\"1\":2,\"2\":\"Ottenuto per spremitura a freddo dei semi della pianta Sesamum indicum. Per uso esterno l'olio di sesamo presenta ottime propriet\u00e0 emollienti, antiossidanti e seborestitutive. E' particolarmente raccomandato per pelli grasse, dalle quali viene assorbito con facilit\u00e0. Anche la medicina ayurvedica accorda grande importanza al sesamo, che viene usato per tutti i tipi di massaggi. Viene indicato anche come protezione solare (fattore di protezione 4). Ha un effetto \\\"riscaldante\\\", per questo stimola tutte le funzioni metaboliche del corpo ed \u00e8 adatto a tutti i trattamenti snellenti. Ha anche un effetto tranquilizzante e questo lo rende un ottimo olio per i massaggi ai neonati. Da usare su tutti i tipi di pelle, in particolare quella grassa o con psoriasi\/eczema; come protezione solare (fattore 4); nei trattamenti snellenti; per massaggi ai neonati\"}\" data-sheets-userformat=\"{\"2\":15299,\"3\":{\"1\":0},\"4\":{\"1\":2,\"2\":16777215},\"9\":0,\"10\":2,\"11\":0,\"12\":0,\"14\":{\"1\":2,\"2\":0},\"15\":\"Calibri\",\"16\":11}\">Es ist f\u00fcr dunkle oder bereits gebr\u00e4unte Haut geeignet und hat ausgezeichnete feuchtigkeitsspendende, antioxidative und lindernde Eigenschaften. Es verst\u00e4rkt die Br\u00e4une und verleiht Ausstrahlung. Hervorragend nach dem Sonnenbad.<\/span><\/p>\n<p>Sesam\u00f6l ist bereits von Natur aus mit LSF 4 angereichert, so dass es ideal f\u00fcr weniger sonnige Stunden oder zum Schutz der Haare ist.<\/p>\n<p>Verwenden Sie es bei Behandlungen vor und nach der Br\u00e4unung, um die Haut weich zu machen und sie auf die Br\u00e4unung vorzubereiten oder sie zu st\u00e4rken.<\/p>\n","protected":false},"excerpt":{"rendered":"<p>F\u00fcr alle Hauttypen als Sonnenschutz zu verwenden. Es hat ausgezeichnete weichmachende, antioxidative und talgregulierende Eigenschaften.<\/p>\n","protected":false},"featured_media":45688,"template":"","meta":{"_acf_changed":false},"product_brand":[],"product_cat":[3300],"product_tag":[4126,4131,2192,425,4111,4112,4113,4128],"class_list":{"0":"post-45857","1":"product","2":"type-product","3":"status-publish","4":"has-post-thumbnail","6":"product_cat-04-solari-de","7":"product_tag-beruhigend-de","8":"product_tag-beruhigend-de-2","9":"product_tag-ol-de","10":"product_tag-sesam","11":"product_tag-solar-de","12":"product_tag-solari-de","13":"product_tag-sonnenschein","14":"product_tag-sonnenschutzmittel","15":"pa_formato-100ml-de","16":"pa_formato-500ml-de","18":"first","19":"outofstock","20":"taxable","21":"shipping-taxable","22":"purchasable","23":"product-type-simple"},"acf":[],"jetpack_sharing_enabled":true,"_links":{"self":[{"href":"https:\/\/cndestetik.ch\/de\/wp-json\/wp\/v2\/product\/45857","targetHints":{"allow":["GET"]}}],"collection":[{"href":"https:\/\/cndestetik.ch\/de\/wp-json\/wp\/v2\/product"}],"about":[{"href":"https:\/\/cndestetik.ch\/de\/wp-json\/wp\/v2\/types\/product"}],"wp:featuredmedia":[{"embeddable":true,"href":"https:\/\/cndestetik.ch\/de\/wp-json\/wp\/v2\/media\/45688"}],"wp:attachment":[{"href":"https:\/\/cndestetik.ch\/de\/wp-json\/wp\/v2\/media?parent=45857"}],"wp:term":[{"taxonomy":"product_brand","embeddable":true,"href":"https:\/\/cndestetik.ch\/de\/wp-json\/wp\/v2\/product_brand?post=45857"},{"taxonomy":"product_cat","embeddable":true,"href":"https:\/\/cndestetik.ch\/de\/wp-json\/wp\/v2\/product_cat?post=45857"},{"taxonomy":"product_tag","embeddable":true,"href":"https:\/\/cndestetik.ch\/de\/wp-json\/wp\/v2\/product_tag?post=45857"}],"curies":[{"name":"wp","href":"https:\/\/api.w.org\/{rel}","templated":true}]}}