{"id":45848,"date":"2022-06-15T14:19:08","date_gmt":"2022-06-15T12:19:08","guid":{"rendered":"https:\/\/ticinoweb01.jcloud.ik-server.com\/cndestetik\/prodotto\/sonnenoel-gesicht-koerper-spf-40\/"},"modified":"2023-04-05T14:25:36","modified_gmt":"2023-04-05T12:25:36","slug":"oil-sun-face-body-spf-40","status":"publish","type":"product","link":"https:\/\/cndestetik.ch\/de\/prodotto\/oil-sun-face-body-spf-40\/","title":{"rendered":"Sonnen\u00f6l Gesicht K\u00f6rper Spf 40"},"content":{"rendered":"<p><span data-sheets-value=\"{\"1\":2,\"2\":\"Olio solare Viso Corpo Spf 40 - 100 ml.\"}\" data-sheets-userformat=\"{\"2\":14787,\"3\":{\"1\":0,\"3\":1},\"4\":{\"1\":2,\"2\":16777215},\"9\":0,\"10\":2,\"11\":0,\"14\":{\"1\":2,\"2\":0},\"15\":\"Calibri\",\"16\":11}\">F\u00fcr alle Hauttypen geeignet. Sie sch\u00fctzt die Haut und erm\u00f6glicht es Ihnen, allm\u00e4hlich eine nat\u00fcrliche Br\u00e4une zu erreichen.<\/span><\/p>\n<p>Das leicht aufzutragende Spray zieht schnell ein, n\u00e4hrt die Haut und sch\u00fctzt sie gleichzeitig. Es erm\u00f6glicht eine goldene Br\u00e4une.<\/p>\n<p><span data-sheets-value=\"{\"1\":2,\"2\":\"Olio solare Viso Corpo Spf 40 - 100 ml.\"}\" data-sheets-userformat=\"{\"2\":14787,\"3\":{\"1\":0,\"3\":1},\"4\":{\"1\":2,\"2\":16777215},\"9\":0,\"10\":2,\"11\":0,\"14\":{\"1\":2,\"2\":0},\"15\":\"Calibri\",\"16\":11}\">Gr\u00f6\u00dfe: 100 ml.<\/span><\/p>\n<div id=\":cb\" class=\"Ar Au Ao\">\n<div id=\":c7\" class=\"Am Al editable LW-avf tS-tW tS-tY\" role=\"textbox\" aria-label=\"Corpo del messaggio\">\n<p>Die Microcosmo-Sonnenschutzmittel enthalten ausschlie\u00dflich physikalische Filter, d. h. kleine mineralische Partikel, die die Sonnenstrahlen reflektieren und verhindern, dass sie die Haut erreichen und verbrennen. Sie \u00fcberhitzen die Haut nicht, sie hinterlassen keine l\u00e4stigen Patina, sie sch\u00fctzen gr\u00fcndlich.<\/p>\n<p>Dar\u00fcber hinaus enthalten die Produkte spagyrische Extrakte der Calendula, die sonnengebunden ist, regeneriert und die Haut vor Alterung sch\u00fctzt.<\/p>\n<\/div>\n<\/div>\n","protected":false},"excerpt":{"rendered":"<p>Es sch\u00fctzt die Haut und f\u00f6rdert eine nat\u00fcrliche Br\u00e4une.<\/p>\n","protected":false},"featured_media":54380,"template":"","meta":{"_acf_changed":false},"product_brand":[],"product_cat":[3300],"product_tag":[2095,4081,757,2345,4114,2192,4111,4112,4113,4107],"class_list":{"0":"post-45848","1":"product","2":"type-product","3":"status-publish","4":"has-post-thumbnail","6":"product_cat-04-solari-de","7":"product_tag-braunen-de","8":"product_tag-cnd-de","9":"product_tag-gesicht","10":"product_tag-korper","11":"product_tag-lichtschutzfaktor-40","12":"product_tag-ol-de","13":"product_tag-solar-de","14":"product_tag-solari-de","15":"product_tag-sonnenschein","16":"product_tag-spf-de","18":"first","19":"instock","20":"taxable","21":"shipping-taxable","22":"product-type-simple"},"acf":[],"jetpack_sharing_enabled":true,"_links":{"self":[{"href":"https:\/\/cndestetik.ch\/de\/wp-json\/wp\/v2\/product\/45848","targetHints":{"allow":["GET"]}}],"collection":[{"href":"https:\/\/cndestetik.ch\/de\/wp-json\/wp\/v2\/product"}],"about":[{"href":"https:\/\/cndestetik.ch\/de\/wp-json\/wp\/v2\/types\/product"}],"wp:featuredmedia":[{"embeddable":true,"href":"https:\/\/cndestetik.ch\/de\/wp-json\/wp\/v2\/media\/54380"}],"wp:attachment":[{"href":"https:\/\/cndestetik.ch\/de\/wp-json\/wp\/v2\/media?parent=45848"}],"wp:term":[{"taxonomy":"product_brand","embeddable":true,"href":"https:\/\/cndestetik.ch\/de\/wp-json\/wp\/v2\/product_brand?post=45848"},{"taxonomy":"product_cat","embeddable":true,"href":"https:\/\/cndestetik.ch\/de\/wp-json\/wp\/v2\/product_cat?post=45848"},{"taxonomy":"product_tag","embeddable":true,"href":"https:\/\/cndestetik.ch\/de\/wp-json\/wp\/v2\/product_tag?post=45848"}],"curies":[{"name":"wp","href":"https:\/\/api.w.org\/{rel}","templated":true}]}}