{"id":45842,"date":"2022-06-15T14:27:28","date_gmt":"2022-06-15T12:27:28","guid":{"rendered":"https:\/\/ticinoweb01.jcloud.ik-server.com\/cndestetik\/prodotto\/total-shield-creme-spf-50\/"},"modified":"2022-11-15T16:42:58","modified_gmt":"2022-11-15T15:42:58","slug":"creme-schild-total-spf-50","status":"publish","type":"product","link":"https:\/\/cndestetik.ch\/de\/prodotto\/creme-schild-total-spf-50\/","title":{"rendered":"Total Shield Creme Spf 50+"},"content":{"rendered":"<p><span data-sheets-value=\"{\"1\":2,\"2\":\"Grazie agli estratti di Calendula e Camomilla ha le stesse peculiarit\u00e0 rigenerative ed emollienti degli altri solari. La sua caratteristica \u00e8 quella di essere particolarmente coprente e protettiva nei confronti dei raggi solari. Per questo \u00e8 indicata sulle aree pi\u00f9 sensibili e delicate della cute come nei, macchie cutanee, tatuaggi, unghie con smalto semipermanente e non e zone di maggiore irritabilit\u00e0.\"}\" data-sheets-userformat=\"{\"2\":15299,\"3\":{\"1\":0},\"4\":{\"1\":2,\"2\":16777215},\"9\":0,\"10\":2,\"11\":0,\"12\":0,\"14\":{\"1\":2,\"2\":0},\"15\":\"Calibri\",\"16\":11}\">Dank Calendula- und Kamillenextrakten hat sie die gleichen regenerierenden und lindernden Eigenschaften wie andere Sonnenschutzmittel.  <\/span><\/p>\n<p><span data-sheets-value=\"{\"1\":2,\"2\":\"Grazie agli estratti di Calendula e Camomilla ha le stesse peculiarit\u00e0 rigenerative ed emollienti degli altri solari. La sua caratteristica \u00e8 quella di essere particolarmente coprente e protettiva nei confronti dei raggi solari. Per questo \u00e8 indicata sulle aree pi\u00f9 sensibili e delicate della cute come nei, macchie cutanee, tatuaggi, unghie con smalto semipermanente e non e zone di maggiore irritabilit\u00e0.\"}\" data-sheets-userformat=\"{\"2\":15299,\"3\":{\"1\":0},\"4\":{\"1\":2,\"2\":16777215},\"9\":0,\"10\":2,\"11\":0,\"12\":0,\"14\":{\"1\":2,\"2\":0},\"15\":\"Calibri\",\"16\":11}\">Es zeichnet sich dadurch aus, dass es besonders lichtundurchl\u00e4ssig ist und vor Sonneneinstrahlung sch\u00fctzt. Deshalb ist es an den empfindlichsten und sensibelsten Hautstellen wie Muttermalen, Hautflecken, T\u00e4towierungen, N\u00e4geln mit und ohne semi-permanenten Nagellack sowie an Stellen mit erh\u00f6hter Reizbarkeit angezeigt.<\/span><\/p>\n<p>Gr\u00f6\u00dfe: 20ml<\/p>\n<div id=\":cb\" class=\"Ar Au Ao\">\n<div id=\":c7\" class=\"Am Al editable LW-avf tS-tW tS-tY\" role=\"textbox\" aria-label=\"Corpo del messaggio\">\n<p>Die Microcosmo-Sonnenschutzmittel enthalten ausschlie\u00dflich physikalische Filter, d. h. kleine mineralische Partikel, die die Sonnenstrahlen reflektieren und verhindern, dass sie die Haut erreichen und verbrennen. Sie \u00fcberhitzen die Haut nicht, sie hinterlassen keine l\u00e4stigen Patina, sie sch\u00fctzen gr\u00fcndlich.<\/p>\n<p>Dar\u00fcber hinaus enthalten die Produkte spagyrische Extrakte der Calendula, die sonnengebunden ist, regeneriert und die Haut vor Alterung sch\u00fctzt.<\/p>\n<\/div>\n<\/div>\n","protected":false},"excerpt":{"rendered":"<p>Schutz f\u00fcr die empfindlichsten und sensibelsten Bereiche.<\/p>\n","protected":false},"featured_media":45688,"template":"","meta":{"_acf_changed":false},"product_brand":[],"product_cat":[3300],"product_tag":[4079,4081,3836,4083,4086,4085,4084,4065],"class_list":{"0":"post-45842","1":"product","2":"type-product","3":"status-publish","4":"has-post-thumbnail","6":"product_cat-04-solari-de","7":"product_tag-50-de","8":"product_tag-cnd-de","9":"product_tag-creme-de","10":"product_tag-cremeschild","11":"product_tag-insgesamt","12":"product_tag-lichtschutzfaktor-50","13":"product_tag-schild","14":"product_tag-schutz","16":"first","17":"outofstock","18":"taxable","19":"shipping-taxable","20":"product-type-simple"},"acf":[],"jetpack_sharing_enabled":true,"_links":{"self":[{"href":"https:\/\/cndestetik.ch\/de\/wp-json\/wp\/v2\/product\/45842","targetHints":{"allow":["GET"]}}],"collection":[{"href":"https:\/\/cndestetik.ch\/de\/wp-json\/wp\/v2\/product"}],"about":[{"href":"https:\/\/cndestetik.ch\/de\/wp-json\/wp\/v2\/types\/product"}],"wp:featuredmedia":[{"embeddable":true,"href":"https:\/\/cndestetik.ch\/de\/wp-json\/wp\/v2\/media\/45688"}],"wp:attachment":[{"href":"https:\/\/cndestetik.ch\/de\/wp-json\/wp\/v2\/media?parent=45842"}],"wp:term":[{"taxonomy":"product_brand","embeddable":true,"href":"https:\/\/cndestetik.ch\/de\/wp-json\/wp\/v2\/product_brand?post=45842"},{"taxonomy":"product_cat","embeddable":true,"href":"https:\/\/cndestetik.ch\/de\/wp-json\/wp\/v2\/product_cat?post=45842"},{"taxonomy":"product_tag","embeddable":true,"href":"https:\/\/cndestetik.ch\/de\/wp-json\/wp\/v2\/product_tag?post=45842"}],"curies":[{"name":"wp","href":"https:\/\/api.w.org\/{rel}","templated":true}]}}