{"id":45571,"date":"2022-06-20T16:11:30","date_gmt":"2022-06-20T14:11:30","guid":{"rendered":"https:\/\/ticinoweb01.jcloud.ik-server.com\/cndestetik\/prodotto\/pressotherapie-3in1\/"},"modified":"2025-01-23T09:33:07","modified_gmt":"2025-01-23T08:33:07","slug":"pressotherapie-3in1","status":"publish","type":"product","link":"https:\/\/cndestetik.ch\/de\/prodotto\/pressotherapie-3in1\/","title":{"rendered":"PRESSOTHERAPIE 3in1"},"content":{"rendered":"<p>PRESSOTHERAPIA 3IN1, ein einfach zu bedienendes, modernes und elegantes Ger\u00e4t, das 365 Tage im Jahr sehr beliebt ist!<\/p>\n<p>Seine Merkmale:<\/p>\n<p>DRUCKTHERAPIE (Entw\u00e4sserung und Entgiftung des K\u00f6rpers) -Einstellung der Behandlungsdauer -Einstellung der Aufblaszeit der einzelnen Abschnitte von 1&#8243; bis 15 &#8221; -3 Druckstufen f\u00fcr die Behandlung: minimal, mittel, maximal -10 Unabh\u00e4ngig einstellbare Luftausl\u00e4sse.<br \/>\n Es besteht die M\u00f6glichkeit, das Aufblasen eines oder mehrerer Abschnitte des &#8220;Anzugs&#8221; abzubrechen und nur mit den gew\u00fcnschten Abschnitten zu arbeiten. -4<\/p>\n<p> Voreingestellte Arbeitsmodi -Kleid: 2 Stiefel, 2 Leggings, 2 \u00c4rmel und Bauchband -Decke und Druckschl\u00e4uche THERMOTHERAPIE (Lipolyse, Dekontraktion) -5 Arbeitsbereiche<\/p>\n<p> Stiefel + Leggings (rechts), Stiefel + Leggings (links), rechter \u00c4rmel, linker \u00c4rmel, Bauchband -Einstellung der Behandlungsdauer -Temperatureinstellung: 35\u00b0C bis 65\u00b0C in 3\u00b0C-Schritten -Es besteht die M\u00f6glichkeit, den Betrieb einer oder mehrerer Sektionen abzubrechen <\/p>\n<p>ELEKTROSTIMULATION (Straffung, Muskelerholung) -Einstellung der Behandlungsdauer -5 Arbeitszonen -Einstellung der Impulsintensit\u00e4t f\u00fcr jeden Abschnitt: von 1 bis 15 -4 voreingestellte Arbeitsmodi -10 runde Elektroden: 6 gro\u00dfe\/4 kleine -10 elastische B\u00e4nder in verschiedenen Gr\u00f6\u00dfen -Es besteht die M\u00f6glichkeit, den Betrieb eines oder mehrerer Abschnitte abzubrechen TECHNISCHE EIGENSCHAFTEN L\u00e4nge 44 cm.<\/p>\n<p> \/ Breite 31 cm. <\/p>\n<p>\/ H\u00f6he 15 cm, Gewicht 28 kg, Leistung 350 W, Frequenz 50 Hz, Spannung 200-240 V<\/p>\n<p>Touchscreen-Anzeige und Parametersteuerung<\/p>\n","protected":false},"excerpt":{"rendered":"<p>Pressotherapie, Thermotherapie, Elektrostimulation&#8230; drei Technologien in einem Ger\u00e4t, einfach zu bedienen, sch\u00f6n anzusehen und platzsparend!<\/p>\n","protected":false},"featured_media":45295,"template":"","meta":{"_acf_changed":false},"product_brand":[],"product_cat":[12985],"product_tag":[4020,4019,4022,4021,4023,4024],"class_list":{"0":"post-45571","1":"product","2":"type-product","3":"status-publish","4":"has-post-thumbnail","6":"product_cat-body","7":"product_tag-elektrostimulation","8":"product_tag-entwasserung-de","9":"product_tag-lipolyse-de","10":"product_tag-lymphdrainage","11":"product_tag-pressoterpia-de","12":"product_tag-thermotherapie-de","14":"first","15":"instock","16":"taxable","17":"shipping-taxable","18":"purchasable","19":"product-type-simple"},"acf":[],"jetpack_sharing_enabled":true,"_links":{"self":[{"href":"https:\/\/cndestetik.ch\/de\/wp-json\/wp\/v2\/product\/45571","targetHints":{"allow":["GET"]}}],"collection":[{"href":"https:\/\/cndestetik.ch\/de\/wp-json\/wp\/v2\/product"}],"about":[{"href":"https:\/\/cndestetik.ch\/de\/wp-json\/wp\/v2\/types\/product"}],"wp:featuredmedia":[{"embeddable":true,"href":"https:\/\/cndestetik.ch\/de\/wp-json\/wp\/v2\/media\/45295"}],"wp:attachment":[{"href":"https:\/\/cndestetik.ch\/de\/wp-json\/wp\/v2\/media?parent=45571"}],"wp:term":[{"taxonomy":"product_brand","embeddable":true,"href":"https:\/\/cndestetik.ch\/de\/wp-json\/wp\/v2\/product_brand?post=45571"},{"taxonomy":"product_cat","embeddable":true,"href":"https:\/\/cndestetik.ch\/de\/wp-json\/wp\/v2\/product_cat?post=45571"},{"taxonomy":"product_tag","embeddable":true,"href":"https:\/\/cndestetik.ch\/de\/wp-json\/wp\/v2\/product_tag?post=45571"}],"curies":[{"name":"wp","href":"https:\/\/api.w.org\/{rel}","templated":true}]}}