{"id":45565,"date":"2022-06-20T16:53:52","date_gmt":"2022-06-20T14:53:52","guid":{"rendered":"https:\/\/ticinoweb01.jcloud.ik-server.com\/cndestetik\/prodotto\/faserlaser-evo\/"},"modified":"2022-11-15T16:50:05","modified_gmt":"2022-11-15T15:50:05","slug":"faser-laser-evo","status":"publish","type":"product","link":"https:\/\/cndestetik.ch\/de\/prodotto\/faser-laser-evo\/","title":{"rendered":"FASERLASER EVO"},"content":{"rendered":"<p>Der Fibra Laser Evo best\u00e4tigt sich erneut als der beste Haarentfernungslaser mit Lichtsignal\u00fcbertragungstechnologie durch Glasfaser. Der Glasfaserlaser erm\u00f6glicht eine konzentriertere Lichtemission in einem niedrigeren Winkel, so dass das Licht in seiner energetischen Spitze genau den Zielbereich der Haarzwiebeln erreicht.<\/p>\n<p>Der Fibra Laser Evo erm\u00f6glicht nicht nur Haarentfernungsbehandlungen, sondern bek\u00e4mpft auch die Zeichen der Zeit und die Belastung durch Umwelteinfl\u00fcsse. Dank des Software-Upgrades des Fibra Laser Evo ist es m\u00f6glich, die Energie bis in die tiefsten Hautschichten zu \u00fcbertragen und so auf sichere Weise W\u00e4rme f\u00fcr hervorragende Ergebnisse gegen die wichtigsten Zeichen der Hautalterung zu erzeugen. Der von der neuen Software gesteuerte Laserimpuls &#8220;zielt&#8221; nicht nur auf Melanin, sondern auch auf die an der Alterung beteiligten Hautstrukturen, die zur Kollagenproduktion angeregt werden.<\/p>\n<p>Innovatives Handst\u00fcck leichter und handlicher Fibra Laser Evo reduziert die Gr\u00f6\u00dfe und das Gewicht des Handst\u00fccks um weitere 25 Prozent im Vergleich zur Vorg\u00e4ngerversion. Dadurch wird nicht nur der Komfort des Patienten, sondern auch der des Bedieners gew\u00e4hrleistet. Die Technologie der faseroptischen Signal\u00fcbertragung erm\u00f6glicht es, die bisher im Handst\u00fcck befindliche Diodenkomponente direkt in die Zentraleinheit des Ger\u00e4ts zu verlegen. Dadurch wird das Handst\u00fcck tats\u00e4chlich leichter. Dar\u00fcber hinaus wird die hohe Energie mit einem geringeren Temperaturanstieg abgegeben, was eine maximale K\u00fchlung der Handst\u00fcckspitze erm\u00f6glicht und die Behandlung angenehmer macht.<\/p>\n<p><span class=\"JsGRdQ\">Niederspannungsger\u00e4t mit CE-Zulassung f\u00fcr kosmetische Zwecke<\/span><\/p>\n","protected":false},"excerpt":{"rendered":"<p>Der beste Laser zur Haarentfernung mit faseroptischer \u00dcbertragungstechnologie.<\/p>\n<p>Leichtes, pflegeleichtes Handst\u00fcck, ideal f\u00fcr alle Hauttypen. Hervorragende Ergebnisse in nur wenigen Sitzungen.<\/p>\n","protected":false},"featured_media":45359,"template":"","meta":{"_acf_changed":false},"product_brand":[],"product_cat":[1495],"product_tag":[3993,3992,3997,905,3995,1375,3994,3996],"class_list":{"0":"post-45565","1":"product","2":"type-product","3":"status-publish","4":"has-post-thumbnail","6":"product_cat-kosmetik","7":"product_tag-808-diode-de","8":"product_tag-abschied-von-den-haaren","9":"product_tag-diodenlaser","10":"product_tag-epilation","11":"product_tag-faserlaser","12":"product_tag-laser-de","13":"product_tag-laser-epilation-de","14":"product_tag-photorejuvenation-de","16":"first","17":"instock","18":"taxable","19":"shipping-taxable","20":"purchasable","21":"product-type-simple"},"acf":[],"jetpack_sharing_enabled":true,"_links":{"self":[{"href":"https:\/\/cndestetik.ch\/de\/wp-json\/wp\/v2\/product\/45565","targetHints":{"allow":["GET"]}}],"collection":[{"href":"https:\/\/cndestetik.ch\/de\/wp-json\/wp\/v2\/product"}],"about":[{"href":"https:\/\/cndestetik.ch\/de\/wp-json\/wp\/v2\/types\/product"}],"wp:featuredmedia":[{"embeddable":true,"href":"https:\/\/cndestetik.ch\/de\/wp-json\/wp\/v2\/media\/45359"}],"wp:attachment":[{"href":"https:\/\/cndestetik.ch\/de\/wp-json\/wp\/v2\/media?parent=45565"}],"wp:term":[{"taxonomy":"product_brand","embeddable":true,"href":"https:\/\/cndestetik.ch\/de\/wp-json\/wp\/v2\/product_brand?post=45565"},{"taxonomy":"product_cat","embeddable":true,"href":"https:\/\/cndestetik.ch\/de\/wp-json\/wp\/v2\/product_cat?post=45565"},{"taxonomy":"product_tag","embeddable":true,"href":"https:\/\/cndestetik.ch\/de\/wp-json\/wp\/v2\/product_tag?post=45565"}],"curies":[{"name":"wp","href":"https:\/\/api.w.org\/{rel}","templated":true}]}}