{"id":44924,"date":"2022-06-07T11:36:19","date_gmt":"2022-06-07T09:36:19","guid":{"rendered":"https:\/\/ticinoweb01.jcloud.ik-server.com\/cndestetik\/prodotto\/schlammtuch\/"},"modified":"2024-05-21T09:56:32","modified_gmt":"2024-05-21T07:56:32","slug":"schlammblatt","status":"publish","type":"product","link":"https:\/\/cndestetik.ch\/de\/prodotto\/schlammblatt\/","title":{"rendered":"Schlammtuch"},"content":{"rendered":"<p><span data-sheets-value=\"{\"1\":2,\"2\":\"Il nostro telo fango \u00e8 realizzato in materiale tecnico, studiato per avvolgere la persona durante i trattamenti fango, alghe, cioccolato, \u00e8 il sostituto ideale della plastica per un maggior comfort del cliente. Lavabile ad alte temperature 60% poliestere 40 % Cotone\"}\" data-sheets-userformat=\"{\"2\":15297,\"3\":{\"1\":0},\"9\":0,\"10\":2,\"11\":0,\"12\":0,\"14\":{\"1\":2,\"2\":0},\"15\":\"Calibri\",\"16\":11}\">Unser Schlammtuch besteht aus technischem Material, das dazu bestimmt ist, die Person w\u00e4hrend einer Schlamm-, Algen- oder Schokoladenbehandlung zu umh\u00fcllen; es ist der ideale Ersatz f\u00fcr Plastik, um den Komfort des Kunden zu erh\u00f6hen. Waschbar bei hohen Temperaturen.<\/span><\/p>\n<p>Die Kundin findet sich in einer weichen Umarmung wieder, anstatt in unbequemem, lautem Plastik verpackt zu sein. Au\u00dferdem l\u00e4sst das mikroperforierte System den Sauerstoff durch, so dass der Schlamm optimal wirken kann: Auf Wiedersehen, Schwei\u00df, der die Wirkstoffe nicht durchdringen l\u00e4sst!<\/p>\n<p><span data-sheets-value=\"{\"1\":2,\"2\":\"Il nostro telo fango \u00e8 realizzato in materiale tecnico, studiato per avvolgere la persona durante i trattamenti fango, alghe, cioccolato, \u00e8 il sostituto ideale della plastica per un maggior comfort del cliente. Lavabile ad alte temperature 60% poliestere 40 % Cotone\"}\" data-sheets-userformat=\"{\"2\":15297,\"3\":{\"1\":0},\"9\":0,\"10\":2,\"11\":0,\"12\":0,\"14\":{\"1\":2,\"2\":0},\"15\":\"Calibri\",\"16\":11}\">60 % Polyester und 40 % Baumwolle.<\/span><\/p>\n<p>Umweltfreundlich, Abfall und Plastik reduzieren, waschen und wiederverwenden, bis es zerst\u00f6rt ist!<\/p>\n<p>&nbsp;<\/p>\n","protected":false},"excerpt":{"rendered":"<p>Schlammtuch in zwei Gr\u00f6\u00dfen: klein (100 x 180 cm) und gro\u00df (205 x 225 cm).  <span data-sheets-value=\"{\"1\":2,\"2\":\"Il nostro telo fango \u00e8 realizzato in materiale tecnico, studiato per avvolgere la persona durante i trattamenti fango, alghe, cioccolato, \u00e8 il sostituto ideale della plastica per un maggior comfort del cliente. Lavabile ad alte temperature 60% poliestere 40 % Cotone\"}\" data-sheets-userformat=\"{\"2\":15297,\"3\":{\"1\":0},\"9\":0,\"10\":2,\"11\":0,\"12\":0,\"14\":{\"1\":2,\"2\":0},\"15\":\"Calibri\",\"16\":11}\">60 % Polyester und 40 % Baumwolle.<\/span><\/p>\n","protected":false},"featured_media":44718,"template":"","meta":{"_acf_changed":false},"product_brand":[],"product_cat":[3327,3330],"product_tag":[3783,3823,3821,3822],"class_list":{"0":"post-44924","1":"product","2":"type-product","3":"status-publish","4":"has-post-thumbnail","6":"product_cat-16-baumwolle","7":"product_cat-11-okologie","8":"product_tag-handtuch-de","9":"product_tag-korperbehandlungen-de","10":"product_tag-schlamm","11":"product_tag-schlammblech","12":"pa_dimensione-2-grose-blatter","13":"pa_dimensione-2-kleine-blatter","14":"pa_dimensione-3-grose-blatter","15":"pa_dimensione-3-klein-1-gros","16":"pa_dimensione-3-kleine-blatter","17":"pa_dimensione-groses-format","18":"pa_dimensione-kleine-grose","20":"first","21":"instock","22":"taxable","23":"shipping-taxable","24":"purchasable","25":"product-type-variable"},"acf":[],"jetpack_sharing_enabled":true,"_links":{"self":[{"href":"https:\/\/cndestetik.ch\/de\/wp-json\/wp\/v2\/product\/44924","targetHints":{"allow":["GET"]}}],"collection":[{"href":"https:\/\/cndestetik.ch\/de\/wp-json\/wp\/v2\/product"}],"about":[{"href":"https:\/\/cndestetik.ch\/de\/wp-json\/wp\/v2\/types\/product"}],"wp:featuredmedia":[{"embeddable":true,"href":"https:\/\/cndestetik.ch\/de\/wp-json\/wp\/v2\/media\/44718"}],"wp:attachment":[{"href":"https:\/\/cndestetik.ch\/de\/wp-json\/wp\/v2\/media?parent=44924"}],"wp:term":[{"taxonomy":"product_brand","embeddable":true,"href":"https:\/\/cndestetik.ch\/de\/wp-json\/wp\/v2\/product_brand?post=44924"},{"taxonomy":"product_cat","embeddable":true,"href":"https:\/\/cndestetik.ch\/de\/wp-json\/wp\/v2\/product_cat?post=44924"},{"taxonomy":"product_tag","embeddable":true,"href":"https:\/\/cndestetik.ch\/de\/wp-json\/wp\/v2\/product_tag?post=44924"}],"curies":[{"name":"wp","href":"https:\/\/api.w.org\/{rel}","templated":true}]}}