{"id":44912,"date":"2022-06-07T12:52:45","date_gmt":"2022-06-07T10:52:45","guid":{"rendered":"https:\/\/ticinoweb01.jcloud.ik-server.com\/cndestetik\/prodotto\/baumwollhandtuch-100x150\/"},"modified":"2023-11-17T09:15:33","modified_gmt":"2023-11-17T08:15:33","slug":"telo-in-cotone-100x150","status":"publish","type":"product","link":"https:\/\/cndestetik.ch\/de\/prodotto\/telo-in-cotone-100x150\/","title":{"rendered":"Baumwollhandtuch 100&#215;150"},"content":{"rendered":"<p><span data-sheets-value=\"{\"1\":2,\"2\":\"Cotone di alta qualit\u00e0 450 gr\/mq, il pi\u00f9 soffice ed accattivante, lavorazione a riccio singolo, ottima assorbenza e massima morbidezza\"}\" data-sheets-userformat=\"{\"2\":15297,\"3\":{\"1\":0},\"9\":0,\"10\":2,\"11\":0,\"12\":0,\"14\":{\"1\":2,\"2\":0},\"15\":\"Calibri\",\"16\":11}\">Hochwertige 450 g\/m\u00b2 Baumwolle, die weichste und attraktivste, einfarbige, einspurige Arbeit, hervorragende Saugf\u00e4higkeit und maximale Weichheit<\/span><\/p>\n<p>Ideal als Decke f\u00fcr den Kunden oder als Duschtuch.<\/p>\n<p>Abmessungen: 150 x 100 cm.<\/p>\n","protected":false},"excerpt":{"rendered":"<p>Blattgr\u00f6\u00dfe: 150 x 100. Reine Baumwolle. Erh\u00e4ltlich in verschiedenen Farben.<\/p>\n","protected":false},"featured_media":44645,"template":"","meta":{"_acf_changed":false},"product_brand":[],"product_cat":[3327],"product_tag":[3768,3836,3810,954,3783,11751,3771,8271],"class_list":{"0":"post-44912","1":"product","2":"type-product","3":"status-publish","4":"has-post-thumbnail","6":"product_cat-16-baumwolle","7":"product_tag-anthrazit","8":"product_tag-creme-de","9":"product_tag-dusche","10":"product_tag-duschhandtuch","11":"product_tag-handtuch-de","12":"product_tag-schokolade","13":"product_tag-turteltaube","14":"product_tag-weis-de","15":"pa_colore-anthrazit","16":"pa_colore-creme-de","17":"pa_colore-turteltaube","18":"pa_colore-weis","20":"first","21":"instock","22":"taxable","23":"shipping-taxable","24":"purchasable","25":"product-type-variable"},"acf":[],"jetpack_sharing_enabled":true,"_links":{"self":[{"href":"https:\/\/cndestetik.ch\/de\/wp-json\/wp\/v2\/product\/44912","targetHints":{"allow":["GET"]}}],"collection":[{"href":"https:\/\/cndestetik.ch\/de\/wp-json\/wp\/v2\/product"}],"about":[{"href":"https:\/\/cndestetik.ch\/de\/wp-json\/wp\/v2\/types\/product"}],"wp:featuredmedia":[{"embeddable":true,"href":"https:\/\/cndestetik.ch\/de\/wp-json\/wp\/v2\/media\/44645"}],"wp:attachment":[{"href":"https:\/\/cndestetik.ch\/de\/wp-json\/wp\/v2\/media?parent=44912"}],"wp:term":[{"taxonomy":"product_brand","embeddable":true,"href":"https:\/\/cndestetik.ch\/de\/wp-json\/wp\/v2\/product_brand?post=44912"},{"taxonomy":"product_cat","embeddable":true,"href":"https:\/\/cndestetik.ch\/de\/wp-json\/wp\/v2\/product_cat?post=44912"},{"taxonomy":"product_tag","embeddable":true,"href":"https:\/\/cndestetik.ch\/de\/wp-json\/wp\/v2\/product_tag?post=44912"}],"curies":[{"name":"wp","href":"https:\/\/api.w.org\/{rel}","templated":true}]}}