{"id":44896,"date":"2022-06-07T13:12:39","date_gmt":"2022-06-07T11:12:39","guid":{"rendered":"https:\/\/ticinoweb01.jcloud.ik-server.com\/cndestetik\/prodotto\/well-soft-blanket\/"},"modified":"2023-11-17T08:51:29","modified_gmt":"2023-11-17T07:51:29","slug":"decke-well-weich","status":"publish","type":"product","link":"https:\/\/cndestetik.ch\/de\/prodotto\/decke-well-weich\/","title":{"rendered":"Well Soft Blanket"},"content":{"rendered":"<p><span data-sheets-value=\"{\"1\":2,\"2\":\"Calda coperta dalla massima morbidezza con trattamento antipilling, disponibile bianca o colorata.\"}\" data-sheets-userformat=\"{\"2\":15297,\"3\":{\"1\":0},\"9\":0,\"10\":2,\"11\":0,\"12\":0,\"14\":{\"1\":2,\"2\":0},\"15\":\"Calibri\",\"16\":11}\">Warme, weiche Decke mit Anti-Pilling-Behandlung, in verschiedenen Farben erh\u00e4ltlich.<\/span><\/p>\n<p>Ideal f\u00fcr alle Winterbehandlungen, um Ihre Kundin zuzudecken und sie in eine warme Umarmung zu h\u00fcllen.<\/p>\n<p>Das integrierte System h\u00e4lt die W\u00e4rme im Haus und sorgt f\u00fcr eine angenehme W\u00e4rme.<\/p>\n<p>Abmessungen: 130 x 170<\/p>\n","protected":false},"excerpt":{"rendered":"<p>Well Soft-Decke in drei verschiedenen Farben: schokoladenfarben, anthrazit und taubengrau. Abmessungen: 130 x 170.<\/p>\n","protected":false},"featured_media":44711,"template":"","meta":{"_acf_changed":false},"product_brand":[],"product_cat":[3327],"product_tag":[3768,1666,3836,3805,11751,3806,3771,3807],"class_list":{"0":"post-44896","1":"product","2":"type-product","3":"status-publish","4":"has-post-thumbnail","6":"product_cat-16-baumwolle","7":"product_tag-anthrazit","8":"product_tag-baumwolle","9":"product_tag-creme-de","10":"product_tag-decke","11":"product_tag-schokolade","12":"product_tag-schon-weich","13":"product_tag-turteltaube","14":"product_tag-wellsoft-de","15":"pa_colore-anthrazit","16":"pa_colore-creme-de","17":"pa_colore-turteltaube","19":"first","20":"instock","21":"taxable","22":"shipping-taxable","23":"purchasable","24":"product-type-variable"},"acf":[],"jetpack_sharing_enabled":true,"_links":{"self":[{"href":"https:\/\/cndestetik.ch\/de\/wp-json\/wp\/v2\/product\/44896","targetHints":{"allow":["GET"]}}],"collection":[{"href":"https:\/\/cndestetik.ch\/de\/wp-json\/wp\/v2\/product"}],"about":[{"href":"https:\/\/cndestetik.ch\/de\/wp-json\/wp\/v2\/types\/product"}],"wp:featuredmedia":[{"embeddable":true,"href":"https:\/\/cndestetik.ch\/de\/wp-json\/wp\/v2\/media\/44711"}],"wp:attachment":[{"href":"https:\/\/cndestetik.ch\/de\/wp-json\/wp\/v2\/media?parent=44896"}],"wp:term":[{"taxonomy":"product_brand","embeddable":true,"href":"https:\/\/cndestetik.ch\/de\/wp-json\/wp\/v2\/product_brand?post=44896"},{"taxonomy":"product_cat","embeddable":true,"href":"https:\/\/cndestetik.ch\/de\/wp-json\/wp\/v2\/product_cat?post=44896"},{"taxonomy":"product_tag","embeddable":true,"href":"https:\/\/cndestetik.ch\/de\/wp-json\/wp\/v2\/product_tag?post=44896"}],"curies":[{"name":"wp","href":"https:\/\/api.w.org\/{rel}","templated":true}]}}