{"id":44831,"date":"2022-06-07T13:55:40","date_gmt":"2022-06-07T11:55:40","guid":{"rendered":"https:\/\/ticinoweb01.jcloud.ik-server.com\/cndestetik\/prodotto\/kinderbettlaken-aus-baumwolle-100x220\/"},"modified":"2023-08-02T10:29:26","modified_gmt":"2023-08-02T08:29:26","slug":"telo-lettino-in-cotone-100x220","status":"publish","type":"product","link":"https:\/\/cndestetik.ch\/de\/prodotto\/telo-lettino-in-cotone-100x220\/","title":{"rendered":"Kinderbettlaken aus Baumwolle 100&#215;220"},"content":{"rendered":"<p><span data-sheets-value=\"{\"1\":2,\"2\":\"Cotone di alta qualit\u00e0 450 gr\/mq, il pi\u00f9 soffice ed accattivante, lavorazione a riccio singolo, ottima assorbenza e massima morbidezza\"}\" data-sheets-userformat=\"{\"2\":6659,\"3\":{\"1\":0},\"4\":{\"1\":2,\"2\":16777215},\"12\":0,\"14\":{\"1\":2,\"2\":0},\"15\":\"Calibri\"}\">Hochwertige 450 g\/m\u00b2 Baumwolle, die weichste und attraktivste, einfach gekr\u00e4uselte Verarbeitung, hervorragende Saugf\u00e4higkeit und maximale Weichheit.<\/span><\/p>\n<p>Sie deckt das gesamte Kinderbett ab. N\u00fctzlich f\u00fcr das Abdecken von \u00fcbergro\u00dfen Kinderbetten (wo es nicht m\u00f6glich ist, die Kinderbettdecke mit Gummizug zu verwenden) oder zum vollst\u00e4ndigen Abdecken des Kunden.<\/p>\n<p>Abmessungen: 100 x 220<\/p>\n","protected":false},"excerpt":{"rendered":"<p>Bettlaken 100 x 220. 100% reine Baumwolle.<\/p>\n","protected":false},"featured_media":44645,"template":"","meta":{"_acf_changed":false},"product_brand":[],"product_cat":[3327],"product_tag":[3768,1666,3783,1156,3771],"class_list":{"0":"post-44831","1":"product","2":"type-product","3":"status-publish","4":"has-post-thumbnail","6":"product_cat-16-baumwolle","7":"product_tag-anthrazit","8":"product_tag-baumwolle","9":"product_tag-handtuch-de","10":"product_tag-liegestuhl","11":"product_tag-turteltaube","12":"pa_colore-anthrazit","13":"pa_colore-creme-de","14":"pa_colore-turteltaube","15":"pa_colore-weis","17":"first","18":"instock","19":"taxable","20":"shipping-taxable","21":"purchasable","22":"product-type-variable"},"acf":[],"jetpack_sharing_enabled":true,"_links":{"self":[{"href":"https:\/\/cndestetik.ch\/de\/wp-json\/wp\/v2\/product\/44831","targetHints":{"allow":["GET"]}}],"collection":[{"href":"https:\/\/cndestetik.ch\/de\/wp-json\/wp\/v2\/product"}],"about":[{"href":"https:\/\/cndestetik.ch\/de\/wp-json\/wp\/v2\/types\/product"}],"wp:featuredmedia":[{"embeddable":true,"href":"https:\/\/cndestetik.ch\/de\/wp-json\/wp\/v2\/media\/44645"}],"wp:attachment":[{"href":"https:\/\/cndestetik.ch\/de\/wp-json\/wp\/v2\/media?parent=44831"}],"wp:term":[{"taxonomy":"product_brand","embeddable":true,"href":"https:\/\/cndestetik.ch\/de\/wp-json\/wp\/v2\/product_brand?post=44831"},{"taxonomy":"product_cat","embeddable":true,"href":"https:\/\/cndestetik.ch\/de\/wp-json\/wp\/v2\/product_cat?post=44831"},{"taxonomy":"product_tag","embeddable":true,"href":"https:\/\/cndestetik.ch\/de\/wp-json\/wp\/v2\/product_tag?post=44831"}],"curies":[{"name":"wp","href":"https:\/\/api.w.org\/{rel}","templated":true}]}}