{"id":44662,"date":"2022-06-07T14:21:48","date_gmt":"2022-06-07T12:21:48","guid":{"rendered":"https:\/\/ticinoweb01.jcloud.ik-server.com\/cndestetik\/prodotto\/30x30-baumwollwaschlappen\/"},"modified":"2023-11-16T09:40:42","modified_gmt":"2023-11-16T08:40:42","slug":"lavetta-in-cotone-30x30","status":"publish","type":"product","link":"https:\/\/cndestetik.ch\/de\/prodotto\/lavetta-in-cotone-30x30\/","title":{"rendered":"Baumwollwaschlappen 30&#215;30"},"content":{"rendered":"<p><span data-sheets-value=\"{\"1\":2,\"2\":\"La lavetta per trattamenti mani e piedi, riscaldata per impacchi, pulizia viso e trattamenti esfolianti. Omaggio dal costo contenuto molto utile nella borsetta o nal lavabo a disposizione degli ospiti.\"}\" data-sheets-userformat=\"{\"2\":15297,\"3\":{\"1\":0},\"9\":0,\"10\":2,\"11\":0,\"12\":0,\"14\":{\"1\":2,\"2\":0},\"15\":\"Calibri\",\"16\":11}\">Die Hand- und Fu\u00dfwaschung, beheizt f\u00fcr Wickel, Gesichtsreinigung und Peeling.  <\/span><\/p>\n<p><span data-sheets-value=\"{\"1\":2,\"2\":\"La lavetta per trattamenti mani e piedi, riscaldata per impacchi, pulizia viso e trattamenti esfolianti. Omaggio dal costo contenuto molto utile nella borsetta o nal lavabo a disposizione degli ospiti.\"}\" data-sheets-userformat=\"{\"2\":15297,\"3\":{\"1\":0},\"9\":0,\"10\":2,\"11\":0,\"12\":0,\"14\":{\"1\":2,\"2\":0},\"15\":\"Calibri\",\"16\":11}\">Ideal als preiswertes Werbegeschenk, sehr n\u00fctzlich in einer Handtasche, f\u00fcr Kinder oder im Waschbecken f\u00fcr G\u00e4ste.<\/span><\/p>\n<p>Erh\u00e4ltlich in Anthrazit, Creme, Schokolade, Taubengrau und Wei\u00df.<\/p>\n<p>Abmessungen: 30 x 30<\/p>\n<p>100% reine Baumwolle. 450gr\/m2, hohe Qualit\u00e4t.<\/p>\n<p>Die Waschanleitung ist auf dem Etikett zu finden.<\/p>\n","protected":false},"excerpt":{"rendered":"<p>Waschtisch in verschiedenen Farben erh\u00e4ltlich: schokolade, anthrazit, taubengrau, creme und wei\u00df.<\/p>\n<p>Abmessungen 30 x 30 cm. 100% reine Baumwolle. 450gr\/m2, hohe Qualit\u00e4t.<\/p>\n","protected":false},"featured_media":44645,"template":"","meta":{"_acf_changed":false},"product_brand":[],"product_cat":[3327],"product_tag":[3768,1666,3770,3771,3769],"class_list":{"0":"post-44662","1":"product","2":"type-product","3":"status-publish","4":"has-post-thumbnail","6":"product_cat-16-baumwolle","7":"product_tag-anthrazit","8":"product_tag-baumwolle","9":"product_tag-fliederfarben","10":"product_tag-turteltaube","11":"product_tag-waschen","12":"pa_colore-anthrazit","13":"pa_colore-creme-de","14":"pa_colore-turteltaube","15":"pa_colore-weis","17":"first","18":"instock","19":"taxable","20":"shipping-taxable","21":"purchasable","22":"product-type-variable"},"acf":[],"jetpack_sharing_enabled":true,"_links":{"self":[{"href":"https:\/\/cndestetik.ch\/de\/wp-json\/wp\/v2\/product\/44662","targetHints":{"allow":["GET"]}}],"collection":[{"href":"https:\/\/cndestetik.ch\/de\/wp-json\/wp\/v2\/product"}],"about":[{"href":"https:\/\/cndestetik.ch\/de\/wp-json\/wp\/v2\/types\/product"}],"wp:featuredmedia":[{"embeddable":true,"href":"https:\/\/cndestetik.ch\/de\/wp-json\/wp\/v2\/media\/44645"}],"wp:attachment":[{"href":"https:\/\/cndestetik.ch\/de\/wp-json\/wp\/v2\/media?parent=44662"}],"wp:term":[{"taxonomy":"product_brand","embeddable":true,"href":"https:\/\/cndestetik.ch\/de\/wp-json\/wp\/v2\/product_brand?post=44662"},{"taxonomy":"product_cat","embeddable":true,"href":"https:\/\/cndestetik.ch\/de\/wp-json\/wp\/v2\/product_cat?post=44662"},{"taxonomy":"product_tag","embeddable":true,"href":"https:\/\/cndestetik.ch\/de\/wp-json\/wp\/v2\/product_tag?post=44662"}],"curies":[{"name":"wp","href":"https:\/\/api.w.org\/{rel}","templated":true}]}}