{"id":44635,"date":"2022-06-06T13:55:00","date_gmt":"2022-06-06T11:55:00","guid":{"rendered":"https:\/\/ticinoweb01.jcloud.ik-server.com\/cndestetik\/prodotto\/gesichtsbehandlung-fuer-reife-haut-revitalisierung\/"},"modified":"2022-11-15T16:01:34","modified_gmt":"2022-11-15T15:01:34","slug":"gesichts-haut-nahrstoff-revitalisierungsbehandlung","status":"publish","type":"product","link":"https:\/\/cndestetik.ch\/de\/prodotto\/gesichts-haut-nahrstoff-revitalisierungsbehandlung\/","title":{"rendered":"GESICHTSBEHANDLUNG F\u00dcR REIFE HAUT: REVITALISIERUNG"},"content":{"rendered":"<p>Intensive Feuchtigkeitszufuhr mit Hyalurons\u00e4ure und Geweberegeneration mit spezifischen Pflanzenextrakten. Sie pflegt tiefenwirksam mit wertvollen, vitaminreichen \u00d6len. Durch die Stimulierung der Mikrozirkulation wird das Gewebe wieder mit Sauerstoff versorgt und regeneriert. Es hat eine deutlich verj\u00fcngende Wirkung auf die Haut und h\u00e4lt sie elastisch und samtig. Sie gibt dem Gesicht Frische und Ausstrahlung zur\u00fcck.<\/p>\n<p>Der Bausatz enth\u00e4lt:<\/p>\n<ul>\n<li>Hyalurons\u00e4ure- und Calendula-Reinigungsmilch 500ml<\/li>\n<li>Peeling mit Hyalurons\u00e4ure und Heidelbeeren 500ml<\/li>\n<li>Enzymaufhellendes Gesichts-K\u00f6rperpeeling (Mandels\u00e4ure 5%) 500ml<\/li>\n<li>Hyalurons\u00e4ure Anti-Falten Tonic Water 100ml<\/li>\n<li>Serum f\u00fcr Augen- und Lippenkonturen mit Hyalurons\u00e4ure und Echinacea<\/li>\n<li>Augenkonturcreme mit Hyalurons\u00e4ure und Ginseng<\/li>\n<li>Hyalurons\u00e4ure-Lippenbutter<\/li>\n<li>Sheabutter-Maske zur Hautreinigung<\/li>\n<li>Hydro-Glycerin-Extrakte aus Schachtelhalm und Hamamelis<\/li>\n<li>\u00c4therische \u00d6le: Palmarosa, Zitrone, Ylang Ylang<\/li>\n<li>Argan\u00f6l<\/li>\n<li>Narbenbildende spagyrische Salbe<\/li>\n<li>Spagyrische Oleolithe: Ringelblume, Hagebutte<\/li>\n<li>Intensive Feuchtigkeitscreme mit Hyalurons\u00e4ure und Calendula<\/li>\n<li>Behandlungsbogen und Vorschl\u00e4ge f\u00fcr den Wiederverkauf<\/li>\n<\/ul>\n<p>&nbsp;<\/p>\n<p>&nbsp;<\/p>\n","protected":false},"excerpt":{"rendered":"<p>Revitalisierende und Anti-Ageing-Behandlung f\u00fcr Gesicht und Dekollet\u00e9: Re-Oxygenierung, Regeneration des Gewebes, Frische und Ausstrahlung<\/p>\n","protected":false},"featured_media":40539,"template":"","meta":{"_acf_changed":false},"product_brand":[],"product_cat":[15],"product_tag":[3714,757,3692,3749],"class_list":{"0":"post-44635","1":"product","2":"type-product","3":"status-publish","4":"has-post-thumbnail","6":"product_cat-07-cosmetica","7":"product_tag-anti-aging-de","8":"product_tag-gesicht","9":"product_tag-trattamentiviso-de","10":"product_tag-wiederbelebung","12":"first","13":"instock","14":"taxable","15":"shipping-taxable","16":"purchasable","17":"product-type-simple"},"acf":[],"jetpack_sharing_enabled":true,"_links":{"self":[{"href":"https:\/\/cndestetik.ch\/de\/wp-json\/wp\/v2\/product\/44635","targetHints":{"allow":["GET"]}}],"collection":[{"href":"https:\/\/cndestetik.ch\/de\/wp-json\/wp\/v2\/product"}],"about":[{"href":"https:\/\/cndestetik.ch\/de\/wp-json\/wp\/v2\/types\/product"}],"wp:featuredmedia":[{"embeddable":true,"href":"https:\/\/cndestetik.ch\/de\/wp-json\/wp\/v2\/media\/40539"}],"wp:attachment":[{"href":"https:\/\/cndestetik.ch\/de\/wp-json\/wp\/v2\/media?parent=44635"}],"wp:term":[{"taxonomy":"product_brand","embeddable":true,"href":"https:\/\/cndestetik.ch\/de\/wp-json\/wp\/v2\/product_brand?post=44635"},{"taxonomy":"product_cat","embeddable":true,"href":"https:\/\/cndestetik.ch\/de\/wp-json\/wp\/v2\/product_cat?post=44635"},{"taxonomy":"product_tag","embeddable":true,"href":"https:\/\/cndestetik.ch\/de\/wp-json\/wp\/v2\/product_tag?post=44635"}],"curies":[{"name":"wp","href":"https:\/\/api.w.org\/{rel}","templated":true}]}}