{"id":44632,"date":"2022-06-06T14:08:41","date_gmt":"2022-06-06T12:08:41","guid":{"rendered":"https:\/\/ticinoweb01.jcloud.ik-server.com\/cndestetik\/prodotto\/regenerierende-gesichtsbehandlung\/"},"modified":"2022-11-15T16:01:36","modified_gmt":"2022-11-15T15:01:36","slug":"gesichtsregenerierende-behandlung","status":"publish","type":"product","link":"https:\/\/cndestetik.ch\/de\/prodotto\/gesichtsregenerierende-behandlung\/","title":{"rendered":"REGENERIERENDE GESICHTSBEHANDLUNG"},"content":{"rendered":"<p>Es hat eine ausgepr\u00e4gte regenerierende Wirkung auf das Hautgewebe. Besonders geeignet f\u00fcr gesch\u00e4digte, fahle Haut oder Haut mit Narben. Es f\u00f6rdert die Heilung des Gewebes und macht den Teint ebenm\u00e4\u00dfiger. N\u00e4hrt und reinigt die Epidermis tiefgreifend. Verleiht dem Gesicht Frische und Ausstrahlung.<\/p>\n<p>Der Bausatz enth\u00e4lt:<\/p>\n<ul>\n<li>Hyalurons\u00e4ure- und Calendula-Reinigungsmilch 500ml<\/li>\n<li>Peeling mit Hyalurons\u00e4ure und Heidelbeeren 500ml<\/li>\n<li>Enzymaufhellendes Gesichts-K\u00f6rperpeeling (Mandels\u00e4ure 5%) 500ml<\/li>\n<li>Malvenhydrolat<\/li>\n<li>Tonisierendes Anti-Falten-Wasser mit Hyalurons\u00e4ure und Ginseng<\/li>\n<li>Hyalurons\u00e4ure-Lippenbutter<\/li>\n<li>Regenerationsmaske mit Ringelblume<\/li>\n<li>Hydroglyzerin-Extrakte aus Schachtelhalm und Heidelbeere<\/li>\n<li>\u00c4therische \u00d6le: Teebaum, Lavendel<\/li>\n<li>Weizenkeim\u00f6l (100ml) und Jojoba\u00f6l (100ml)<\/li>\n<li>Spagyrische Oleolithe: Schafgarbe, Hagebutte, Rosmarin<\/li>\n<li>Vitamin-Serum mit Hyalurons\u00e4ure und Heidelbeeren<\/li>\n<li>Feuchtigkeitsspendende Malven-Gesichtscreme<\/li>\n<li>Behandlungsbogen und Vorschl\u00e4ge f\u00fcr den Wiederverkauf<\/li>\n<\/ul>\n<p>&nbsp;<\/p>\n","protected":false},"excerpt":{"rendered":"<p>Regenerierende Behandlung f\u00fcr Gesicht und Dekollet\u00e9 f\u00fcr gesch\u00e4digte, fahle und matte Haut. Geweberegenerierung und -heilung.<\/p>\n","protected":false},"featured_media":40547,"template":"","meta":{"_acf_changed":false},"product_brand":[],"product_cat":[15],"product_tag":[3714,3745,3744,757,3746,3743,456],"class_list":{"0":"post-44632","1":"product","2":"type-product","3":"status-publish","4":"has-post-thumbnail","6":"product_cat-07-cosmetica","7":"product_tag-anti-aging-de","8":"product_tag-behandlung-geteilt","9":"product_tag-beschadigte-haute","10":"product_tag-gesicht","11":"product_tag-gesicht-und-dekollete","12":"product_tag-narben","13":"product_tag-regenerierend","15":"first","16":"instock","17":"taxable","18":"shipping-taxable","19":"purchasable","20":"product-type-simple"},"acf":[],"jetpack_sharing_enabled":true,"_links":{"self":[{"href":"https:\/\/cndestetik.ch\/de\/wp-json\/wp\/v2\/product\/44632","targetHints":{"allow":["GET"]}}],"collection":[{"href":"https:\/\/cndestetik.ch\/de\/wp-json\/wp\/v2\/product"}],"about":[{"href":"https:\/\/cndestetik.ch\/de\/wp-json\/wp\/v2\/types\/product"}],"wp:featuredmedia":[{"embeddable":true,"href":"https:\/\/cndestetik.ch\/de\/wp-json\/wp\/v2\/media\/40547"}],"wp:attachment":[{"href":"https:\/\/cndestetik.ch\/de\/wp-json\/wp\/v2\/media?parent=44632"}],"wp:term":[{"taxonomy":"product_brand","embeddable":true,"href":"https:\/\/cndestetik.ch\/de\/wp-json\/wp\/v2\/product_brand?post=44632"},{"taxonomy":"product_cat","embeddable":true,"href":"https:\/\/cndestetik.ch\/de\/wp-json\/wp\/v2\/product_cat?post=44632"},{"taxonomy":"product_tag","embeddable":true,"href":"https:\/\/cndestetik.ch\/de\/wp-json\/wp\/v2\/product_tag?post=44632"}],"curies":[{"name":"wp","href":"https:\/\/api.w.org\/{rel}","templated":true}]}}