{"id":44629,"date":"2022-06-06T14:22:14","date_gmt":"2022-06-06T12:22:14","guid":{"rendered":"https:\/\/ticinoweb01.jcloud.ik-server.com\/cndestetik\/prodotto\/blaulicht-gesichtsbehandlung\/"},"modified":"2022-11-15T16:00:28","modified_gmt":"2022-11-15T15:00:28","slug":"gesicht-blaulicht-behandlung","status":"publish","type":"product","link":"https:\/\/cndestetik.ch\/de\/prodotto\/gesicht-blaulicht-behandlung\/","title":{"rendered":"BLAULICHT-GESICHTSBEHANDLUNG"},"content":{"rendered":"<p>Diese Behandlung wird f\u00fcr alle Menschen empfohlen, die viel Zeit vor Computer- und Handybildschirmen verbringen. Das von diesen Ger\u00e4ten ausgestrahlte blaue Licht erzeugt freie Radikale, die eine vorzeitige Hautalterung verursachen und zu Flecken und Falten f\u00fchren. Die Behandlung greift ein, indem sie die oxidative Kaskade der freien Radikale unterbricht, Entz\u00fcndungen l\u00f6scht und Zellsch\u00e4den verhindert.<\/p>\n<p>Der Bausatz enth\u00e4lt:<\/p>\n<ul>\n<li>Reinigungsmilch mit Hyalurons\u00e4ure und Calendula (500ml)<\/li>\n<li>Peeling mit Hyalurons\u00e4ure und Heidelbeeren (500ml)<\/li>\n<li>Enzympeeling 5% aufhellende Mandels\u00e4ure<\/li>\n<li>Bel\u00fcfteter gr\u00fcner Ton<\/li>\n<li>Thymian-Hydrolat<\/li>\n<li>Blaulichtmaske Reife Haut und junge Haut<\/li>\n<li>Spagyrischer Oleolith Roter Thymian<\/li>\n<li>\u00c4therisches Ingwer\u00f6l<\/li>\n<li>Oleolith Blau LIght<\/li>\n<li>Blaues Licht Creme<\/li>\n<li>Behandlungsblatt und Ratschl\u00e4ge f\u00fcr zu Hause<\/li>\n<\/ul>\n","protected":false},"excerpt":{"rendered":"<p>Die Behandlung mit blauem Licht blockiert freie Radikale, wodurch Entz\u00fcndungen und Zellsch\u00e4den gel\u00f6scht werden. Sch\u00fctzt vor Alterung durch blaue Lichtstrahlung.<\/p>\n","protected":false},"featured_media":40553,"template":"","meta":{"_acf_changed":false},"product_brand":[],"product_cat":[15],"product_tag":[3714,3730,3731,3733,3734,3732],"class_list":{"0":"post-44629","1":"product","2":"type-product","3":"status-publish","4":"has-post-thumbnail","6":"product_cat-07-cosmetica","7":"product_tag-anti-aging-de","8":"product_tag-blaues-licht","9":"product_tag-blaulicht","10":"product_tag-freie-radikale","11":"product_tag-gesichtsbehandlungen","12":"product_tag-oxidative-kaskade","14":"first","15":"instock","16":"taxable","17":"shipping-taxable","18":"purchasable","19":"product-type-simple"},"acf":[],"jetpack_sharing_enabled":true,"_links":{"self":[{"href":"https:\/\/cndestetik.ch\/de\/wp-json\/wp\/v2\/product\/44629","targetHints":{"allow":["GET"]}}],"collection":[{"href":"https:\/\/cndestetik.ch\/de\/wp-json\/wp\/v2\/product"}],"about":[{"href":"https:\/\/cndestetik.ch\/de\/wp-json\/wp\/v2\/types\/product"}],"wp:featuredmedia":[{"embeddable":true,"href":"https:\/\/cndestetik.ch\/de\/wp-json\/wp\/v2\/media\/40553"}],"wp:attachment":[{"href":"https:\/\/cndestetik.ch\/de\/wp-json\/wp\/v2\/media?parent=44629"}],"wp:term":[{"taxonomy":"product_brand","embeddable":true,"href":"https:\/\/cndestetik.ch\/de\/wp-json\/wp\/v2\/product_brand?post=44629"},{"taxonomy":"product_cat","embeddable":true,"href":"https:\/\/cndestetik.ch\/de\/wp-json\/wp\/v2\/product_cat?post=44629"},{"taxonomy":"product_tag","embeddable":true,"href":"https:\/\/cndestetik.ch\/de\/wp-json\/wp\/v2\/product_tag?post=44629"}],"curies":[{"name":"wp","href":"https:\/\/api.w.org\/{rel}","templated":true}]}}