{"id":44623,"date":"2022-06-06T15:02:42","date_gmt":"2022-06-06T13:02:42","guid":{"rendered":"https:\/\/ticinoweb01.jcloud.ik-server.com\/cndestetik\/prodotto\/soothing-face-treatment-zarte-haut\/"},"modified":"2022-11-15T16:00:27","modified_gmt":"2022-11-15T15:00:27","slug":"behandlung-viso-beruhigend-delikat-haut","status":"publish","type":"product","link":"https:\/\/cndestetik.ch\/de\/prodotto\/behandlung-viso-beruhigend-delikat-haut\/","title":{"rendered":"SOOTHING FACE TREATMENT Zarte Haut"},"content":{"rendered":"<p>Diese Behandlung hat eine ausgepr\u00e4gte abschwellende und entstauende Wirkung. Sie n\u00e4hrt die Haut und spendet ihr Feuchtigkeit, ohne sie zu beschweren. Die begrenzte und spezifische Verwendung von \u00e4therischen \u00d6len macht sie f\u00fcr empfindlichere Haut geeignet.<\/p>\n<p>Der Bausatz enth\u00e4lt:<\/p>\n<ul>\n<li>Hyalurons\u00e4ure- und Calendula-Reinigungsmilch 500ml<\/li>\n<li>Peeling mit Hyalurons\u00e4ure und Heidelbeeren 500ml<\/li>\n<li>Malvenhydrolat<\/li>\n<li>Beruhigendes, feuchtigkeitsspendendes Wasser mit Hyalurons\u00e4ure 100ml<\/li>\n<li>Augenkonturcreme mit Hyalurons\u00e4ure und Ginseng<\/li>\n<li>Hyalurons\u00e4ure-Lippenbutter<\/li>\n<li>Sheabutter-Maske zur Hautreinigung<\/li>\n<li>Hydroglyzerin-Extrakte aus Heidelbeeren<\/li>\n<li>Aloe-Gel 100 ml<\/li>\n<li>Aprikosenkern\u00f6l<\/li>\n<li>Spagyrische Oleolithe: Schafgarbe<\/li>\n<li>\u00c4therische \u00d6le: Lavendel, Geranie<\/li>\n<li>Feuchtigkeitsspendende Gesichtscreme mit Malve<\/li>\n<li>Behandlungsbogen und Vorschl\u00e4ge f\u00fcr den Wiederverkauf<\/li>\n<\/ul>\n<p>&nbsp;<\/p>\n<p>&nbsp;<\/p>\n","protected":false},"excerpt":{"rendered":"<p>Diese Behandlung hat eine ausgepr\u00e4gte abschwellende und entstauende Wirkung. Sie n\u00e4hrt die Haut und spendet ihr Feuchtigkeit, ohne sie zu beschweren.<\/p>\n","protected":false},"featured_media":40572,"template":"","meta":{"_acf_changed":false},"product_brand":[],"product_cat":[15],"product_tag":[3714,3716,3715,757,3692],"class_list":{"0":"post-44623","1":"product","2":"type-product","3":"status-publish","4":"has-post-thumbnail","6":"product_cat-07-cosmetica","7":"product_tag-anti-aging-de","8":"product_tag-beruhigendes-gesicht","9":"product_tag-empfindliche-haut","10":"product_tag-gesicht","11":"product_tag-trattamentiviso-de","13":"first","14":"instock","15":"taxable","16":"shipping-taxable","17":"purchasable","18":"product-type-simple"},"acf":[],"jetpack_sharing_enabled":true,"_links":{"self":[{"href":"https:\/\/cndestetik.ch\/de\/wp-json\/wp\/v2\/product\/44623","targetHints":{"allow":["GET"]}}],"collection":[{"href":"https:\/\/cndestetik.ch\/de\/wp-json\/wp\/v2\/product"}],"about":[{"href":"https:\/\/cndestetik.ch\/de\/wp-json\/wp\/v2\/types\/product"}],"wp:featuredmedia":[{"embeddable":true,"href":"https:\/\/cndestetik.ch\/de\/wp-json\/wp\/v2\/media\/40572"}],"wp:attachment":[{"href":"https:\/\/cndestetik.ch\/de\/wp-json\/wp\/v2\/media?parent=44623"}],"wp:term":[{"taxonomy":"product_brand","embeddable":true,"href":"https:\/\/cndestetik.ch\/de\/wp-json\/wp\/v2\/product_brand?post=44623"},{"taxonomy":"product_cat","embeddable":true,"href":"https:\/\/cndestetik.ch\/de\/wp-json\/wp\/v2\/product_cat?post=44623"},{"taxonomy":"product_tag","embeddable":true,"href":"https:\/\/cndestetik.ch\/de\/wp-json\/wp\/v2\/product_tag?post=44623"}],"curies":[{"name":"wp","href":"https:\/\/api.w.org\/{rel}","templated":true}]}}