{"id":44620,"date":"2022-06-06T15:20:22","date_gmt":"2022-06-06T13:20:22","guid":{"rendered":"https:\/\/ticinoweb01.jcloud.ik-server.com\/cndestetik\/prodotto\/oxygenating-face-treatment-fahle-haut\/"},"modified":"2023-02-09T13:26:58","modified_gmt":"2023-02-09T12:26:58","slug":"gesichtsbehandlung-mit-sauerstoffzufuhr-und-hautglattung","status":"publish","type":"product","link":"https:\/\/cndestetik.ch\/de\/prodotto\/gesichtsbehandlung-mit-sauerstoffzufuhr-und-hautglattung\/","title":{"rendered":"OXYGENATING FACE TREATMENT Fahle Haut"},"content":{"rendered":"<p>Diese Behandlung hat eine stark reinigende Wirkung auf das Hautgewebe. Besonders geeignet f\u00fcr atonisierte, ergraute und erstickte Haut. Re-oxygeniert, revitalisiert und balanciert die Funktionen der Epidermis und minimiert vergr\u00f6\u00dferte Poren. Verleiht dem Gesicht Frische und Ausstrahlung. Sehr n\u00fctzlich f\u00fcr diejenigen, deren Haut unter der l\u00e4ngeren Verwendung einer Maske leidet.<\/p>\n<p>Der Bausatz enth\u00e4lt:<\/p>\n<ul>\n<li>Hyalurons\u00e4ure- und Calendula-Reinigungsmilch 500ml<\/li>\n<li>Peeling mit Hyalurons\u00e4ure und Heidelbeeren 500ml<\/li>\n<li>Salbei-Hydrolat<\/li>\n<li>Beruhigendes, feuchtigkeitsspendendes Wasser mit Hyalurons\u00e4ure 100ml<\/li>\n<li>Oxygenierende Maske mit Klette, Propolis und Salicidins\u00e4ure<\/li>\n<li>Hydroglyzerin-Extrakte aus Heidelbeere, Klette<\/li>\n<li>Spagyrische Oleolithe: Roter Thymian, Birke<\/li>\n<li>\u00c4therische \u00d6le: Grapefruit, Zedernholz<\/li>\n<li>Vitamin- und Malven-Gesichtscreme<\/li>\n<li>Behandlungsbogen und Vorschl\u00e4ge f\u00fcr den Wiederverkauf<\/li>\n<\/ul>\n<p>&nbsp;<\/p>\n<p>&nbsp;<\/p>\n","protected":false},"excerpt":{"rendered":"<p>Entschlackende Behandlung des Hautgewebes. F\u00fcr atonisierte, ergraute und erstickte Haut. Re-oxygeniert, revitalisiert und gleicht aus und verkleinert vergr\u00f6\u00dferte Poren.<\/p>\n","protected":false},"featured_media":40577,"template":"","meta":{"_acf_changed":false},"product_brand":[],"product_cat":[15],"product_tag":[3706,3704,757,3705,3707,3692],"class_list":{"0":"post-44620","1":"product","2":"type-product","3":"status-publish","4":"has-post-thumbnail","6":"product_cat-07-cosmetica","7":"product_tag-atonhaute","8":"product_tag-erstickt","9":"product_tag-gesicht","10":"product_tag-maske-de","11":"product_tag-sauerstoffhaltige-gesichtsbehandlung","12":"product_tag-trattamentiviso-de","14":"first","15":"instock","16":"taxable","17":"shipping-taxable","18":"purchasable","19":"product-type-simple"},"acf":[],"jetpack_sharing_enabled":true,"_links":{"self":[{"href":"https:\/\/cndestetik.ch\/de\/wp-json\/wp\/v2\/product\/44620","targetHints":{"allow":["GET"]}}],"collection":[{"href":"https:\/\/cndestetik.ch\/de\/wp-json\/wp\/v2\/product"}],"about":[{"href":"https:\/\/cndestetik.ch\/de\/wp-json\/wp\/v2\/types\/product"}],"wp:featuredmedia":[{"embeddable":true,"href":"https:\/\/cndestetik.ch\/de\/wp-json\/wp\/v2\/media\/40577"}],"wp:attachment":[{"href":"https:\/\/cndestetik.ch\/de\/wp-json\/wp\/v2\/media?parent=44620"}],"wp:term":[{"taxonomy":"product_brand","embeddable":true,"href":"https:\/\/cndestetik.ch\/de\/wp-json\/wp\/v2\/product_brand?post=44620"},{"taxonomy":"product_cat","embeddable":true,"href":"https:\/\/cndestetik.ch\/de\/wp-json\/wp\/v2\/product_cat?post=44620"},{"taxonomy":"product_tag","embeddable":true,"href":"https:\/\/cndestetik.ch\/de\/wp-json\/wp\/v2\/product_tag?post=44620"}],"curies":[{"name":"wp","href":"https:\/\/api.w.org\/{rel}","templated":true}]}}