{"id":44614,"date":"2022-06-06T15:41:50","date_gmt":"2022-06-06T13:41:50","guid":{"rendered":"https:\/\/ticinoweb01.jcloud.ik-server.com\/cndestetik\/prodotto\/purifying-face-treatment-akne-und-entzuendete-haut\/"},"modified":"2022-11-15T16:00:28","modified_gmt":"2022-11-15T15:00:28","slug":"entschlackende-gesichtsbehandlung-akne-und-entzundete-haut","status":"publish","type":"product","link":"https:\/\/cndestetik.ch\/de\/prodotto\/entschlackende-gesichtsbehandlung-akne-und-entzundete-haut\/","title":{"rendered":"PURIFYING FACE TREATMENT Akne und entz\u00fcndete Haut"},"content":{"rendered":"<p>Diese Behandlung hat eine ausgepr\u00e4gte antioxidative und antibakterielle Wirkung auf das Hautgewebe. Es lindert Entz\u00fcndungen, entgiftet und n\u00e4hrt die Haut, ohne sie zu beschweren. Die Haut bleibt weich, gut durchfeuchtet und frisch.<\/p>\n<p>Der Bausatz enth\u00e4lt:<\/p>\n<ul>\n<li>Hyalurons\u00e4ure- und Calendula-Reinigungsmilch 500ml<\/li>\n<li>Enzymaufhellendes Gesichts-K\u00f6rperpeeling (Mandels\u00e4ure 5%) 500ml<\/li>\n<li>Lavendelhydrolat, Thymian<\/li>\n<li>\u00c4therische \u00d6le: Lavendel<\/li>\n<li>Silbernes Spray<\/li>\n<li>Gesichtsmaske mit gr\u00fcner Tonerde und Lavendel zum Reinigen<\/li>\n<li>Hydroglyzerin-Extrakte aus Klette<\/li>\n<li>Spagyrische Oleolithe: Unreine Haut (Roter Thymian und Salbei)<\/li>\n<li>Klette fettige Haut Creme<\/li>\n<li>Behandlungsbogen und Vorschl\u00e4ge f\u00fcr den Wiederverkauf<\/li>\n<\/ul>\n<p>&nbsp;<\/p>\n<p>&nbsp;<\/p>\n","protected":false},"excerpt":{"rendered":"<p>Antioxidationsmittel und antibakteriell. Sie lindert Entz\u00fcndungen, entgiftet und n\u00e4hrt die Haut, ohne sie zu beschweren, und macht sie weich, gut durchfeuchtet und frisch.<\/p>\n","protected":false},"featured_media":40587,"template":"","meta":{"_acf_changed":false},"product_brand":[],"product_cat":[15],"product_tag":[3569,3689,3677,757,3690,3691,3692,3571],"class_list":{"0":"post-44614","1":"product","2":"type-product","3":"status-publish","4":"has-post-thumbnail","6":"product_cat-07-cosmetica","7":"product_tag-akne","8":"product_tag-antioxidans","9":"product_tag-entgiften","10":"product_tag-gesicht","11":"product_tag-gesichtsreinigung","12":"product_tag-tiefenreinigung-des-gesichts","13":"product_tag-trattamentiviso-de","14":"product_tag-verunreinigungen","16":"first","17":"instock","18":"taxable","19":"shipping-taxable","20":"purchasable","21":"product-type-simple"},"acf":[],"jetpack_sharing_enabled":true,"_links":{"self":[{"href":"https:\/\/cndestetik.ch\/de\/wp-json\/wp\/v2\/product\/44614","targetHints":{"allow":["GET"]}}],"collection":[{"href":"https:\/\/cndestetik.ch\/de\/wp-json\/wp\/v2\/product"}],"about":[{"href":"https:\/\/cndestetik.ch\/de\/wp-json\/wp\/v2\/types\/product"}],"wp:featuredmedia":[{"embeddable":true,"href":"https:\/\/cndestetik.ch\/de\/wp-json\/wp\/v2\/media\/40587"}],"wp:attachment":[{"href":"https:\/\/cndestetik.ch\/de\/wp-json\/wp\/v2\/media?parent=44614"}],"wp:term":[{"taxonomy":"product_brand","embeddable":true,"href":"https:\/\/cndestetik.ch\/de\/wp-json\/wp\/v2\/product_brand?post=44614"},{"taxonomy":"product_cat","embeddable":true,"href":"https:\/\/cndestetik.ch\/de\/wp-json\/wp\/v2\/product_cat?post=44614"},{"taxonomy":"product_tag","embeddable":true,"href":"https:\/\/cndestetik.ch\/de\/wp-json\/wp\/v2\/product_tag?post=44614"}],"curies":[{"name":"wp","href":"https:\/\/api.w.org\/{rel}","templated":true}]}}