{"id":44611,"date":"2022-06-09T12:21:42","date_gmt":"2022-06-09T10:21:42","guid":{"rendered":"https:\/\/ticinoweb01.jcloud.ik-server.com\/cndestetik\/prodotto\/drenane-peeling-mit-bittersalz\/"},"modified":"2025-01-23T08:34:50","modified_gmt":"2025-01-23T07:34:50","slug":"peeling-drenan-auf-epsom-salz","status":"publish","type":"product","link":"https:\/\/cndestetik.ch\/de\/prodotto\/peeling-drenan-auf-epsom-salz\/","title":{"rendered":"DRENANE PEELING mit Bittersalz"},"content":{"rendered":"<p>Diese Behandlung eignet sich hervorragend als Auftakt zu einem Behandlungszyklus.<\/p>\n<p>Sie ist stark entgiftend, reinigend und entw\u00e4ssernd und regeneriert dicke, fahle Haut.<\/p>\n<p>Es ist geeignet f\u00fcr unreine Haut, als vorbereitendes Mittel vor der Sonnenexposition. Es eignet sich auch hervorragend zur Vorbereitung auf die Epilation, die eine Woche vorher durchgef\u00fchrt werden sollte. Es eignet sich auch hervorragend w\u00e4hrend der Schwangerschaft (ohne \u00e4therische \u00d6le).<\/p>\n<p>Der Bausatz enth\u00e4lt:<\/p>\n<ul>\n<li>Aprikosenkern\u00f6l 500ml<\/li>\n<li>\u00c4therische \u00d6le: Wacholder, Geranie, Zedernholz<\/li>\n<li>Bittersalz 1 kg<\/li>\n<li>Hydro-Glycerin-Extrakte: Hopfen, Schachtelhalm, Heidelbeere<\/li>\n<li>Rosenhydrolat<\/li>\n<li>Neutrales Aloe-Gel 500ml<\/li>\n<li>Sheabutter 500ml<\/li>\n<li>Mandel\u00f6l 500ml<\/li>\n<li>Straffende und heilende K\u00f6rper\u00f6le<\/li>\n<li>Spagyrische Oleolithe: Ringelblume, Hypericum, Thymian<\/li>\n<li>Behandlungsblatt und Ratschl\u00e4ge f\u00fcr zu Hause<\/li>\n<\/ul>\n","protected":false},"excerpt":{"rendered":"<p>Diese Behandlung ist stark entgiftend, reinigend und ausleitend. Regeneriert dicke, fahle Haut.<\/p>\n","protected":false},"featured_media":41649,"template":"","meta":{"_acf_changed":false},"product_brand":[],"product_cat":[12980],"product_tag":[3677,3678,3679,3611,1841,3680],"class_list":{"0":"post-44611","1":"product","2":"type-product","3":"status-publish","4":"has-post-thumbnail","6":"product_cat-mikrokosmos","7":"product_tag-entgiften","8":"product_tag-entwasserung","9":"product_tag-epsom-de","10":"product_tag-epsom-salze","11":"product_tag-korperbehandlungen","12":"product_tag-purify-de","14":"first","15":"instock","16":"taxable","17":"shipping-taxable","18":"purchasable","19":"product-type-simple"},"acf":[],"jetpack_sharing_enabled":true,"_links":{"self":[{"href":"https:\/\/cndestetik.ch\/de\/wp-json\/wp\/v2\/product\/44611","targetHints":{"allow":["GET"]}}],"collection":[{"href":"https:\/\/cndestetik.ch\/de\/wp-json\/wp\/v2\/product"}],"about":[{"href":"https:\/\/cndestetik.ch\/de\/wp-json\/wp\/v2\/types\/product"}],"wp:featuredmedia":[{"embeddable":true,"href":"https:\/\/cndestetik.ch\/de\/wp-json\/wp\/v2\/media\/41649"}],"wp:attachment":[{"href":"https:\/\/cndestetik.ch\/de\/wp-json\/wp\/v2\/media?parent=44611"}],"wp:term":[{"taxonomy":"product_brand","embeddable":true,"href":"https:\/\/cndestetik.ch\/de\/wp-json\/wp\/v2\/product_brand?post=44611"},{"taxonomy":"product_cat","embeddable":true,"href":"https:\/\/cndestetik.ch\/de\/wp-json\/wp\/v2\/product_cat?post=44611"},{"taxonomy":"product_tag","embeddable":true,"href":"https:\/\/cndestetik.ch\/de\/wp-json\/wp\/v2\/product_tag?post=44611"}],"curies":[{"name":"wp","href":"https:\/\/api.w.org\/{rel}","templated":true}]}}