{"id":44608,"date":"2022-06-09T13:47:26","date_gmt":"2022-06-09T11:47:26","guid":{"rendered":"https:\/\/ticinoweb01.jcloud.ik-server.com\/cndestetik\/prodotto\/menopause-ausgleichende-behandlung\/"},"modified":"2025-01-23T08:35:50","modified_gmt":"2025-01-23T07:35:50","slug":"menopause-ausgleichsbehandlung","status":"publish","type":"product","link":"https:\/\/cndestetik.ch\/de\/prodotto\/menopause-ausgleichsbehandlung\/","title":{"rendered":"MENOPAUSE &#8211; AUSGLEICHENDE BEHANDLUNG"},"content":{"rendered":"<p>Diese Behandlung zielt darauf ab, die Energien w\u00e4hrend einer besonderen Zeit im Leben einer Frau wieder ins Gleichgewicht zu bringen: der Menopause.<\/p>\n<p>\u00c4therische \u00d6le und spagyrische Oleolithe werden sowohl vor als auch nach der Behandlung empfohlen, um die Klientin in diesem heiklen Moment zu unterst\u00fctzen, der sich oft durch Unruhe, Stress, Verwirrung und Hitzewallungen \u00e4u\u00dfert.<\/p>\n<p>Der Bausatz enth\u00e4lt:<\/p>\n<ul>\n<li>Mandel\u00f6l 1lt<\/li>\n<li>\u00c4therische \u00d6le: Salbei, Lavendel, Zypresse, Geranie, Minze, Thymian, Ingwer.<\/li>\n<li>Spagyrische Oleolithe: Hagebutte, Schafgarbe, Rosmarin, Salbei<\/li>\n<li>Behandlungsblatt und Ratschl\u00e4ge f\u00fcr zu Hause<\/li>\n<\/ul>\n","protected":false},"excerpt":{"rendered":"<p>Diese Behandlung zielt darauf ab, die Energien w\u00e4hrend einer besonderen Zeit im Leben einer Frau wieder ins Gleichgewicht zu bringen: der Menopause.<\/p>\n","protected":false},"featured_media":41733,"template":"","meta":{"_acf_changed":false},"product_brand":[],"product_cat":[12980],"product_tag":[1030,9434,7141],"class_list":{"0":"post-44608","1":"product","2":"type-product","3":"status-publish","4":"has-post-thumbnail","6":"product_cat-mikrokosmos","7":"product_tag-behandlung","8":"product_tag-menopause-de","9":"product_tag-neugewichtung","11":"first","12":"instock","13":"taxable","14":"shipping-taxable","15":"purchasable","16":"product-type-simple"},"acf":[],"jetpack_sharing_enabled":true,"_links":{"self":[{"href":"https:\/\/cndestetik.ch\/de\/wp-json\/wp\/v2\/product\/44608","targetHints":{"allow":["GET"]}}],"collection":[{"href":"https:\/\/cndestetik.ch\/de\/wp-json\/wp\/v2\/product"}],"about":[{"href":"https:\/\/cndestetik.ch\/de\/wp-json\/wp\/v2\/types\/product"}],"wp:featuredmedia":[{"embeddable":true,"href":"https:\/\/cndestetik.ch\/de\/wp-json\/wp\/v2\/media\/41733"}],"wp:attachment":[{"href":"https:\/\/cndestetik.ch\/de\/wp-json\/wp\/v2\/media?parent=44608"}],"wp:term":[{"taxonomy":"product_brand","embeddable":true,"href":"https:\/\/cndestetik.ch\/de\/wp-json\/wp\/v2\/product_brand?post=44608"},{"taxonomy":"product_cat","embeddable":true,"href":"https:\/\/cndestetik.ch\/de\/wp-json\/wp\/v2\/product_cat?post=44608"},{"taxonomy":"product_tag","embeddable":true,"href":"https:\/\/cndestetik.ch\/de\/wp-json\/wp\/v2\/product_tag?post=44608"}],"curies":[{"name":"wp","href":"https:\/\/api.w.org\/{rel}","templated":true}]}}