{"id":44601,"date":"2022-06-09T14:05:36","date_gmt":"2022-06-09T12:05:36","guid":{"rendered":"https:\/\/ticinoweb01.jcloud.ik-server.com\/cndestetik\/prodotto\/naehrende-massage-monoi-butter\/"},"modified":"2025-01-23T08:37:13","modified_gmt":"2025-01-23T07:37:13","slug":"massage-nahrungsbutter-monoi","status":"publish","type":"product","link":"https:\/\/cndestetik.ch\/de\/prodotto\/massage-nahrungsbutter-monoi\/","title":{"rendered":"N\u00c4HRENDE MASSAGE &#8211; MONOI-BUTTER"},"content":{"rendered":"<p>Eine Sch\u00f6nheitsbehandlung zum Verw\u00f6hnen und Entspannen. Ein v\u00f6lliges Eintauchen in eine duftende und n\u00e4hrende Welt mit exotischen und fernen Noten.<\/p>\n<p>Es ist besonders f\u00fcr Menschen mit sehr trockener Haut geeignet, wird aber auch all jenen empfohlen, die sich eine weiche, seidige Haut w\u00fcnschen und gleichzeitig ein angenehmes Gef\u00fchl durch dieses Parf\u00fcm erleben m\u00f6chten, das Sie an einen typischen tahitianischen Strand versetzen kann.<\/p>\n<p>Der Bausatz enth\u00e4lt:<\/p>\n<ul>\n<li>2 Naturbelassene Hanfhandschuhe<\/li>\n<li>2 Monoi-Butter 500ml<\/li>\n<\/ul>\n","protected":false},"excerpt":{"rendered":"<p>Eine Sch\u00f6nheitsbehandlung zum Verw\u00f6hnen und Entspannen. Ein v\u00f6lliges Eintauchen in eine duftende und n\u00e4hrende Welt mit exotischen und fernen Noten.<\/p>\n","protected":false},"featured_media":41783,"template":"","meta":{"_acf_changed":false},"product_brand":[],"product_cat":[12980],"product_tag":[3649,410,3647,3648,471],"class_list":{"0":"post-44601","1":"product","2":"type-product","3":"status-publish","4":"has-post-thumbnail","6":"product_cat-mikrokosmos","7":"product_tag-entspannend","8":"product_tag-monoi-de","9":"product_tag-monoi-butter-de","10":"product_tag-monoi-ol","11":"product_tag-nahrhaft","13":"first","14":"instock","15":"taxable","16":"shipping-taxable","17":"purchasable","18":"product-type-simple"},"acf":[],"jetpack_sharing_enabled":true,"_links":{"self":[{"href":"https:\/\/cndestetik.ch\/de\/wp-json\/wp\/v2\/product\/44601","targetHints":{"allow":["GET"]}}],"collection":[{"href":"https:\/\/cndestetik.ch\/de\/wp-json\/wp\/v2\/product"}],"about":[{"href":"https:\/\/cndestetik.ch\/de\/wp-json\/wp\/v2\/types\/product"}],"wp:featuredmedia":[{"embeddable":true,"href":"https:\/\/cndestetik.ch\/de\/wp-json\/wp\/v2\/media\/41783"}],"wp:attachment":[{"href":"https:\/\/cndestetik.ch\/de\/wp-json\/wp\/v2\/media?parent=44601"}],"wp:term":[{"taxonomy":"product_brand","embeddable":true,"href":"https:\/\/cndestetik.ch\/de\/wp-json\/wp\/v2\/product_brand?post=44601"},{"taxonomy":"product_cat","embeddable":true,"href":"https:\/\/cndestetik.ch\/de\/wp-json\/wp\/v2\/product_cat?post=44601"},{"taxonomy":"product_tag","embeddable":true,"href":"https:\/\/cndestetik.ch\/de\/wp-json\/wp\/v2\/product_tag?post=44601"}],"curies":[{"name":"wp","href":"https:\/\/api.w.org\/{rel}","templated":true}]}}