{"id":44596,"date":"2022-06-09T14:23:18","date_gmt":"2022-06-09T12:23:18","guid":{"rendered":"https:\/\/ticinoweb01.jcloud.ik-server.com\/cndestetik\/prodotto\/pregnancy-straffende-behandlung\/"},"modified":"2025-01-23T08:33:50","modified_gmt":"2025-01-23T07:33:50","slug":"schwangerschaft-behandlung-toning","status":"publish","type":"product","link":"https:\/\/cndestetik.ch\/de\/prodotto\/schwangerschaft-behandlung-toning\/","title":{"rendered":"PREGNANCY &#8211; Straffende Behandlung"},"content":{"rendered":"<p>Es sind Monate der Transformation, die Formen ver\u00e4ndern sich und begleiten die Schwangerschaft. Es ist ein gutes Gef\u00fchl, sich um sich selbst zu k\u00fcmmern und den eigenen K\u00f6rper zu lieben, der arbeitet und sich dem Wachstum eines neuen Lebens widmet. Die Behandlung zielt auf die Elastizit\u00e4t der Haut ab. Es hat eine gewebestraffende Wirkung. Verhindert die Bildung von Dehnungsstreifen.<\/p>\n<p>Der Bausatz enth\u00e4lt:<\/p>\n<ul>\n<li>2 Naturbelassene Hanfhandschuhe<\/li>\n<li>Aprikosenkern\u00f6l 500ml<\/li>\n<li>Mandel\u00f6l 1lt<\/li>\n<li>Neutral-Aloe-Gel 500ml<\/li>\n<li>Hydro-Glycerin-Extrakte: Hopfen, Schachtelhalm, Echinacea<\/li>\n<li>Bittersalz 1 kg<\/li>\n<li>Bandagen (2 Pkg)<\/li>\n<li>Spagyrische Oleolithe: Ringelblume, Lavendel, Efeu, Birke, Rosmarin<\/li>\n<li>\u00c4therische \u00d6le: Lavendel, Zitronenmelisse, Bitterorange, Zitrone, Grapefruit (nur Aromatherapie)<\/li>\n<li>Behandlungsblatt und Ratschl\u00e4ge f\u00fcr zu Hause<\/li>\n<\/ul>\n","protected":false},"excerpt":{"rendered":"<p>Die Behandlung zielt darauf ab, die Haut w\u00e4hrend der Schwangerschaft zu straffen. Es hat eine gewebestraffende Wirkung. Verhindert die Bildung von Dehnungsstreifen.<\/p>\n","protected":false},"featured_media":41829,"template":"","meta":{"_acf_changed":false},"product_brand":[],"product_cat":[1895,12980],"product_tag":[3628,3632,3631,3629,3630],"class_list":{"0":"post-44596","1":"product","2":"type-product","3":"status-publish","4":"has-post-thumbnail","6":"product_cat-kinder","7":"product_cat-mikrokosmos","8":"product_tag-baby-de","9":"product_tag-belebend","10":"product_tag-mama","11":"product_tag-schwanger","12":"product_tag-schwangerschaft","14":"first","15":"instock","16":"featured","17":"taxable","18":"shipping-taxable","19":"purchasable","20":"product-type-simple"},"acf":[],"jetpack_sharing_enabled":true,"_links":{"self":[{"href":"https:\/\/cndestetik.ch\/de\/wp-json\/wp\/v2\/product\/44596","targetHints":{"allow":["GET"]}}],"collection":[{"href":"https:\/\/cndestetik.ch\/de\/wp-json\/wp\/v2\/product"}],"about":[{"href":"https:\/\/cndestetik.ch\/de\/wp-json\/wp\/v2\/types\/product"}],"wp:featuredmedia":[{"embeddable":true,"href":"https:\/\/cndestetik.ch\/de\/wp-json\/wp\/v2\/media\/41829"}],"wp:attachment":[{"href":"https:\/\/cndestetik.ch\/de\/wp-json\/wp\/v2\/media?parent=44596"}],"wp:term":[{"taxonomy":"product_brand","embeddable":true,"href":"https:\/\/cndestetik.ch\/de\/wp-json\/wp\/v2\/product_brand?post=44596"},{"taxonomy":"product_cat","embeddable":true,"href":"https:\/\/cndestetik.ch\/de\/wp-json\/wp\/v2\/product_cat?post=44596"},{"taxonomy":"product_tag","embeddable":true,"href":"https:\/\/cndestetik.ch\/de\/wp-json\/wp\/v2\/product_tag?post=44596"}],"curies":[{"name":"wp","href":"https:\/\/api.w.org\/{rel}","templated":true}]}}