{"id":44593,"date":"2022-06-09T14:34:45","date_gmt":"2022-06-09T12:34:45","guid":{"rendered":"https:\/\/ticinoweb01.jcloud.ik-server.com\/cndestetik\/prodotto\/cellulite-behandlung\/"},"modified":"2025-01-23T08:33:55","modified_gmt":"2025-01-23T07:33:55","slug":"cellulite-behandlung","status":"publish","type":"product","link":"https:\/\/cndestetik.ch\/de\/prodotto\/cellulite-behandlung\/","title":{"rendered":"CELLULITE-BEHANDLUNG"},"content":{"rendered":"<p>Es handelt sich um eine leitende Behandlung, die auf die Behandlung einer der h\u00e4ufigsten und am schwersten zu beseitigenden Arten von Cellulite abzielt: die faserige Cellulite. Sie geht h\u00e4ufig mit einer geringen Gewebeelastizit\u00e4t und Dehnungsstreifen einher.<\/p>\n<p>Der Bausatz enth\u00e4lt:<\/p>\n<ul>\n<li>2 Naturbelassene Hanfhandschuhe<\/li>\n<li>Peeling-Peeling mit Aloe, Malve und Ananas 500ml<\/li>\n<li>Bandagen (2 Pkg)<\/li>\n<li>Schlammtuch<\/li>\n<li>Heilsalbe<\/li>\n<li>Schlankheitsschlamm mit gr\u00fcner Tonerde, Fucus und Centella<\/li>\n<li>Bittersalz 1kg<\/li>\n<li>Hydro-Glycerin-Auszug aus Hopfen<\/li>\n<li>\u00d6l zur Behandlung von Cellulite 500 ml<\/li>\n<li>Cellulite-Behandlungsgel 500 ml<\/li>\n<li>Behandlungsblatt und Ratschl\u00e4ge f\u00fcr zu Hause<\/li>\n<\/ul>\n","protected":false},"excerpt":{"rendered":"<p>Es handelt sich um eine leitende Behandlung, die auf die Behandlung einer der h\u00e4ufigsten und am schwersten zu beseitigenden Arten von Cellulite abzielt: die faserige Cellulite. Sie geht h\u00e4ufig mit einer geringen Gewebeelastizit\u00e4t und Dehnungsstreifen einher.<\/p>\n","protected":false},"featured_media":41854,"template":"","meta":{"_acf_changed":false},"product_brand":[],"product_cat":[12980],"product_tag":[3609,3606,3617,3616,3574],"class_list":{"0":"post-44593","1":"product","2":"type-product","3":"status-publish","4":"has-post-thumbnail","6":"product_cat-mikrokosmos","7":"product_tag-beine","8":"product_tag-cellulite-de","9":"product_tag-dehnungsstreifen","10":"product_tag-faserige-cellulitis","11":"product_tag-korperbehandlung","13":"first","14":"instock","15":"featured","16":"taxable","17":"shipping-taxable","18":"purchasable","19":"product-type-simple"},"acf":[],"jetpack_sharing_enabled":true,"_links":{"self":[{"href":"https:\/\/cndestetik.ch\/de\/wp-json\/wp\/v2\/product\/44593","targetHints":{"allow":["GET"]}}],"collection":[{"href":"https:\/\/cndestetik.ch\/de\/wp-json\/wp\/v2\/product"}],"about":[{"href":"https:\/\/cndestetik.ch\/de\/wp-json\/wp\/v2\/types\/product"}],"wp:featuredmedia":[{"embeddable":true,"href":"https:\/\/cndestetik.ch\/de\/wp-json\/wp\/v2\/media\/41854"}],"wp:attachment":[{"href":"https:\/\/cndestetik.ch\/de\/wp-json\/wp\/v2\/media?parent=44593"}],"wp:term":[{"taxonomy":"product_brand","embeddable":true,"href":"https:\/\/cndestetik.ch\/de\/wp-json\/wp\/v2\/product_brand?post=44593"},{"taxonomy":"product_cat","embeddable":true,"href":"https:\/\/cndestetik.ch\/de\/wp-json\/wp\/v2\/product_cat?post=44593"},{"taxonomy":"product_tag","embeddable":true,"href":"https:\/\/cndestetik.ch\/de\/wp-json\/wp\/v2\/product_tag?post=44593"}],"curies":[{"name":"wp","href":"https:\/\/api.w.org\/{rel}","templated":true}]}}