{"id":44590,"date":"2022-06-09T14:43:19","date_gmt":"2022-06-09T12:43:19","guid":{"rendered":"https:\/\/ticinoweb01.jcloud.ik-server.com\/cndestetik\/prodotto\/behandlung-von-beinoedemen\/"},"modified":"2025-01-23T08:37:16","modified_gmt":"2025-01-23T07:37:16","slug":"behandlung-beine-odeme","status":"publish","type":"product","link":"https:\/\/cndestetik.ch\/de\/prodotto\/behandlung-beine-odeme\/","title":{"rendered":"BEHANDLUNG VON BEIN\u00d6DEMEN"},"content":{"rendered":"<p>Es handelt sich um eine Behandlung, die auf die Behandlung einer der h\u00e4ufigsten Arten von Cellulite abzielt: Cellulite, die mit Lymphstau, starken \u00d6demen und geringer Elastizit\u00e4t des Gewebes einhergeht und zu Dehnungsstreifen f\u00fchrt.<\/p>\n<p>Der Bausatz enth\u00e4lt:<\/p>\n<ul>\n<li>2 Raue Hanfhandschuhe<\/li>\n<li>K\u00f6rperpeeling mit Aloe, Malve und Ananas 500ml<\/li>\n<li>Bandagen (2 Pkg)<\/li>\n<li>Schlammtuch<\/li>\n<li>Heilsalbe<\/li>\n<li>Abnehmender Schlamm mit gr\u00fcner Tonerde, Fucus und Centella<\/li>\n<li>Heidelbeere Salis 1 kg<\/li>\n<li>Hydroglyzerinextrakte: Hopfen, Heidelbeere<\/li>\n<li>Drainierende K\u00f6rper\u00f6le 500ml<\/li>\n<li>Cellulite-Behandlungsgel 500 ml<\/li>\n<li>Erfrischendes Entschlackungsgel 100ml<\/li>\n<li>Behandlungsblatt und Ratschl\u00e4ge f\u00fcr zu Hause<\/li>\n<\/ul>\n","protected":false},"excerpt":{"rendered":"<p>Es handelt sich um eine Behandlung, die auf die Behandlung einer der h\u00e4ufigsten Arten von Cellulite abzielt: Cellulite, die mit Lymphstau, starken \u00d6demen und geringer Elastizit\u00e4t des Gewebes einhergeht und zu Dehnungsstreifen f\u00fchrt.<\/p>\n","protected":false},"featured_media":41870,"template":"","meta":{"_acf_changed":false},"product_brand":[],"product_cat":[12980],"product_tag":[3609,3606,3611,3610,1841,3607,3608],"class_list":{"0":"post-44590","1":"product","2":"type-product","3":"status-publish","4":"has-post-thumbnail","6":"product_cat-mikrokosmos","7":"product_tag-beine","8":"product_tag-cellulite-de","9":"product_tag-epsom-salze","10":"product_tag-heidelbeersalze","11":"product_tag-korperbehandlungen","12":"product_tag-odeme","13":"product_tag-schlickschlamm","15":"first","16":"instock","17":"taxable","18":"shipping-taxable","19":"purchasable","20":"product-type-simple"},"acf":[],"jetpack_sharing_enabled":true,"_links":{"self":[{"href":"https:\/\/cndestetik.ch\/de\/wp-json\/wp\/v2\/product\/44590","targetHints":{"allow":["GET"]}}],"collection":[{"href":"https:\/\/cndestetik.ch\/de\/wp-json\/wp\/v2\/product"}],"about":[{"href":"https:\/\/cndestetik.ch\/de\/wp-json\/wp\/v2\/types\/product"}],"wp:featuredmedia":[{"embeddable":true,"href":"https:\/\/cndestetik.ch\/de\/wp-json\/wp\/v2\/media\/41870"}],"wp:attachment":[{"href":"https:\/\/cndestetik.ch\/de\/wp-json\/wp\/v2\/media?parent=44590"}],"wp:term":[{"taxonomy":"product_brand","embeddable":true,"href":"https:\/\/cndestetik.ch\/de\/wp-json\/wp\/v2\/product_brand?post=44590"},{"taxonomy":"product_cat","embeddable":true,"href":"https:\/\/cndestetik.ch\/de\/wp-json\/wp\/v2\/product_cat?post=44590"},{"taxonomy":"product_tag","embeddable":true,"href":"https:\/\/cndestetik.ch\/de\/wp-json\/wp\/v2\/product_tag?post=44590"}],"curies":[{"name":"wp","href":"https:\/\/api.w.org\/{rel}","templated":true}]}}