{"id":44523,"date":"2022-06-09T14:51:36","date_gmt":"2022-06-09T12:51:36","guid":{"rendered":"https:\/\/ticinoweb01.jcloud.ik-server.com\/cndestetik\/prodotto\/behandlung-von-venen-und-kapillaren\/"},"modified":"2025-01-23T08:37:13","modified_gmt":"2025-01-23T07:37:13","slug":"venen-und-kapillarbehandlung","status":"publish","type":"product","link":"https:\/\/cndestetik.ch\/de\/prodotto\/venen-und-kapillarbehandlung\/","title":{"rendered":"BEHANDLUNG VON VENEN UND KAPILLAREN"},"content":{"rendered":"<p>Diese Behandlung zielt darauf ab, Cellulite-Makel zu bek\u00e4mpfen, die h\u00e4ufig mit Kapillarbr\u00fcchigkeit, geringer Gewebeelastizit\u00e4t und Dehnungsstreifen einhergehen. Adjuvans bei ausgepr\u00e4gten Kapillaren, da es die Kapillaren st\u00e4rkt, die Mikrozirkulation reaktiviert und ein helleres und gleichm\u00e4\u00dfigeres Aussehen verleiht.<\/p>\n<p>Der Bausatz enth\u00e4lt:<\/p>\n<ul>\n<li>2 Naturbelassene Hanfhandschuhe<\/li>\n<li>K\u00f6rperpeeling mit Aloe, Ananas und Malve 500ml<\/li>\n<li>Bandagen (2 Pkg)<\/li>\n<li>Schlammtuch<\/li>\n<li>Heilsalbe<\/li>\n<li>K\u00f6rperschlamm mit Arnika und Lavendel<\/li>\n<li>Hydro-Glycerin-Extrakte: Heidelbeere, Hamamelis<\/li>\n<li>Spagyrisches \u00d6l aus Schafgarbe und Heckenrose<\/li>\n<li>\u00c4therische \u00d6le: Zitrone, Geranie, Zedernholz und Zypresse<\/li>\n<li>Heidelbeere Salis 1 Kg<\/li>\n<li>Venen und Kapillaren K\u00f6rper\u00f6l 500ml<\/li>\n<li>Cellulite-Behandlungsgel 500 ml<\/li>\n<li>Behandlungsblatt und Ratschl\u00e4ge f\u00fcr zu Hause<\/li>\n<\/ul>\n","protected":false},"excerpt":{"rendered":"<p>Adjuvans bei ausgepr\u00e4gten Kapillaren, da es diese st\u00e4rkt, die Mikrozirkulation reaktiviert und ein helleres und gleichm\u00e4\u00dfigeres Aussehen verleiht. Die Wirkung tritt sofort ein!<\/p>\n","protected":false},"featured_media":41886,"template":"","meta":{"_acf_changed":false},"product_brand":[],"product_cat":[12980],"product_tag":[3588,3585,3586,3587,3589],"class_list":{"0":"post-44523","1":"product","2":"type-product","3":"status-publish","4":"has-post-thumbnail","6":"product_cat-mikrokosmos","7":"product_tag-beinbehandlung","8":"product_tag-capillary-de","9":"product_tag-light-legs-de","10":"product_tag-microcircle-de","11":"product_tag-vene-de","13":"first","14":"instock","15":"featured","16":"taxable","17":"shipping-taxable","18":"purchasable","19":"product-type-simple"},"acf":[],"jetpack_sharing_enabled":true,"_links":{"self":[{"href":"https:\/\/cndestetik.ch\/de\/wp-json\/wp\/v2\/product\/44523","targetHints":{"allow":["GET"]}}],"collection":[{"href":"https:\/\/cndestetik.ch\/de\/wp-json\/wp\/v2\/product"}],"about":[{"href":"https:\/\/cndestetik.ch\/de\/wp-json\/wp\/v2\/types\/product"}],"wp:featuredmedia":[{"embeddable":true,"href":"https:\/\/cndestetik.ch\/de\/wp-json\/wp\/v2\/media\/41886"}],"wp:attachment":[{"href":"https:\/\/cndestetik.ch\/de\/wp-json\/wp\/v2\/media?parent=44523"}],"wp:term":[{"taxonomy":"product_brand","embeddable":true,"href":"https:\/\/cndestetik.ch\/de\/wp-json\/wp\/v2\/product_brand?post=44523"},{"taxonomy":"product_cat","embeddable":true,"href":"https:\/\/cndestetik.ch\/de\/wp-json\/wp\/v2\/product_cat?post=44523"},{"taxonomy":"product_tag","embeddable":true,"href":"https:\/\/cndestetik.ch\/de\/wp-json\/wp\/v2\/product_tag?post=44523"}],"curies":[{"name":"wp","href":"https:\/\/api.w.org\/{rel}","templated":true}]}}