{"id":44508,"date":"2022-06-09T15:06:37","date_gmt":"2022-06-09T13:06:37","guid":{"rendered":"https:\/\/ticinoweb01.jcloud.ik-server.com\/cndestetik\/prodotto\/behandlung-unreiner-haut-am-ruecken\/"},"modified":"2025-01-23T08:37:18","modified_gmt":"2025-01-23T07:37:18","slug":"behandlung-haut-impura-rucken","status":"publish","type":"product","link":"https:\/\/cndestetik.ch\/de\/prodotto\/behandlung-haut-impura-rucken\/","title":{"rendered":"BEHANDLUNG UNREINER HAUT AM R\u00dcCKEN"},"content":{"rendered":"<p>Es handelt sich um eine Behandlung f\u00fcr diejenigen, die unter st\u00e4ndigen, weit verbreiteten Unreinheiten auf dem R\u00fccken leiden, die in der Regel durch das Vorhandensein von Pickeln oder sogar Akne begleitet von Juckreiz gekennzeichnet sind. Regelm\u00e4\u00dfig durchgef\u00fchrt, soll sie die Haut wieder ins Gleichgewicht bringen und Entz\u00fcndungen und Juckreiz lindern oder beseitigen.<\/p>\n<p>Der Bausatz enth\u00e4lt:<\/p>\n<ul>\n<li>Reinigungsmilch 500ml<\/li>\n<li>K\u00f6rperpeeling mit Aloe, Ananas und Malve 500ml<\/li>\n<li>K\u00f6rperschlamm mit Arnika und Lavendel<\/li>\n<li>Spagyrische Oleolithen: Calendula, Roter Thymian, Hypericum<\/li>\n<li>Thymian, Malve und Lavendel Hydrolate<\/li>\n<li>Silbernes Spray<\/li>\n<li>Neutral-Aloe-Gel 500ml<\/li>\n<li>Hydro-Glycerin-Extrakte: Hamamelis und Klette<\/li>\n<li>\u00c4therische \u00d6le: Lavendel, Eisenkraut, Ingwer, Teebaum<\/li>\n<li>Behandlungsblatt und Ratschl\u00e4ge f\u00fcr zu Hause<\/li>\n<\/ul>\n","protected":false},"excerpt":{"rendered":"<p>Es handelt sich um eine Behandlung f\u00fcr diejenigen, die unter st\u00e4ndigen, weit verbreiteten Unreinheiten auf dem R\u00fccken leiden, die in der Regel durch das Vorhandensein von Pickeln oder sogar Akne begleitet von Juckreiz gekennzeichnet sind.<\/p>\n","protected":false},"featured_media":41909,"template":"","meta":{"_acf_changed":false},"product_brand":[],"product_cat":[1924,12980],"product_tag":[3569,3570,3574,3572,3571,3573],"class_list":{"0":"post-44508","1":"product","2":"type-product","3":"status-publish","4":"has-post-thumbnail","6":"product_cat-ermittlung","7":"product_cat-mikrokosmos","8":"product_tag-akne","9":"product_tag-brufoletti-de","10":"product_tag-korperbehandlung","11":"product_tag-prurito-de","12":"product_tag-verunreinigungen","13":"product_tag-zuruck","15":"first","16":"instock","17":"featured","18":"taxable","19":"shipping-taxable","20":"purchasable","21":"product-type-simple"},"acf":[],"jetpack_sharing_enabled":true,"_links":{"self":[{"href":"https:\/\/cndestetik.ch\/de\/wp-json\/wp\/v2\/product\/44508","targetHints":{"allow":["GET"]}}],"collection":[{"href":"https:\/\/cndestetik.ch\/de\/wp-json\/wp\/v2\/product"}],"about":[{"href":"https:\/\/cndestetik.ch\/de\/wp-json\/wp\/v2\/types\/product"}],"wp:featuredmedia":[{"embeddable":true,"href":"https:\/\/cndestetik.ch\/de\/wp-json\/wp\/v2\/media\/41909"}],"wp:attachment":[{"href":"https:\/\/cndestetik.ch\/de\/wp-json\/wp\/v2\/media?parent=44508"}],"wp:term":[{"taxonomy":"product_brand","embeddable":true,"href":"https:\/\/cndestetik.ch\/de\/wp-json\/wp\/v2\/product_brand?post=44508"},{"taxonomy":"product_cat","embeddable":true,"href":"https:\/\/cndestetik.ch\/de\/wp-json\/wp\/v2\/product_cat?post=44508"},{"taxonomy":"product_tag","embeddable":true,"href":"https:\/\/cndestetik.ch\/de\/wp-json\/wp\/v2\/product_tag?post=44508"}],"curies":[{"name":"wp","href":"https:\/\/api.w.org\/{rel}","templated":true}]}}