{"id":44431,"date":"2022-06-15T15:21:30","date_gmt":"2022-06-15T13:21:30","guid":{"rendered":"https:\/\/ticinoweb01.jcloud.ik-server.com\/cndestetik\/prodotto\/wimpern-elixier-roll-on\/"},"modified":"2025-02-12T08:49:30","modified_gmt":"2025-02-12T07:49:30","slug":"elixier-illa-roll-on","status":"publish","type":"product","link":"https:\/\/cndestetik.ch\/de\/prodotto\/elixier-illa-roll-on\/","title":{"rendered":"Wimpern-Elixier &#8211; Roll-on"},"content":{"rendered":"<p><span data-sheets-value=\"{\"1\":2,\"2\":\"Un composto a base di Olio di Ricino da applicare su ciglia e sopracciglia deboli, corte e diradate. Passare il roll sulla zona interessata tutte le sere prima di andare a dormire. Al mattino risciacqua con acqua tiepida. Ciglia e sopracciglia risulteranno forti e robuste e riusciranno a valorizzare il tuo sguardo e l'intero volto.\"}\" data-sheets-userformat=\"{\"2\":15297,\"3\":{\"1\":0},\"9\":0,\"10\":2,\"11\":0,\"12\":0,\"14\":{\"1\":2,\"2\":0},\"15\":\"Calibri\",\"16\":11}\">Ein Pr\u00e4parat auf Rizinus\u00f6lbasis, das bei schwachen, kurzen und d\u00fcnner werdenden Wimpern und Augenbrauen angewendet wird. Legen Sie die Rolle jeden Abend vor dem Schlafengehen auf die betroffene Stelle. Morgens mit lauwarmem Wasser absp\u00fclen. Wimpern und Augenbrauen werden kr\u00e4ftig und robust sein und Ihren Blick und Ihr ganzes Gesicht betonen.<\/span><\/p>\n<p>Gr\u00f6\u00dfe: 5ml<\/p>\n","protected":false},"excerpt":{"rendered":"<p>Ein spezieller Roll-on f\u00fcr einen gl\u00e4nzenden, bezaubernden Look! Eine Basismischung aus Rizinus\u00f6l und \u00e4therischen \u00d6len, die auf Wimpern und Augenbrauen aufgetragen wird.<\/p>\n","protected":false},"featured_media":53337,"template":"","meta":{"_acf_changed":false},"product_brand":[],"product_cat":[12988,1495,2128,12980],"product_tag":[3506,3505,3507,3508,721],"class_list":{"0":"post-44431","1":"product","2":"type-product","3":"status-publish","4":"has-post-thumbnail","6":"product_cat-gesicht","7":"product_cat-kosmetik","8":"product_cat-lash-brow-de","9":"product_cat-mikrokosmos","10":"product_tag-auf","11":"product_tag-elixier","12":"product_tag-rolle-de-2","13":"product_tag-weiterrollen","14":"product_tag-wimpern","16":"first","17":"instock","18":"taxable","19":"shipping-taxable","20":"purchasable","21":"product-type-simple"},"acf":[],"jetpack_sharing_enabled":true,"_links":{"self":[{"href":"https:\/\/cndestetik.ch\/de\/wp-json\/wp\/v2\/product\/44431","targetHints":{"allow":["GET"]}}],"collection":[{"href":"https:\/\/cndestetik.ch\/de\/wp-json\/wp\/v2\/product"}],"about":[{"href":"https:\/\/cndestetik.ch\/de\/wp-json\/wp\/v2\/types\/product"}],"wp:featuredmedia":[{"embeddable":true,"href":"https:\/\/cndestetik.ch\/de\/wp-json\/wp\/v2\/media\/53337"}],"wp:attachment":[{"href":"https:\/\/cndestetik.ch\/de\/wp-json\/wp\/v2\/media?parent=44431"}],"wp:term":[{"taxonomy":"product_brand","embeddable":true,"href":"https:\/\/cndestetik.ch\/de\/wp-json\/wp\/v2\/product_brand?post=44431"},{"taxonomy":"product_cat","embeddable":true,"href":"https:\/\/cndestetik.ch\/de\/wp-json\/wp\/v2\/product_cat?post=44431"},{"taxonomy":"product_tag","embeddable":true,"href":"https:\/\/cndestetik.ch\/de\/wp-json\/wp\/v2\/product_tag?post=44431"}],"curies":[{"name":"wp","href":"https:\/\/api.w.org\/{rel}","templated":true}]}}