{"id":44161,"date":"2022-06-07T15:52:41","date_gmt":"2022-06-07T13:52:41","guid":{"rendered":"https:\/\/ticinoweb01.jcloud.ik-server.com\/cndestetik\/prodotto\/lenz-2-lagige-zelluloserolle-h90cm-x-80mtl\/"},"modified":"2023-04-19T13:22:36","modified_gmt":"2023-04-19T11:22:36","slug":"lenz-roll-cellulose-2-ply-h90cm-x-80mtl","status":"publish","type":"product","link":"https:\/\/cndestetik.ch\/de\/prodotto\/lenz-roll-cellulose-2-ply-h90cm-x-80mtl\/","title":{"rendered":"Lenz. 2-lagige Zelluloserolle h90cm x 80mtl"},"content":{"rendered":"<p><span data-sheets-value=\"{\"1\":2,\"2\":\"Lenzuolino in pura cellulosa goffrata. 2 veli incollati, soffice di alta qualit\u00e0, pretaglio ogni 58 cm. Altezza 90 cm. lunghezza 80 mtl. certificati. Cartone da 6 pz. Offerte su acquisto di quantit\u00e0 superiori personalizzate.\"}\" data-sheets-userformat=\"{\"2\":15299,\"3\":{\"1\":0},\"4\":{\"1\":2,\"2\":16776960},\"9\":0,\"10\":2,\"11\":0,\"12\":0,\"14\":{\"1\":2,\"2\":0},\"15\":\"Calibri\",\"16\":11}\">Gepr\u00e4gte reine Zelluloseplatte. 2-lagig verleimt, hochwertig weich, alle 58 cm vorgeschnitten. H\u00f6he 90 cm, L\u00e4nge 80 mtl. Zertifikate. Karton mit 4 St\u00fcck.  <\/span><\/p>\n<p><span data-sheets-value=\"{\"1\":2,\"2\":\"Lenzuolino in pura cellulosa goffrata. 2 veli incollati, soffice di alta qualit\u00e0, pretaglio ogni 58 cm. Altezza 90 cm. lunghezza 80 mtl. certificati. Cartone da 6 pz. Offerte su acquisto di quantit\u00e0 superiori personalizzate.\"}\" data-sheets-userformat=\"{\"2\":15299,\"3\":{\"1\":0},\"4\":{\"1\":2,\"2\":16776960},\"9\":0,\"10\":2,\"11\":0,\"12\":0,\"14\":{\"1\":2,\"2\":0},\"15\":\"Calibri\",\"16\":11}\">Angebote beim Kauf gr\u00f6\u00dferer Mengen nach Ma\u00df.<\/span><\/p>\n","protected":false},"excerpt":{"rendered":"<p>Bettlaken aus Zellulose<\/p>\n<p>Preis pro Karton mit 6 Rollen, Einzelrolle 13.50 chf+MwSt.<\/p>\n","protected":false},"featured_media":39792,"template":"","meta":{"_acf_changed":false},"product_brand":[],"product_cat":[942,11234,11230],"product_tag":[1156,933,1835,1264],"class_list":{"0":"post-44161","1":"product","2":"type-product","3":"status-publish","4":"has-post-thumbnail","6":"product_cat-einzelbenutzung","7":"product_cat-physiotherapie-de","8":"product_cat-tatuatoren","9":"product_tag-liegestuhl","10":"product_tag-rolle-de","11":"product_tag-rollt","12":"product_tag-zellulose","13":"pa_rotoli-30stuck","14":"pa_rotoli-60stuck","15":"pa_rotoli-6stuck","17":"first","18":"instock","19":"taxable","20":"shipping-taxable","21":"purchasable","22":"product-type-simple"},"acf":[],"jetpack_sharing_enabled":true,"_links":{"self":[{"href":"https:\/\/cndestetik.ch\/de\/wp-json\/wp\/v2\/product\/44161","targetHints":{"allow":["GET"]}}],"collection":[{"href":"https:\/\/cndestetik.ch\/de\/wp-json\/wp\/v2\/product"}],"about":[{"href":"https:\/\/cndestetik.ch\/de\/wp-json\/wp\/v2\/types\/product"}],"wp:featuredmedia":[{"embeddable":true,"href":"https:\/\/cndestetik.ch\/de\/wp-json\/wp\/v2\/media\/39792"}],"wp:attachment":[{"href":"https:\/\/cndestetik.ch\/de\/wp-json\/wp\/v2\/media?parent=44161"}],"wp:term":[{"taxonomy":"product_brand","embeddable":true,"href":"https:\/\/cndestetik.ch\/de\/wp-json\/wp\/v2\/product_brand?post=44161"},{"taxonomy":"product_cat","embeddable":true,"href":"https:\/\/cndestetik.ch\/de\/wp-json\/wp\/v2\/product_cat?post=44161"},{"taxonomy":"product_tag","embeddable":true,"href":"https:\/\/cndestetik.ch\/de\/wp-json\/wp\/v2\/product_tag?post=44161"}],"curies":[{"name":"wp","href":"https:\/\/api.w.org\/{rel}","templated":true}]}}