{"id":40447,"date":"2022-06-03T15:34:53","date_gmt":"2022-06-03T13:34:53","guid":{"rendered":"https:\/\/ticinoweb01.jcloud.ik-server.com\/cndestetik\/prodotto\/alkohol-705-1-lt\/"},"modified":"2023-10-18T09:39:24","modified_gmt":"2023-10-18T07:39:24","slug":"alkohol-70-5-1-lt","status":"publish","type":"product","link":"https:\/\/cndestetik.ch\/de\/prodotto\/alkohol-70-5-1-lt\/","title":{"rendered":"Alkohol 70,5% 1 lt."},"content":{"rendered":"<p><span data-sheets-value=\"{\"1\":2,\"2\":\"Liquido per disinfettare superfici ed oggetti non sensibili. Ad altao contenuto alcolico (70.5%) Compreso spruzzino \"}\" data-sheets-userformat=\"{\"2\":15297,\"3\":{\"1\":0},\"9\":0,\"10\":2,\"11\":0,\"12\":0,\"14\":{\"1\":2,\"2\":0},\"15\":\"Calibri\",\"16\":11}\">Desinfektionsfl\u00fcssigkeit f\u00fcr unempfindliche Oberfl\u00e4chen und Gegenst\u00e4nde. Hoher Alkoholgehalt (70,5%). Einschlie\u00dflich Spray.<\/span><\/p>\n","protected":false},"excerpt":{"rendered":"<p>1-Liter-Kanister mit Desinfektionsalkohol, einschlie\u00dflich Spray.<\/p>\n","protected":false},"featured_media":61204,"template":"","meta":{"_acf_changed":false},"product_brand":[],"product_cat":[1213,11234],"product_tag":[2384,2383,2271],"class_list":{"0":"post-40447","1":"product","2":"type-product","3":"status-publish","4":"has-post-thumbnail","6":"product_cat-hygiene-und-sicherheit","7":"product_cat-physiotherapie-de","8":"product_tag-alkohol-de","9":"product_tag-alkohol","10":"product_tag-desinfektionsmittel","11":"pa_pezzi-12-stuck","12":"pa_pezzi-6-stuck","14":"first","15":"instock","16":"taxable","17":"shipping-taxable","18":"purchasable","19":"product-type-variable"},"acf":[],"jetpack_sharing_enabled":true,"_links":{"self":[{"href":"https:\/\/cndestetik.ch\/de\/wp-json\/wp\/v2\/product\/40447","targetHints":{"allow":["GET"]}}],"collection":[{"href":"https:\/\/cndestetik.ch\/de\/wp-json\/wp\/v2\/product"}],"about":[{"href":"https:\/\/cndestetik.ch\/de\/wp-json\/wp\/v2\/types\/product"}],"wp:featuredmedia":[{"embeddable":true,"href":"https:\/\/cndestetik.ch\/de\/wp-json\/wp\/v2\/media\/61204"}],"wp:attachment":[{"href":"https:\/\/cndestetik.ch\/de\/wp-json\/wp\/v2\/media?parent=40447"}],"wp:term":[{"taxonomy":"product_brand","embeddable":true,"href":"https:\/\/cndestetik.ch\/de\/wp-json\/wp\/v2\/product_brand?post=40447"},{"taxonomy":"product_cat","embeddable":true,"href":"https:\/\/cndestetik.ch\/de\/wp-json\/wp\/v2\/product_cat?post=40447"},{"taxonomy":"product_tag","embeddable":true,"href":"https:\/\/cndestetik.ch\/de\/wp-json\/wp\/v2\/product_tag?post=40447"}],"curies":[{"name":"wp","href":"https:\/\/api.w.org\/{rel}","templated":true}]}}