{"id":40393,"date":"2022-06-03T14:55:40","date_gmt":"2022-06-03T12:55:40","guid":{"rendered":"https:\/\/ticinoweb01.jcloud.ik-server.com\/cndestetik\/prodotto\/germocid-wischtuecher-alkohol-60\/"},"modified":"2022-11-15T16:00:28","modified_gmt":"2022-11-15T15:00:28","slug":"germocid-wipes-alkohol-60","status":"publish","type":"product","link":"https:\/\/cndestetik.ch\/de\/prodotto\/germocid-wipes-alkohol-60\/","title":{"rendered":"Germocid Wischt\u00fccher &#8211; Alkohol 60%"},"content":{"rendered":"<p><span data-sheets-value=\"{\"1\":2,\"2\":\"Ideali per detergere e disinfettare dispositivi medici non invasivi e superfici di studi medici e dentistici.\\nAzione disinfettante: azione disinfettante rapida ed efficace contro batteri Gram+ e Gram-, lieviti, muffe, funghi, micobatteri tubercolari (TBC), virus (HIV - HVB - HVC).\\nNon sono inattivate da residui organici.\\nElevato potere detergente e rapida evaporazione\"}\" data-sheets-userformat=\"{\"2\":15297,\"3\":{\"1\":0},\"9\":0,\"10\":2,\"11\":0,\"12\":0,\"14\":{\"1\":2,\"2\":0},\"15\":\"Calibri\",\"16\":11}\">Ideal f\u00fcr die Reinigung und Desinfektion von nicht-invasiven medizinischen Ger\u00e4ten und Oberfl\u00e4chen in Arzt- und Zahnarztpraxen.<br \/>\nDesinfektionswirkung: schnelle und effektive Desinfektionswirkung gegen Gram+ und Gram- Bakterien, Hefen, Schimmelpilze, Pilze, tuberkul\u00f6se Mykobakterien (TB), Viren (HIV &#8211; HVB &#8211; HVC).<br \/>\nSie werden durch organische R\u00fcckst\u00e4nde nicht inaktiviert.<br \/>\nHohe Reinigungskraft und schnelle Verdunstung.<\/span><\/p>\n<p>220 St\u00fcck pro Tube.<\/p>\n","protected":false},"excerpt":{"rendered":"<p>Dose mit 220 Desinfektionst\u00fcchern.<\/p>\n","protected":false},"featured_media":40390,"template":"","meta":{"_acf_changed":false},"product_brand":[],"product_cat":[1213],"product_tag":[2271,2294,2295,2293],"class_list":{"0":"post-40393","1":"product","2":"type-product","3":"status-publish","4":"has-post-thumbnail","6":"product_cat-hygiene-und-sicherheit","7":"product_tag-desinfektionsmittel","8":"product_tag-wischt-de","9":"product_tag-wischt-de-2","10":"product_tag-wischt","12":"first","13":"instock","14":"taxable","15":"shipping-taxable","16":"purchasable","17":"product-type-simple"},"acf":[],"jetpack_sharing_enabled":true,"_links":{"self":[{"href":"https:\/\/cndestetik.ch\/de\/wp-json\/wp\/v2\/product\/40393","targetHints":{"allow":["GET"]}}],"collection":[{"href":"https:\/\/cndestetik.ch\/de\/wp-json\/wp\/v2\/product"}],"about":[{"href":"https:\/\/cndestetik.ch\/de\/wp-json\/wp\/v2\/types\/product"}],"wp:featuredmedia":[{"embeddable":true,"href":"https:\/\/cndestetik.ch\/de\/wp-json\/wp\/v2\/media\/40390"}],"wp:attachment":[{"href":"https:\/\/cndestetik.ch\/de\/wp-json\/wp\/v2\/media?parent=40393"}],"wp:term":[{"taxonomy":"product_brand","embeddable":true,"href":"https:\/\/cndestetik.ch\/de\/wp-json\/wp\/v2\/product_brand?post=40393"},{"taxonomy":"product_cat","embeddable":true,"href":"https:\/\/cndestetik.ch\/de\/wp-json\/wp\/v2\/product_cat?post=40393"},{"taxonomy":"product_tag","embeddable":true,"href":"https:\/\/cndestetik.ch\/de\/wp-json\/wp\/v2\/product_tag?post=40393"}],"curies":[{"name":"wp","href":"https:\/\/api.w.org\/{rel}","templated":true}]}}