{"id":40164,"date":"2020-12-17T12:04:39","date_gmt":"2020-12-17T11:04:39","guid":{"rendered":"https:\/\/ticinoweb01.jcloud.ik-server.com\/cndestetik\/prodotto\/spagyrische-oleolyte-fuer-trockene-haut-microcosmo\/"},"modified":"2020-12-17T12:04:39","modified_gmt":"2020-12-17T11:04:39","slug":"oleolyt-spagyrische-haut-secca","status":"publish","type":"product","link":"https:\/\/cndestetik.ch\/de\/prodotto\/oleolyt-spagyrische-haut-secca\/","title":{"rendered":"Spagyrische Oleolyte f\u00fcr trockene Haut &#8211; MICROCOSMO"},"content":{"rendered":"<p>Spagyrische Oleolyte sind pflanzliche Zubereitungen, bei denen die Pflanze in \u00d6l mazeriert wird, wodurch fettl\u00f6sliche Inhaltsstoffe extrahiert werden, die mit L\u00f6sungsmitteln oder anderen Mitteln nur schwer zu gewinnen sind. Es handelt sich um ein Pr\u00e4parat, das reich an Wirkstoffen ist und in der Lage ist, die energetischen Qualit\u00e4ten, die in der Natur jeder Pflanze liegen, zu \u00fcbertragen. Es wird aus Pflanzen hergestellt, die direkt aus der Natur geerntet werden, wenn sie ihren balsamischen Moment erreicht haben, d.h. wenn ihre aktiven Eigenschaften den H\u00f6hepunkt ihrer Lebensenergie erreicht haben.<\/p>\n<p>UNSER RAT?<\/p>\n<p>Verwenden Sie abends ein paar Pumpst\u00f6\u00dfe in Kombination mit dem f\u00fcr Sie am besten geeigneten Hyalurons\u00e4ure-Serum. Sie werden Ihre Haut gr\u00fcndlich n\u00e4hren und am Morgen werden Sie sie regeneriert und gest\u00e4rkt vorfinden!<\/p>\n","protected":false},"excerpt":{"rendered":"<p><span data-sheets-value=\"{\"1\":2,\"2\":\"Questo Oleolito ha una formulazione estremamente delicata e nutriente adatta anche alle pelli pi\u00f9 sensibile; idrata leniscela cute lasciando il viso morbido e luminoso. * L'oleolito spagirico \u00e8 una preparazione erboristica che prevede la macerazione della pianta in olio, con conseguente estrazione dei principi liposolubili difficimente estraibili con solventi o altro. E' un prerato ricchissimo di princi attivi e capace di trasmettere le qualit\u00e0 energetiche insite nella natura di ciascuna pianta. Viene realizzato da piante raccolte direttamente in natura nel loro momento balsamico, ovvero quando le loro proriet\u00e0 attive raggiungono l'apice dell'energia vitale. - Pu\u00f2 essere utilizzato puro sulla pelle oppure miscelato con altri prodotti (maschere, creme) - Nasce come composto viso ma pu\u00f2 essere utilizzato su tutto il corpo - Uso in caso di Gravidanza o Bambini Ingredienti 100% Organici e Naturali Vegan Cruelty Free IL NOSTRO CONSIGLIO? Usane un paio di pompaggi alla sera in combinazione con il SIERO ALL'ACIDO IALURONICO pi\u00f9 indicato per te. Nutrirai a fondo la pelle e al mattino la troverai rigenerata e rinforata! \"}\" data-sheets-userformat=\"{\"2\":14530,\"4\":{\"1\":2,\"2\":16777215},\"9\":0,\"10\":2,\"14\":{\"1\":2,\"2\":0},\"15\":\"Arial\",\"16\":10}\">Dieses MICROCOSMO Oleolite hat eine \u00e4u\u00dferst sanfte und n\u00e4hrende Formulierung, die selbst f\u00fcr die empfindlichste Haut geeignet ist. Es spendet Feuchtigkeit und beruhigt die Haut, so dass das Gesicht weich und strahlend wird.<\/span><\/p>\n<p>&#8211; Kann pur auf der Haut oder gemischt mit anderen Produkten (Masken, Cremes) verwendet werden<br \/>\n&#8211; Es wurde f\u00fcr das Gesicht entwickelt, kann aber auch f\u00fcr den ganzen K\u00f6rper verwendet werden.<br \/>\n&#8211; Zul\u00e4ssige Verwendung w\u00e4hrend der Schwangerschaft oder bei Kindern<\/p>\n<p>100% biologische und nat\u00fcrliche Inhaltsstoffe<br \/>\nVegan<br \/>\nGrausamkeitsfrei<\/p>\n<p>&nbsp;<\/p>\n","protected":false},"featured_media":0,"template":"","meta":{"_acf_changed":false},"product_brand":[],"product_cat":[15],"product_tag":[47,98,140,141,142],"class_list":{"0":"post-40164","1":"product","2":"type-product","3":"status-publish","5":"product_cat-07-cosmetica","6":"product_tag-microcosmo","7":"product_tag-oleolito","8":"product_tag-pelle","9":"product_tag-pelle-secca","10":"product_tag-secca","12":"first","13":"instock","14":"taxable","15":"shipping-taxable","16":"purchasable","17":"product-type-simple"},"acf":[],"jetpack_sharing_enabled":true,"_links":{"self":[{"href":"https:\/\/cndestetik.ch\/de\/wp-json\/wp\/v2\/product\/40164","targetHints":{"allow":["GET"]}}],"collection":[{"href":"https:\/\/cndestetik.ch\/de\/wp-json\/wp\/v2\/product"}],"about":[{"href":"https:\/\/cndestetik.ch\/de\/wp-json\/wp\/v2\/types\/product"}],"wp:attachment":[{"href":"https:\/\/cndestetik.ch\/de\/wp-json\/wp\/v2\/media?parent=40164"}],"wp:term":[{"taxonomy":"product_brand","embeddable":true,"href":"https:\/\/cndestetik.ch\/de\/wp-json\/wp\/v2\/product_brand?post=40164"},{"taxonomy":"product_cat","embeddable":true,"href":"https:\/\/cndestetik.ch\/de\/wp-json\/wp\/v2\/product_cat?post=40164"},{"taxonomy":"product_tag","embeddable":true,"href":"https:\/\/cndestetik.ch\/de\/wp-json\/wp\/v2\/product_tag?post=40164"}],"curies":[{"name":"wp","href":"https:\/\/api.w.org\/{rel}","templated":true}]}}