{"id":40088,"date":"2022-06-03T11:43:01","date_gmt":"2022-06-03T09:43:01","guid":{"rendered":"https:\/\/ticinoweb01.jcloud.ik-server.com\/cndestetik\/prodotto\/shape-kraeutertee\/"},"modified":"2022-12-01T10:51:53","modified_gmt":"2022-12-01T09:51:53","slug":"krautertee-form","status":"publish","type":"product","link":"https:\/\/cndestetik.ch\/de\/prodotto\/krautertee-form\/","title":{"rendered":"Shape Kr\u00e4utertee"},"content":{"rendered":"<p>12 2.5 Gr-Pyramiden in Bio-Doypack<\/p>\n<p><span data-sheets-value=\"{\"1\":2,\"2\":\"INGREDIENTI: The Verde, lemongrass, zenzero, mate Brasiliano, finocchio, foglie di ortica, buccia di Limone, bacche di goji, scaglie di ananas. Ricca di Vitamine C,E,A,B e di sali minerali, \u00e8 un valido aiuto per aumentare i livelli di energie. I suoi ingredienti aiutano a prolungare il senso di saziet\u00e0 e a stimolare il metabolismo. Riduce i grassi ed \u00e8 ottima per ridurre la ritenzione idrica. Infusione 5-10 min. 90 gradi. Bere 1-2 tazze al giorno, vicine ai pasti. Sconsigliato alla sera. Abbinare almeno 60 minuti di camminata leggera al giorno oppure attivit\u00e0 sportiva. Da abbinare ai trattamenti snellenti che sono sia i pi\u00f9 ambiti che i pi\u00f9 insidiosi. Il risultato sta tutto nella \\\"buona educazione della cliente\\\". I trattamenti abbinabili alla nostra tisana consigliati sono: TRATTAMENTO CORPO SNELLENTE\/MASSAGGIO ANTICELLULITE RASSODANTE\/TERMOTERAPIA\"}\" data-sheets-userformat=\"{\"2\":15297,\"3\":{\"1\":0},\"9\":0,\"10\":2,\"11\":0,\"12\":0,\"14\":{\"1\":2,\"2\":0},\"15\":\"Calibri\",\"16\":11}\">ZUTATEN: Gr\u00fcner Tee, Zitronengras, Ingwer, brasilianischer Mate, Fenchel, Brennnesselbl\u00e4tter, Zitronenschalen, Gojibeeren, Ananasflocken.  <\/span><\/p>\n<p><span data-sheets-value=\"{\"1\":2,\"2\":\"INGREDIENTI: The Verde, lemongrass, zenzero, mate Brasiliano, finocchio, foglie di ortica, buccia di Limone, bacche di goji, scaglie di ananas. Ricca di Vitamine C,E,A,B e di sali minerali, \u00e8 un valido aiuto per aumentare i livelli di energie. I suoi ingredienti aiutano a prolungare il senso di saziet\u00e0 e a stimolare il metabolismo. Riduce i grassi ed \u00e8 ottima per ridurre la ritenzione idrica. Infusione 5-10 min. 90 gradi. Bere 1-2 tazze al giorno, vicine ai pasti. Sconsigliato alla sera. Abbinare almeno 60 minuti di camminata leggera al giorno oppure attivit\u00e0 sportiva. Da abbinare ai trattamenti snellenti che sono sia i pi\u00f9 ambiti che i pi\u00f9 insidiosi. Il risultato sta tutto nella \\\"buona educazione della cliente\\\". I trattamenti abbinabili alla nostra tisana consigliati sono: TRATTAMENTO CORPO SNELLENTE\/MASSAGGIO ANTICELLULITE RASSODANTE\/TERMOTERAPIA\"}\" data-sheets-userformat=\"{\"2\":15297,\"3\":{\"1\":0},\"9\":0,\"10\":2,\"11\":0,\"12\":0,\"14\":{\"1\":2,\"2\":0},\"15\":\"Calibri\",\"16\":11}\">Reich an den Vitaminen C, E, A, B und Mineralien ist er ein wertvolles Hilfsmittel zur Steigerung des Energieniveaus. Seine Inhaltsstoffe helfen, das S\u00e4ttigungsgef\u00fchl zu verl\u00e4ngern und den Stoffwechsel anzuregen. Es baut Fett ab und ist gut f\u00fcr den Abbau von Wassereinlagerungen. Aufguss 5-10 Minuten. 90 Grad. Trinken Sie 1-2 Tassen pro Tag, in der N\u00e4he der Mahlzeiten. Am Abend nicht zu empfehlen. Kombinieren Sie mindestens 60 Minuten leichtes Gehen pro Tag oder sportliche Aktivit\u00e4t.  <\/span><\/p>\n<p><span data-sheets-value=\"{\"1\":2,\"2\":\"INGREDIENTI: The Verde, lemongrass, zenzero, mate Brasiliano, finocchio, foglie di ortica, buccia di Limone, bacche di goji, scaglie di ananas. Ricca di Vitamine C,E,A,B e di sali minerali, \u00e8 un valido aiuto per aumentare i livelli di energie. I suoi ingredienti aiutano a prolungare il senso di saziet\u00e0 e a stimolare il metabolismo. Riduce i grassi ed \u00e8 ottima per ridurre la ritenzione idrica. Infusione 5-10 min. 90 gradi. Bere 1-2 tazze al giorno, vicine ai pasti. Sconsigliato alla sera. Abbinare almeno 60 minuti di camminata leggera al giorno oppure attivit\u00e0 sportiva. Da abbinare ai trattamenti snellenti che sono sia i pi\u00f9 ambiti che i pi\u00f9 insidiosi. Il risultato sta tutto nella \\\"buona educazione della cliente\\\". I trattamenti abbinabili alla nostra tisana consigliati sono: TRATTAMENTO CORPO SNELLENTE\/MASSAGGIO ANTICELLULITE RASSODANTE\/TERMOTERAPIA\"}\" data-sheets-userformat=\"{\"2\":15297,\"3\":{\"1\":0},\"9\":0,\"10\":2,\"11\":0,\"12\":0,\"14\":{\"1\":2,\"2\":0},\"15\":\"Calibri\",\"16\":11}\">In Kombination mit den begehrtesten und heimt\u00fcckischsten Schlankheitsbehandlungen. Das Ergebnis ist eine &#8220;gute Kundenerziehung&#8221;. Die Behandlungen, die mit dem von uns empfohlenen Kr\u00e4utertee kombiniert werden k\u00f6nnen, sind SCHLANKHEITS-K\u00d6RPERBEHANDLUNG\/STRAFFENDE ANTI-CELLULITE-MASSAGE\/THERMOTHERAPIE<\/span><\/p>\n<p>1 Paket = 7.9 CHF &#8211; 6 Pakete = 7.5 CHF pro Paket &#8211; 12 Pakete = 7 CHF pro Paket<\/p>\n","protected":false},"excerpt":{"rendered":"<p>Schlankmachender Wellness-Kr\u00e4utertee. 12 biologisch abbaubare Pyramidenfilter f\u00fcr das Wohlbefinden des K\u00f6rpers. Zu kombinieren mit Kabinenbehandlungen.<\/p>\n","protected":false},"featured_media":40599,"template":"","meta":{"_acf_changed":false},"product_brand":[],"product_cat":[1995],"product_tag":[2033,2034,2032,2005,2007,2036],"class_list":{"0":"post-40088","1":"product","2":"type-product","3":"status-publish","4":"has-post-thumbnail","6":"product_cat-wellness-krautertees","7":"product_tag-form-de","8":"product_tag-form-krautertee","9":"product_tag-formular","10":"product_tag-krautertee","11":"product_tag-krautertees","12":"product_tag-krautertees-formen","13":"pa_pacchetto-1-paket","14":"pa_pacchetto-12-pakete","15":"pa_pacchetto-6-pakete","17":"first","18":"instock","19":"taxable","20":"shipping-taxable","21":"purchasable","22":"product-type-variable","23":"has-default-attributes"},"acf":[],"jetpack_sharing_enabled":true,"_links":{"self":[{"href":"https:\/\/cndestetik.ch\/de\/wp-json\/wp\/v2\/product\/40088","targetHints":{"allow":["GET"]}}],"collection":[{"href":"https:\/\/cndestetik.ch\/de\/wp-json\/wp\/v2\/product"}],"about":[{"href":"https:\/\/cndestetik.ch\/de\/wp-json\/wp\/v2\/types\/product"}],"wp:featuredmedia":[{"embeddable":true,"href":"https:\/\/cndestetik.ch\/de\/wp-json\/wp\/v2\/media\/40599"}],"wp:attachment":[{"href":"https:\/\/cndestetik.ch\/de\/wp-json\/wp\/v2\/media?parent=40088"}],"wp:term":[{"taxonomy":"product_brand","embeddable":true,"href":"https:\/\/cndestetik.ch\/de\/wp-json\/wp\/v2\/product_brand?post=40088"},{"taxonomy":"product_cat","embeddable":true,"href":"https:\/\/cndestetik.ch\/de\/wp-json\/wp\/v2\/product_cat?post=40088"},{"taxonomy":"product_tag","embeddable":true,"href":"https:\/\/cndestetik.ch\/de\/wp-json\/wp\/v2\/product_tag?post=40088"}],"curies":[{"name":"wp","href":"https:\/\/api.w.org\/{rel}","templated":true}]}}