{"id":40058,"date":"2022-06-03T11:34:45","date_gmt":"2022-06-03T09:34:45","guid":{"rendered":"https:\/\/ticinoweb01.jcloud.ik-server.com\/cndestetik\/prodotto\/kraeutertee-ablassen\/"},"modified":"2022-12-01T11:17:20","modified_gmt":"2022-12-01T10:17:20","slug":"krautertee-drain","status":"publish","type":"product","link":"https:\/\/cndestetik.ch\/de\/prodotto\/krautertee-drain\/","title":{"rendered":"Kr\u00e4utertee ablassen"},"content":{"rendered":"<p>2.5 Gr-Pyramiden in Bio-Doypack<\/p>\n<p><span data-sheets-value=\"{\"1\":2,\"2\":\"iNGREDIENTI: The Verde, finocchio, foglie di Melissa, foglie di Ortica, foglie di Moringa, ciliegia liofilizzata, scaglie di Ananas. Ricca di Vitamine C,E,A, aiuta la digestione e il rilassamento dell'addome per l'eliminazione dei liquidi. E' ottima per la ritenzione idrica e come antiossidante. Infusione 5-10 min. 90 gradi. Bere 1-2 tazze al giorno, meglio se consumate entro le 15. Sconsigliato alla sera. Abbinare almeno 30 minuti di camminata al giorno. Daabbinare a trattamenti drenanti che sono i pi\u00f9 richiesti durante tutto l'anno. Gambe gonfie e pesanti, accumulo di liquidi, rutenzione idrica, cellulite e quant'altro sono alcune delle cause che portano le donne a rivolgersi all'estetista. Questi trattamenti, all'interno di un pacchetto, sono una parte fondamentale e imprescindibile: costituiscono almeno il 50 % se non pi\u00f9 del percorso completo. I trattamenti ove \u00e8 pi\u00f9 consigliato l'abbinamento della nostra tisana sono BENDAGGI\/TRATTAMENTO CORPO DRENANTE\/TRATTAMENTI SPECIFICI PER EDEMI E VENE E CAPILLARI\/PRESSOTERAPIA\\nLe nostre tisane sono confezionate in filtri piramidali con certificazione di biodegradabilit\u00e0 e compostabilit\u00e0, che sono fatti di PLA (acido polilattico) un materiale che proviene dalla sintesi delle piante naturali e che dopo l'utilizzo pu\u00f2 essere gettato nell'umido, nel pieno rispetto dell'ambiente. Sono filtri certificati di nuova generazione, a emissioni zero, ideati per non creare alcun danno ed all'ambiente, nel rispetto del concetto di economia circolare.\"}\" data-sheets-userformat=\"{\"2\":15297,\"3\":{\"1\":0},\"9\":0,\"10\":2,\"11\":0,\"12\":0,\"14\":{\"1\":2,\"2\":0},\"15\":\"Calibri\",\"16\":11}\">ZUTATEN: Gr\u00fcner Tee, Fenchel, Melissenbl\u00e4tter, Brennnesselbl\u00e4tter, Moringa-Bl\u00e4tter, gefriergetrocknete Kirsche, Ananasflocken.  <\/span><\/p>\n<p><span data-sheets-value=\"{\"1\":2,\"2\":\"iNGREDIENTI: The Verde, finocchio, foglie di Melissa, foglie di Ortica, foglie di Moringa, ciliegia liofilizzata, scaglie di Ananas. Ricca di Vitamine C,E,A, aiuta la digestione e il rilassamento dell'addome per l'eliminazione dei liquidi. E' ottima per la ritenzione idrica e come antiossidante. Infusione 5-10 min. 90 gradi. Bere 1-2 tazze al giorno, meglio se consumate entro le 15. Sconsigliato alla sera. Abbinare almeno 30 minuti di camminata al giorno. Daabbinare a trattamenti drenanti che sono i pi\u00f9 richiesti durante tutto l'anno. Gambe gonfie e pesanti, accumulo di liquidi, rutenzione idrica, cellulite e quant'altro sono alcune delle cause che portano le donne a rivolgersi all'estetista. Questi trattamenti, all'interno di un pacchetto, sono una parte fondamentale e imprescindibile: costituiscono almeno il 50 % se non pi\u00f9 del percorso completo. I trattamenti ove \u00e8 pi\u00f9 consigliato l'abbinamento della nostra tisana sono BENDAGGI\/TRATTAMENTO CORPO DRENANTE\/TRATTAMENTI SPECIFICI PER EDEMI E VENE E CAPILLARI\/PRESSOTERAPIA\\nLe nostre tisane sono confezionate in filtri piramidali con certificazione di biodegradabilit\u00e0 e compostabilit\u00e0, che sono fatti di PLA (acido polilattico) un materiale che proviene dalla sintesi delle piante naturali e che dopo l'utilizzo pu\u00f2 essere gettato nell'umido, nel pieno rispetto dell'ambiente. Sono filtri certificati di nuova generazione, a emissioni zero, ideati per non creare alcun danno ed all'ambiente, nel rispetto del concetto di economia circolare.\"}\" data-sheets-userformat=\"{\"2\":15297,\"3\":{\"1\":0},\"9\":0,\"10\":2,\"11\":0,\"12\":0,\"14\":{\"1\":2,\"2\":0},\"15\":\"Calibri\",\"16\":11}\">Er ist reich an den Vitaminen C, E und A und f\u00f6rdert die Verdauung und die Entspannung des Bauches durch Ausscheidung von Fl\u00fcssigkeiten. Es eignet sich hervorragend zur Wasserbindung und als Antioxidans. Aufguss 5-10 Minuten. 90 Grad. Trinken Sie 1-2 Tassen pro Tag, vorzugsweise bis 15 Uhr. Am Abend nicht zu empfehlen. Kombinieren Sie mindestens 30 Minuten Gehen pro Tag. Zu kombinieren mit Drainagebehandlungen, die das ganze Jahr \u00fcber am beliebtesten sind. Geschwollene und schwere Beine, Fl\u00fcssigkeitsansammlungen, Wassereinlagerungen, Cellulite usw. sind einige der Gr\u00fcnde, die Frauen dazu veranlassen, zur Kosmetikerin zu gehen. Diese Behandlungen sind innerhalb eines Pakets ein grundlegender und unverzichtbarer Bestandteil: Sie machen mindestens 50 %, wenn nicht mehr, des Gesamtpakets aus.  <\/span><\/p>\n<p><span data-sheets-value=\"{\"1\":2,\"2\":\"iNGREDIENTI: The Verde, finocchio, foglie di Melissa, foglie di Ortica, foglie di Moringa, ciliegia liofilizzata, scaglie di Ananas. Ricca di Vitamine C,E,A, aiuta la digestione e il rilassamento dell'addome per l'eliminazione dei liquidi. E' ottima per la ritenzione idrica e come antiossidante. Infusione 5-10 min. 90 gradi. Bere 1-2 tazze al giorno, meglio se consumate entro le 15. Sconsigliato alla sera. Abbinare almeno 30 minuti di camminata al giorno. Daabbinare a trattamenti drenanti che sono i pi\u00f9 richiesti durante tutto l'anno. Gambe gonfie e pesanti, accumulo di liquidi, rutenzione idrica, cellulite e quant'altro sono alcune delle cause che portano le donne a rivolgersi all'estetista. Questi trattamenti, all'interno di un pacchetto, sono una parte fondamentale e imprescindibile: costituiscono almeno il 50 % se non pi\u00f9 del percorso completo. I trattamenti ove \u00e8 pi\u00f9 consigliato l'abbinamento della nostra tisana sono BENDAGGI\/TRATTAMENTO CORPO DRENANTE\/TRATTAMENTI SPECIFICI PER EDEMI E VENE E CAPILLARI\/PRESSOTERAPIA\\nLe nostre tisane sono confezionate in filtri piramidali con certificazione di biodegradabilit\u00e0 e compostabilit\u00e0, che sono fatti di PLA (acido polilattico) un materiale che proviene dalla sintesi delle piante naturali e che dopo l'utilizzo pu\u00f2 essere gettato nell'umido, nel pieno rispetto dell'ambiente. Sono filtri certificati di nuova generazione, a emissioni zero, ideati per non creare alcun danno ed all'ambiente, nel rispetto del concetto di economia circolare.\"}\" data-sheets-userformat=\"{\"2\":15297,\"3\":{\"1\":0},\"9\":0,\"10\":2,\"11\":0,\"12\":0,\"14\":{\"1\":2,\"2\":0},\"15\":\"Calibri\",\"16\":11}\">Behandlungen, bei denen die Kombination mit unserem Kr\u00e4utertee besonders empfehlenswert ist, sind die ENTW\u00c4SSERUNGSK\u00d6RPERBEHANDLUNGEN\/ENTW\u00c4SSERUNGSK\u00d6RPERBEHANDLUNGEN\/SPEZIFISCHE BEHANDLUNGEN F\u00dcR HEDEMEN UND VENIENEN UND KAPILLARBL\u00c4UTE\/PRESSOTERAPY<br \/>\nUnsere Kr\u00e4utertees sind in Pyramidenfiltern mit Zertifizierung der biologischen Abbaubarkeit und Kompostierbarkeit verpackt, die aus PLA (Polymilchs\u00e4ure) hergestellt sind, einem Material, das aus der Synthese nat\u00fcrlicher Pflanzen stammt und nach dem Gebrauch umweltfreundlich im Nassm\u00fcll entsorgt werden kann. Es handelt sich um zertifizierte, emissionsfreie Filter der neuen Generation, die so konzipiert sind, dass sie der Umwelt keinen Schaden zuf\u00fcgen und das Konzept der Kreislaufwirtschaft respektieren.<\/span><\/p>\n<p>1 Paket = 7.9 CHF &#8211; 6 Pakete = 7.5 CHF pro Paket &#8211; 12 Pakete = 7 CHF pro Paket<\/p>\n","protected":false},"excerpt":{"rendered":"<p>Entgiftender Wellness-Kr\u00e4utertee. 12 biologisch abbaubare Pyramidenfilter f\u00fcr das Wohlbefinden des K\u00f6rpers. Zu kombinieren mit Kabinenbehandlungen.<\/p>\n","protected":false},"featured_media":40595,"template":"","meta":{"_acf_changed":false},"product_brand":[],"product_cat":[1995],"product_tag":[2022,2023,2005,2007],"class_list":{"0":"post-40058","1":"product","2":"type-product","3":"status-publish","4":"has-post-thumbnail","6":"product_cat-wellness-krautertees","7":"product_tag-ablauf","8":"product_tag-entleerung","9":"product_tag-krautertee","10":"product_tag-krautertees","11":"pa_pacchetto-1-paket","12":"pa_pacchetto-12-pakete","13":"pa_pacchetto-6-pakete","15":"first","16":"instock","17":"taxable","18":"shipping-taxable","19":"purchasable","20":"product-type-variable"},"acf":[],"jetpack_sharing_enabled":true,"_links":{"self":[{"href":"https:\/\/cndestetik.ch\/de\/wp-json\/wp\/v2\/product\/40058","targetHints":{"allow":["GET"]}}],"collection":[{"href":"https:\/\/cndestetik.ch\/de\/wp-json\/wp\/v2\/product"}],"about":[{"href":"https:\/\/cndestetik.ch\/de\/wp-json\/wp\/v2\/types\/product"}],"wp:featuredmedia":[{"embeddable":true,"href":"https:\/\/cndestetik.ch\/de\/wp-json\/wp\/v2\/media\/40595"}],"wp:attachment":[{"href":"https:\/\/cndestetik.ch\/de\/wp-json\/wp\/v2\/media?parent=40058"}],"wp:term":[{"taxonomy":"product_brand","embeddable":true,"href":"https:\/\/cndestetik.ch\/de\/wp-json\/wp\/v2\/product_brand?post=40058"},{"taxonomy":"product_cat","embeddable":true,"href":"https:\/\/cndestetik.ch\/de\/wp-json\/wp\/v2\/product_cat?post=40058"},{"taxonomy":"product_tag","embeddable":true,"href":"https:\/\/cndestetik.ch\/de\/wp-json\/wp\/v2\/product_tag?post=40058"}],"curies":[{"name":"wp","href":"https:\/\/api.w.org\/{rel}","templated":true}]}}