{"id":40035,"date":"2022-06-03T11:22:49","date_gmt":"2022-06-03T09:22:49","guid":{"rendered":"https:\/\/ticinoweb01.jcloud.ik-server.com\/cndestetik\/prodotto\/entgiftungs-kraeutertee\/"},"modified":"2022-12-01T10:56:59","modified_gmt":"2022-12-01T09:56:59","slug":"krautertee-entgiftung","status":"publish","type":"product","link":"https:\/\/cndestetik.ch\/de\/prodotto\/krautertee-entgiftung\/","title":{"rendered":"Entgiftungs-Kr\u00e4utertee"},"content":{"rendered":"<p>12 2.5 Gr-Pyramiden in Bio-Doypack<\/p>\n<p><span data-sheets-value=\"{\"1\":2,\"2\":\"INGREDIENTI: Rooibos, finocchio, foglia di moringa, menta piperita, buccia di rosa canina, fiori di ibisco, pezzi di mela, buccia di arancia. Ricca di minerali come calcio, magnesio e fluoro, di Vitamina C, \u00e8 un valido aiuto per rafforzare il sistema immunitario mentre stimola il drenaggio ed elimina le tossine stimolando la diuresi. Ottimo per purificare il sangue, sostenere i reni e depurare. Sapore gradevole a tratti dolciastro. Infusione 5-10 min. 90 gradi. Bere 1-2 tazze al giornoper massimo 7 giorni consecutivi. Abbinare almeno 30 minuti di camminata leggera al giorno.In cabina da abbinare come inizio di trattamenti depurativi, eliminare le tossine dal corpo e dalla pelle favorisce il raggiungimento degli obbiettivi e una migliore capacit\u00e0 del corpo di assorbire gli attivi e di reagire ad essi. Sono ottimi nei cambi di stagione per preparare il corpo al cambiamento e predisporsi all'arrivo della nuova stagione. Trattamenti da abbinare consigliati ESFOLIAZIONE DEL CORPO\/TRATTAMENTO CORPO DEPURATIVO\/MASSAGGIO CORPO DEPURATIVO\\nLe nostre tisane sono confezionate in filtri piramidali con certificazione di biodegradabilit\u00e0 e compostabilit\u00e0, che sono fatti di PLA (acido polilattico) un materiale che proviene dalla sintesi delle piante naturali e che dopo l'utilizzo pu\u00f2 essere gettato nell'umido, nel pieno rispetto dell'ambiente. Sono filtri certificati di nuova generazione, a emissioni zero, ideati per non creare alcun danno ed all'ambiente, nel rispetto del concetto di economia circolare.\\nLe nostre tisane sono confezionate in filtri piramidali con certificazione di biodegradabilit\u00e0 e compostabilit\u00e0, che sono fatti di PLA (acido polilattico) un materiale che proviene dalla sintesi delle piante naturali e che dopo l'utilizzo pu\u00f2 essere gettato nell'umido, nel pieno rispetto dell'ambiente. Sono filtri certificati di nuova generazione, a emissioni zero, ideati per non creare alcun danno ed all'ambiente, nel rispetto del concetto di economia circolare.\"}\" data-sheets-userformat=\"{\"2\":15297,\"3\":{\"1\":0},\"9\":0,\"10\":2,\"11\":0,\"12\":0,\"14\":{\"1\":2,\"2\":0},\"15\":\"Calibri\",\"16\":11}\">ZUTATEN: Rooibos, Fenchel, Moringabl\u00e4tter, Pfefferminze, Hagebuttenschalen, Hibiskusbl\u00fcten, Apfelst\u00fccke, Orangenschalen.  <\/span><\/p>\n<p><span data-sheets-value=\"{\"1\":2,\"2\":\"INGREDIENTI: Rooibos, finocchio, foglia di moringa, menta piperita, buccia di rosa canina, fiori di ibisco, pezzi di mela, buccia di arancia. Ricca di minerali come calcio, magnesio e fluoro, di Vitamina C, \u00e8 un valido aiuto per rafforzare il sistema immunitario mentre stimola il drenaggio ed elimina le tossine stimolando la diuresi. Ottimo per purificare il sangue, sostenere i reni e depurare. Sapore gradevole a tratti dolciastro. Infusione 5-10 min. 90 gradi. Bere 1-2 tazze al giornoper massimo 7 giorni consecutivi. Abbinare almeno 30 minuti di camminata leggera al giorno.In cabina da abbinare come inizio di trattamenti depurativi, eliminare le tossine dal corpo e dalla pelle favorisce il raggiungimento degli obbiettivi e una migliore capacit\u00e0 del corpo di assorbire gli attivi e di reagire ad essi. Sono ottimi nei cambi di stagione per preparare il corpo al cambiamento e predisporsi all'arrivo della nuova stagione. Trattamenti da abbinare consigliati ESFOLIAZIONE DEL CORPO\/TRATTAMENTO CORPO DEPURATIVO\/MASSAGGIO CORPO DEPURATIVO\\nLe nostre tisane sono confezionate in filtri piramidali con certificazione di biodegradabilit\u00e0 e compostabilit\u00e0, che sono fatti di PLA (acido polilattico) un materiale che proviene dalla sintesi delle piante naturali e che dopo l'utilizzo pu\u00f2 essere gettato nell'umido, nel pieno rispetto dell'ambiente. Sono filtri certificati di nuova generazione, a emissioni zero, ideati per non creare alcun danno ed all'ambiente, nel rispetto del concetto di economia circolare.\\nLe nostre tisane sono confezionate in filtri piramidali con certificazione di biodegradabilit\u00e0 e compostabilit\u00e0, che sono fatti di PLA (acido polilattico) un materiale che proviene dalla sintesi delle piante naturali e che dopo l'utilizzo pu\u00f2 essere gettato nell'umido, nel pieno rispetto dell'ambiente. Sono filtri certificati di nuova generazione, a emissioni zero, ideati per non creare alcun danno ed all'ambiente, nel rispetto del concetto di economia circolare.\"}\" data-sheets-userformat=\"{\"2\":15297,\"3\":{\"1\":0},\"9\":0,\"10\":2,\"11\":0,\"12\":0,\"14\":{\"1\":2,\"2\":0},\"15\":\"Calibri\",\"16\":11}\">Er ist reich an Mineralien wie Kalzium, Magnesium und Fluorid sowie an Vitamin C und tr\u00e4gt zur St\u00e4rkung des Immunsystems bei, w\u00e4hrend er gleichzeitig die Entw\u00e4sserung anregt und durch die Anregung der Diurese Giftstoffe ausscheidet. Ausgezeichnet zur Blutreinigung, zur Unterst\u00fctzung der Nieren und zur Entschlackung. Angenehmer Geschmack, manchmal s\u00fc\u00dflich. Aufguss 5-10 Minuten. 90 Grad. Trinken Sie 1-2 Tassen pro Tag an bis zu 7 aufeinanderfolgenden Tagen. Kombinieren Sie mindestens 30 Minuten leichtes Gehen pro Tag als Beginn der Entschlackungsbehandlungen. Das Entfernen von Giftstoffen aus dem K\u00f6rper und der Haut f\u00f6rdert das Erreichen der Ziele und eine bessere F\u00e4higkeit des K\u00f6rpers, die Wirkstoffe aufzunehmen und auf sie zu reagieren. Sie eignen sich hervorragend f\u00fcr den Wechsel der Jahreszeiten, um den K\u00f6rper auf den Wechsel vorzubereiten und die Ankunft der neuen Saison vorzubereiten.  <\/span><\/p>\n<p><span data-sheets-value=\"{\"1\":2,\"2\":\"INGREDIENTI: Rooibos, finocchio, foglia di moringa, menta piperita, buccia di rosa canina, fiori di ibisco, pezzi di mela, buccia di arancia. Ricca di minerali come calcio, magnesio e fluoro, di Vitamina C, \u00e8 un valido aiuto per rafforzare il sistema immunitario mentre stimola il drenaggio ed elimina le tossine stimolando la diuresi. Ottimo per purificare il sangue, sostenere i reni e depurare. Sapore gradevole a tratti dolciastro. Infusione 5-10 min. 90 gradi. Bere 1-2 tazze al giornoper massimo 7 giorni consecutivi. Abbinare almeno 30 minuti di camminata leggera al giorno.In cabina da abbinare come inizio di trattamenti depurativi, eliminare le tossine dal corpo e dalla pelle favorisce il raggiungimento degli obbiettivi e una migliore capacit\u00e0 del corpo di assorbire gli attivi e di reagire ad essi. Sono ottimi nei cambi di stagione per preparare il corpo al cambiamento e predisporsi all'arrivo della nuova stagione. Trattamenti da abbinare consigliati ESFOLIAZIONE DEL CORPO\/TRATTAMENTO CORPO DEPURATIVO\/MASSAGGIO CORPO DEPURATIVO\\nLe nostre tisane sono confezionate in filtri piramidali con certificazione di biodegradabilit\u00e0 e compostabilit\u00e0, che sono fatti di PLA (acido polilattico) un materiale che proviene dalla sintesi delle piante naturali e che dopo l'utilizzo pu\u00f2 essere gettato nell'umido, nel pieno rispetto dell'ambiente. Sono filtri certificati di nuova generazione, a emissioni zero, ideati per non creare alcun danno ed all'ambiente, nel rispetto del concetto di economia circolare.\\nLe nostre tisane sono confezionate in filtri piramidali con certificazione di biodegradabilit\u00e0 e compostabilit\u00e0, che sono fatti di PLA (acido polilattico) un materiale che proviene dalla sintesi delle piante naturali e che dopo l'utilizzo pu\u00f2 essere gettato nell'umido, nel pieno rispetto dell'ambiente. Sono filtri certificati di nuova generazione, a emissioni zero, ideati per non creare alcun danno ed all'ambiente, nel rispetto del concetto di economia circolare.\"}\" data-sheets-userformat=\"{\"2\":15297,\"3\":{\"1\":0},\"9\":0,\"10\":2,\"11\":0,\"12\":0,\"14\":{\"1\":2,\"2\":0},\"15\":\"Calibri\",\"16\":11}\">Empfohlene Kombinationsbehandlungen K\u00d6RPER EXFOLIATION\/ DEPURATIVE K\u00d6RPERBEHANDLUNG\/ DEPURATIVE K\u00d6RPERMASSAGE<br \/>\n<\/span><\/p>\n<p><span data-sheets-value=\"{\"1\":2,\"2\":\"INGREDIENTI: Rooibos, finocchio, foglia di moringa, menta piperita, buccia di rosa canina, fiori di ibisco, pezzi di mela, buccia di arancia. Ricca di minerali come calcio, magnesio e fluoro, di Vitamina C, \u00e8 un valido aiuto per rafforzare il sistema immunitario mentre stimola il drenaggio ed elimina le tossine stimolando la diuresi. Ottimo per purificare il sangue, sostenere i reni e depurare. Sapore gradevole a tratti dolciastro. Infusione 5-10 min. 90 gradi. Bere 1-2 tazze al giornoper massimo 7 giorni consecutivi. Abbinare almeno 30 minuti di camminata leggera al giorno.In cabina da abbinare come inizio di trattamenti depurativi, eliminare le tossine dal corpo e dalla pelle favorisce il raggiungimento degli obbiettivi e una migliore capacit\u00e0 del corpo di assorbire gli attivi e di reagire ad essi. Sono ottimi nei cambi di stagione per preparare il corpo al cambiamento e predisporsi all'arrivo della nuova stagione. Trattamenti da abbinare consigliati ESFOLIAZIONE DEL CORPO\/TRATTAMENTO CORPO DEPURATIVO\/MASSAGGIO CORPO DEPURATIVO\\nLe nostre tisane sono confezionate in filtri piramidali con certificazione di biodegradabilit\u00e0 e compostabilit\u00e0, che sono fatti di PLA (acido polilattico) un materiale che proviene dalla sintesi delle piante naturali e che dopo l'utilizzo pu\u00f2 essere gettato nell'umido, nel pieno rispetto dell'ambiente. Sono filtri certificati di nuova generazione, a emissioni zero, ideati per non creare alcun danno ed all'ambiente, nel rispetto del concetto di economia circolare.\\nLe nostre tisane sono confezionate in filtri piramidali con certificazione di biodegradabilit\u00e0 e compostabilit\u00e0, che sono fatti di PLA (acido polilattico) un materiale che proviene dalla sintesi delle piante naturali e che dopo l'utilizzo pu\u00f2 essere gettato nell'umido, nel pieno rispetto dell'ambiente. Sono filtri certificati di nuova generazione, a emissioni zero, ideati per non creare alcun danno ed all'ambiente, nel rispetto del concetto di economia circolare.\"}\" data-sheets-userformat=\"{\"2\":15297,\"3\":{\"1\":0},\"9\":0,\"10\":2,\"11\":0,\"12\":0,\"14\":{\"1\":2,\"2\":0},\"15\":\"Calibri\",\"16\":11}\">Unsere Kr\u00e4utertees sind in Pyramidenfiltern mit Zertifizierung der biologischen Abbaubarkeit und Kompostierbarkeit verpackt, die aus PLA (Polymilchs\u00e4ure) hergestellt sind, einem Material, das aus der Synthese nat\u00fcrlicher Pflanzen stammt und nach dem Gebrauch umweltfreundlich im Nassm\u00fcll entsorgt werden kann. Es handelt sich um zertifizierte, emissionsfreie Filter der neuen Generation, die so konzipiert sind, dass sie der Umwelt keinen Schaden zuf\u00fcgen und das Konzept der Kreislaufwirtschaft respektieren.<\/span><\/p>\n<p>1 Paket = 7.9 CHF &#8211; 6 Pakete = 7.5 CHF pro Paket &#8211; 12 Pakete = 7 CHF pro Paket<\/p>\n","protected":false},"excerpt":{"rendered":"<p>Entgiftender Wellness-Kr\u00e4utertee. 12 biologisch abbaubare Pyramidenfilter f\u00fcr das Wohlbefinden des K\u00f6rpers. Zu kombinieren mit Kabinenbehandlungen.<\/p>\n","protected":false},"featured_media":40591,"template":"","meta":{"_acf_changed":false},"product_brand":[],"product_cat":[1995],"product_tag":[2002,2045,2046,2005,2007],"class_list":{"0":"post-40035","1":"product","2":"type-product","3":"status-publish","4":"has-post-thumbnail","6":"product_cat-wellness-krautertees","7":"product_tag-bio-de","8":"product_tag-entgiftung","9":"product_tag-entgiftung-de","10":"product_tag-krautertee","11":"product_tag-krautertees","12":"pa_pacchetto-1-paket","13":"pa_pacchetto-12-pakete","14":"pa_pacchetto-6-pakete","16":"first","17":"instock","18":"taxable","19":"shipping-taxable","20":"purchasable","21":"product-type-variable"},"acf":[],"jetpack_sharing_enabled":true,"_links":{"self":[{"href":"https:\/\/cndestetik.ch\/de\/wp-json\/wp\/v2\/product\/40035","targetHints":{"allow":["GET"]}}],"collection":[{"href":"https:\/\/cndestetik.ch\/de\/wp-json\/wp\/v2\/product"}],"about":[{"href":"https:\/\/cndestetik.ch\/de\/wp-json\/wp\/v2\/types\/product"}],"wp:featuredmedia":[{"embeddable":true,"href":"https:\/\/cndestetik.ch\/de\/wp-json\/wp\/v2\/media\/40591"}],"wp:attachment":[{"href":"https:\/\/cndestetik.ch\/de\/wp-json\/wp\/v2\/media?parent=40035"}],"wp:term":[{"taxonomy":"product_brand","embeddable":true,"href":"https:\/\/cndestetik.ch\/de\/wp-json\/wp\/v2\/product_brand?post=40035"},{"taxonomy":"product_cat","embeddable":true,"href":"https:\/\/cndestetik.ch\/de\/wp-json\/wp\/v2\/product_cat?post=40035"},{"taxonomy":"product_tag","embeddable":true,"href":"https:\/\/cndestetik.ch\/de\/wp-json\/wp\/v2\/product_tag?post=40035"}],"curies":[{"name":"wp","href":"https:\/\/api.w.org\/{rel}","templated":true}]}}