{"id":40020,"date":"2022-06-03T11:01:50","date_gmt":"2022-06-03T09:01:50","guid":{"rendered":"https:\/\/ticinoweb01.jcloud.ik-server.com\/cndestetik\/prodotto\/schellack-oceanside\/"},"modified":"2024-10-25T11:16:27","modified_gmt":"2024-10-25T09:16:27","slug":"schellack-ozeanisch","status":"publish","type":"product","link":"https:\/\/cndestetik.ch\/de\/prodotto\/schellack-ozeanisch\/","title":{"rendered":"Schellack Oceanside"},"content":{"rendered":"<p>CND Shellac Farbschicht 7,3 ml. Maximale Aufenthaltsdauer von mehr als 14 Tagen. Er garantiert Deckkraft, Intensit\u00e4t und gleichm\u00e4\u00dfiges Auftragen und ist in \u00fcber 130 von Catwalks inspirierten Farben erh\u00e4ltlich. Eine d\u00fcnne Schicht h\u00e4rtet in nur 60 Sekunden in der NEUEN CND-Lampe aus<\/p>\n","protected":false},"excerpt":{"rendered":"<p>Schnell trocknende Farbe, 14 Tage Halt.<\/p>\n","protected":false},"featured_media":55031,"template":"","meta":{"_acf_changed":false},"product_brand":[],"product_cat":[12752,1504],"product_tag":[1356,1357,1955,1957],"class_list":{"0":"post-40020","1":"product","2":"type-product","3":"status-publish","4":"has-post-thumbnail","6":"product_cat-c-n-d-de","7":"product_cat-nails-manikure-pedikure","8":"product_tag-nagel-de","9":"product_tag-nagel-de-2","10":"product_tag-schellack","11":"product_tag-top-de","13":"first","14":"instock","15":"taxable","16":"shipping-taxable","17":"purchasable","18":"product-type-simple"},"acf":[],"jetpack_sharing_enabled":true,"_links":{"self":[{"href":"https:\/\/cndestetik.ch\/de\/wp-json\/wp\/v2\/product\/40020","targetHints":{"allow":["GET"]}}],"collection":[{"href":"https:\/\/cndestetik.ch\/de\/wp-json\/wp\/v2\/product"}],"about":[{"href":"https:\/\/cndestetik.ch\/de\/wp-json\/wp\/v2\/types\/product"}],"wp:featuredmedia":[{"embeddable":true,"href":"https:\/\/cndestetik.ch\/de\/wp-json\/wp\/v2\/media\/55031"}],"wp:attachment":[{"href":"https:\/\/cndestetik.ch\/de\/wp-json\/wp\/v2\/media?parent=40020"}],"wp:term":[{"taxonomy":"product_brand","embeddable":true,"href":"https:\/\/cndestetik.ch\/de\/wp-json\/wp\/v2\/product_brand?post=40020"},{"taxonomy":"product_cat","embeddable":true,"href":"https:\/\/cndestetik.ch\/de\/wp-json\/wp\/v2\/product_cat?post=40020"},{"taxonomy":"product_tag","embeddable":true,"href":"https:\/\/cndestetik.ch\/de\/wp-json\/wp\/v2\/product_tag?post=40020"}],"curies":[{"name":"wp","href":"https:\/\/api.w.org\/{rel}","templated":true}]}}