{"id":39925,"date":"2022-06-03T09:12:06","date_gmt":"2022-06-03T07:12:06","guid":{"rendered":"https:\/\/ticinoweb01.jcloud.ik-server.com\/cndestetik\/prodotto\/kartusche-100-ml-zink\/"},"modified":"2023-05-02T09:35:07","modified_gmt":"2023-05-02T07:35:07","slug":"wachs-entluftung-in-kartusche-zink","status":"publish","type":"product","link":"https:\/\/cndestetik.ch\/de\/prodotto\/wachs-entluftung-in-kartusche-zink\/","title":{"rendered":"Haarentfernungswachs in Zink-Patrone"},"content":{"rendered":"<p><span data-sheets-value=\"{\"1\":2,\"2\":\"Delicata ceretta liposolubile, indicata per pelli sensibili, peli corti e prime depilazioni. All'Ossido di Zinco. Si stende facilmente, ha un'ottima resa, non irrita la pelle.\"}\" data-sheets-userformat=\"{\"2\":15297,\"3\":{\"1\":0},\"9\":0,\"10\":2,\"11\":0,\"12\":0,\"14\":{\"1\":2,\"2\":0},\"15\":\"Calibri\",\"16\":11}\">Sanftes, fettl\u00f6sliches Waxing, geeignet f\u00fcr empfindliche Haut, kurzes Haar und erste Enthaarung. Zinkoxid. Es l\u00e4sst sich leicht verteilen, wirkt gut und reizt die Haut nicht.<\/span><\/p>\n<p>Karton mit 36 St\u00fcck.<\/p>\n","protected":false},"excerpt":{"rendered":"<p>Karton mit 36 St\u00fcck Zinkoxid-Wachs.<\/p>\n","protected":false},"featured_media":39922,"template":"","meta":{"_acf_changed":false},"product_brand":[],"product_cat":[1629],"product_tag":[905,1677,683,904,1940],"class_list":{"0":"post-39925","1":"product","2":"type-product","3":"status-publish","4":"has-post-thumbnail","6":"product_cat-12-epilation-de","7":"product_tag-epilation","8":"product_tag-haarentfernung","9":"product_tag-wachs","10":"product_tag-wachsen","11":"product_tag-zinkoxid","12":"pa_pezzi-1-stuck","13":"pa_pezzi-3-stuck","14":"pa_pezzi-5-stucke","16":"first","17":"instock","18":"sale","19":"taxable","20":"shipping-taxable","21":"purchasable","22":"product-type-variable"},"acf":[],"jetpack_sharing_enabled":true,"_links":{"self":[{"href":"https:\/\/cndestetik.ch\/de\/wp-json\/wp\/v2\/product\/39925","targetHints":{"allow":["GET"]}}],"collection":[{"href":"https:\/\/cndestetik.ch\/de\/wp-json\/wp\/v2\/product"}],"about":[{"href":"https:\/\/cndestetik.ch\/de\/wp-json\/wp\/v2\/types\/product"}],"wp:featuredmedia":[{"embeddable":true,"href":"https:\/\/cndestetik.ch\/de\/wp-json\/wp\/v2\/media\/39922"}],"wp:attachment":[{"href":"https:\/\/cndestetik.ch\/de\/wp-json\/wp\/v2\/media?parent=39925"}],"wp:term":[{"taxonomy":"product_brand","embeddable":true,"href":"https:\/\/cndestetik.ch\/de\/wp-json\/wp\/v2\/product_brand?post=39925"},{"taxonomy":"product_cat","embeddable":true,"href":"https:\/\/cndestetik.ch\/de\/wp-json\/wp\/v2\/product_cat?post=39925"},{"taxonomy":"product_tag","embeddable":true,"href":"https:\/\/cndestetik.ch\/de\/wp-json\/wp\/v2\/product_tag?post=39925"}],"curies":[{"name":"wp","href":"https:\/\/api.w.org\/{rel}","templated":true}]}}