{"id":39918,"date":"2022-06-03T08:59:08","date_gmt":"2022-06-03T06:59:08","guid":{"rendered":"https:\/\/ticinoweb01.jcloud.ik-server.com\/cndestetik\/prodotto\/zinkwachs-400-ml\/"},"modified":"2023-05-02T09:35:03","modified_gmt":"2023-05-02T07:35:03","slug":"wachs-zink-400-ml","status":"publish","type":"product","link":"https:\/\/cndestetik.ch\/de\/prodotto\/wachs-zink-400-ml\/","title":{"rendered":"Zinkwachs 400 ml"},"content":{"rendered":"<p><span data-sheets-value=\"{\"1\":2,\"2\":\"La cera depilatoria liposolubile professionale all'Ossido di Zinco permette uno strappo dolcissimo, morbido e delicato. E' anallergica, indicata per le pelli sensibili, secche e disidratate o con irritazioni non patologiche. Particolarmente consigliata per i primi trattamenti di epilazione e nei casi di fragilit\u00e0 capillare. Ha propriet\u00e0 lenitive e svolge funzioni riparatrici e ricostituenti dell'epidermide. L'Ossido di Zinco conferisce un'ottima aderenza al pelo per un risultato perfetto di epilazione anche nei casi di peli duri e corti. E' liposolubile per cui i suoi residui si rimuovono con solventi oleosi.\"}\" data-sheets-userformat=\"{\"2\":15297,\"3\":{\"1\":0},\"9\":0,\"10\":2,\"11\":0,\"12\":0,\"14\":{\"1\":2,\"2\":0},\"15\":\"Calibri\",\"16\":11}\">Das professionelle fettl\u00f6sliche Enthaarungswachs Zinkoxid sorgt f\u00fcr ein sehr sanftes, weiches und schonendes Peeling. Sie ist hypoallergen und f\u00fcr empfindliche, trockene und dehydrierte Haut oder Haut mit nicht-pathologischen Reizungen geeignet. Besonders empfohlen f\u00fcr die ersten Haarentfernungsbehandlungen und bei Kapillarschw\u00e4che. Es hat lindernde Eigenschaften und \u00fcbt reparative und restaurative Funktionen auf die Epidermis aus. Zinkoxid sorgt f\u00fcr eine hervorragende Haftung am Haar und damit f\u00fcr ein perfektes Haarentfernungsergebnis auch bei hartem und kurzem Haar. Da es fettl\u00f6slich ist, werden seine R\u00fcckst\u00e4nde mit \u00f6ligen L\u00f6sungsmitteln entfernt.<\/span><\/p>\n<p>Karton mit 24 St\u00fcck.<\/p>\n","protected":false},"excerpt":{"rendered":"<p>Karton mit 24 400-ml-Dosen Zinkoxidwachs.<\/p>\n","protected":false},"featured_media":39915,"template":"","meta":{"_acf_changed":false},"product_brand":[],"product_cat":[1629],"product_tag":[905,1677,11226,10293,683,1642],"class_list":{"0":"post-39918","1":"product","2":"type-product","3":"status-publish","4":"has-post-thumbnail","6":"product_cat-12-epilation-de","7":"product_tag-epilation","8":"product_tag-haarentfernung","9":"product_tag-oxid","10":"product_tag-von-de-2","11":"product_tag-wachs","12":"product_tag-zink","13":"pa_pezzi-1-stuck","14":"pa_pezzi-3-stuck","15":"pa_pezzi-5-stucke","17":"first","18":"instock","19":"sale","20":"taxable","21":"shipping-taxable","22":"purchasable","23":"product-type-variable"},"acf":[],"jetpack_sharing_enabled":true,"_links":{"self":[{"href":"https:\/\/cndestetik.ch\/de\/wp-json\/wp\/v2\/product\/39918","targetHints":{"allow":["GET"]}}],"collection":[{"href":"https:\/\/cndestetik.ch\/de\/wp-json\/wp\/v2\/product"}],"about":[{"href":"https:\/\/cndestetik.ch\/de\/wp-json\/wp\/v2\/types\/product"}],"wp:featuredmedia":[{"embeddable":true,"href":"https:\/\/cndestetik.ch\/de\/wp-json\/wp\/v2\/media\/39915"}],"wp:attachment":[{"href":"https:\/\/cndestetik.ch\/de\/wp-json\/wp\/v2\/media?parent=39918"}],"wp:term":[{"taxonomy":"product_brand","embeddable":true,"href":"https:\/\/cndestetik.ch\/de\/wp-json\/wp\/v2\/product_brand?post=39918"},{"taxonomy":"product_cat","embeddable":true,"href":"https:\/\/cndestetik.ch\/de\/wp-json\/wp\/v2\/product_cat?post=39918"},{"taxonomy":"product_tag","embeddable":true,"href":"https:\/\/cndestetik.ch\/de\/wp-json\/wp\/v2\/product_tag?post=39918"}],"curies":[{"name":"wp","href":"https:\/\/api.w.org\/{rel}","templated":true}]}}