{"id":39909,"date":"2022-06-03T08:51:23","date_gmt":"2022-06-03T06:51:23","guid":{"rendered":"https:\/\/ticinoweb01.jcloud.ik-server.com\/cndestetik\/prodotto\/top-silky-wax-400-ml\/"},"modified":"2023-05-02T09:35:05","modified_gmt":"2023-05-02T07:35:05","slug":"wachs-talc-400-ml","status":"publish","type":"product","link":"https:\/\/cndestetik.ch\/de\/prodotto\/wachs-talc-400-ml\/","title":{"rendered":"Talkum Wachs 400 ml."},"content":{"rendered":"<p><span data-sheets-value=\"{\"1\":2,\"2\":\"CERA PROFESSIONALE LIPOSOLUBILE IN BARATTOLO La cera depilatoria liposolubile professionale vanta una particolare morbidezza nello strappo ed un'ottima aderenza al pelo. Il risultato . una perfetta epilazione anche per peli duri e corti. Consigliata nei periodi estivi perch. mantiene inalterata l'abbronzatura e lascia la pelle liscia, morbida, setosa e idratata. Ideata per una depilazione extra-delicata\"}\" data-sheets-userformat=\"{\"2\":15297,\"3\":{\"1\":0},\"9\":0,\"10\":2,\"11\":0,\"12\":0,\"14\":{\"1\":2,\"2\":0},\"15\":\"Calibri\",\"16\":11}\">Professionelles fettl\u00f6sliches Wachs in einem Glas. Das professionelle fettl\u00f6sliche Enthaarungswachs zeichnet sich durch besondere Weichheit beim Rei\u00dfen und hervorragende Haftung am Haar aus. Das Ergebnis? Perfekte Epilation auch bei kurzem, hartem Haar. Empfehlenswert im Sommer, da es die Br\u00e4une erh\u00e4lt und die Haut glatt, weich, seidig und mit Feuchtigkeit versorgt macht. Entwickelt f\u00fcr extra sanfte Haarentfernung<\/span><\/p>\n<p>Karton mit 24 St\u00fcck.<\/p>\n","protected":false},"excerpt":{"rendered":"<p>Karton mit 24 400-ml-Dosen Talkum-Wachs.<\/p>\n","protected":false},"featured_media":39906,"template":"","meta":{"_acf_changed":false},"product_brand":[],"product_cat":[1629],"product_tag":[905,1677,1936,11165,1957,683],"class_list":{"0":"post-39909","1":"product","2":"type-product","3":"status-publish","4":"has-post-thumbnail","6":"product_cat-12-epilation-de","7":"product_tag-epilation","8":"product_tag-haarentfernung","9":"product_tag-seidentop","10":"product_tag-seidig","11":"product_tag-top-de","12":"product_tag-wachs","13":"pa_pezzi-1-stuck","14":"pa_pezzi-3-stuck","15":"pa_pezzi-5-stucke","17":"first","18":"instock","19":"taxable","20":"shipping-taxable","21":"purchasable","22":"product-type-variable"},"acf":[],"jetpack_sharing_enabled":true,"_links":{"self":[{"href":"https:\/\/cndestetik.ch\/de\/wp-json\/wp\/v2\/product\/39909","targetHints":{"allow":["GET"]}}],"collection":[{"href":"https:\/\/cndestetik.ch\/de\/wp-json\/wp\/v2\/product"}],"about":[{"href":"https:\/\/cndestetik.ch\/de\/wp-json\/wp\/v2\/types\/product"}],"wp:featuredmedia":[{"embeddable":true,"href":"https:\/\/cndestetik.ch\/de\/wp-json\/wp\/v2\/media\/39906"}],"wp:attachment":[{"href":"https:\/\/cndestetik.ch\/de\/wp-json\/wp\/v2\/media?parent=39909"}],"wp:term":[{"taxonomy":"product_brand","embeddable":true,"href":"https:\/\/cndestetik.ch\/de\/wp-json\/wp\/v2\/product_brand?post=39909"},{"taxonomy":"product_cat","embeddable":true,"href":"https:\/\/cndestetik.ch\/de\/wp-json\/wp\/v2\/product_cat?post=39909"},{"taxonomy":"product_tag","embeddable":true,"href":"https:\/\/cndestetik.ch\/de\/wp-json\/wp\/v2\/product_tag?post=39909"}],"curies":[{"name":"wp","href":"https:\/\/api.w.org\/{rel}","templated":true}]}}