{"id":39850,"date":"2022-06-02T16:42:05","date_gmt":"2022-06-02T14:42:05","guid":{"rendered":"https:\/\/ticinoweb01.jcloud.ik-server.com\/cndestetik\/prodotto\/flying-rose-wax-800-ml\/"},"modified":"2022-11-15T15:48:34","modified_gmt":"2022-11-15T14:48:34","slug":"titandioxid-rosa-wachs-800ml","status":"publish","type":"product","link":"https:\/\/cndestetik.ch\/de\/prodotto\/titandioxid-rosa-wachs-800ml\/","title":{"rendered":"Rosa Titaniumdioxid-Wachs 800ml"},"content":{"rendered":"<p><span data-sheets-value=\"{\"1\":2,\"2\":\"CERA BIOSSIDO DI TITANIO ROSA DELICATA LIPOSOLUBILE BARATTOLO 800 ML.\\nLa cera al biossido di titanio \u00e8 un prodotto della nuova Linea Professionale \\\"Ebrand Wax\\\" creata all'insegna del \\\"MADE IN ITALY\\\".\\n\\nLa cera liposolubile depilatoria al biossido di titanio delicata \u00e8 adatta a pelli sensibili ed abbronzate. Lo strappo risulta morbido, dolce e non provoca arrossamenti. Questa tipologia di cera esterificata viene realizzata con miscela di resine ed oli raffinatissimi. Le sue principali caratteristiche sono :\\n-estrema stendibilit\u00e0 ed elasticit\u00e0\\n-lo strappo delicato sulla pelle ma tenace sul pelo\\n-capacit\u00e0 di non accumulare il calore evitando fastidiosi arrossamenti\"}\" data-sheets-userformat=\"{\"2\":15297,\"3\":{\"1\":0},\"9\":0,\"10\":2,\"11\":0,\"12\":0,\"14\":{\"1\":2,\"2\":0},\"15\":\"Calibri\",\"16\":11}\">ZARTROSA TITANDIOXIDWACHS, FETTL\u00d6SLICH 800 ML DOSE.<br \/>\nTitandioxid-Wachs ist ein Produkt der neuen Professional Line &#8216;Ebrand Wax&#8217;, die unter dem Banner &#8216;MADE IN ITALY&#8217; entwickelt wurde.<\/span><\/p>\n<p>Das sanfte fettl\u00f6sliche Enthaarungswachs aus Titandioxid ist f\u00fcr empfindliche und gebr\u00e4unte Haut geeignet. Die Tr\u00e4ne ist weich, sanft und verursacht keine R\u00f6tungen. Diese Art von verestertem Wachs wird aus einer Mischung von raffinierten Harzen und \u00d6len hergestellt. Seine wichtigsten Merkmale sind:<br \/>\n-extrem dehnbar und elastisch<br \/>\n-die Tr\u00e4ne sanft auf der Haut, aber hartn\u00e4ckig auf dem Haar<br \/>\n-keine W\u00e4rmestauung, wodurch l\u00e4stige R\u00f6tungen vermieden werden<\/p>\n<p>Karton mit 12 Dosen.<\/p>\n","protected":false},"excerpt":{"rendered":"<p>Karton mit 12 Gl\u00e4sern rosa Titandioxidwachs.<\/p>\n","protected":false},"featured_media":39844,"template":"","meta":{"_acf_changed":false},"product_brand":[],"product_cat":[1629],"product_tag":[1922,905,711,1923,683],"class_list":{"0":"post-39850","1":"product","2":"type-product","3":"status-publish","4":"has-post-thumbnail","6":"product_cat-12-epilation-de","7":"product_tag-dioxid","8":"product_tag-epilation","9":"product_tag-titan","10":"product_tag-titandioxid","11":"product_tag-wachs","13":"first","14":"instock","15":"taxable","16":"shipping-taxable","17":"purchasable","18":"product-type-simple"},"acf":[],"jetpack_sharing_enabled":true,"_links":{"self":[{"href":"https:\/\/cndestetik.ch\/de\/wp-json\/wp\/v2\/product\/39850","targetHints":{"allow":["GET"]}}],"collection":[{"href":"https:\/\/cndestetik.ch\/de\/wp-json\/wp\/v2\/product"}],"about":[{"href":"https:\/\/cndestetik.ch\/de\/wp-json\/wp\/v2\/types\/product"}],"wp:featuredmedia":[{"embeddable":true,"href":"https:\/\/cndestetik.ch\/de\/wp-json\/wp\/v2\/media\/39844"}],"wp:attachment":[{"href":"https:\/\/cndestetik.ch\/de\/wp-json\/wp\/v2\/media?parent=39850"}],"wp:term":[{"taxonomy":"product_brand","embeddable":true,"href":"https:\/\/cndestetik.ch\/de\/wp-json\/wp\/v2\/product_brand?post=39850"},{"taxonomy":"product_cat","embeddable":true,"href":"https:\/\/cndestetik.ch\/de\/wp-json\/wp\/v2\/product_cat?post=39850"},{"taxonomy":"product_tag","embeddable":true,"href":"https:\/\/cndestetik.ch\/de\/wp-json\/wp\/v2\/product_tag?post=39850"}],"curies":[{"name":"wp","href":"https:\/\/api.w.org\/{rel}","templated":true}]}}