{"id":39782,"date":"2022-05-31T10:47:06","date_gmt":"2022-05-31T08:47:06","guid":{"rendered":"https:\/\/ticinoweb01.jcloud.ik-server.com\/cndestetik\/prodotto\/tnt-hosen\/"},"modified":"2024-08-07T09:19:11","modified_gmt":"2024-08-07T07:19:11","slug":"hosen-tnt","status":"publish","type":"product","link":"https:\/\/cndestetik.ch\/de\/prodotto\/hosen-tnt\/","title":{"rendered":"TNT-Hosen"},"content":{"rendered":"<p><span data-sheets-value=\"{\"1\":2,\"2\":\"Pantalone in TNT per pressoterapia con elastici e piedi. Vendibile solo in confezione da 50 pz.\"}\" data-sheets-userformat=\"{\"2\":15297,\"3\":{\"1\":0},\"9\":0,\"10\":2,\"11\":0,\"12\":0,\"14\":{\"1\":2,\"2\":0},\"15\":\"Calibri\",\"16\":11}\">TNT Pressotherapie Hose mit elastischen B\u00e4ndern und F\u00fc\u00dfen. Wird nur in Packungen zu 50 St\u00fcck verkauft.<\/span><\/p>\n","protected":false},"excerpt":{"rendered":"<p>TNT-Hosen mit Schuh\u00fcberz\u00fcgen.<\/p>\n","protected":false},"featured_media":39788,"template":"","meta":{"_acf_changed":false},"product_brand":[],"product_cat":[942],"product_tag":[1048,1877,11240,1876,955],"class_list":{"0":"post-39782","1":"product","2":"type-product","3":"status-publish","4":"has-post-thumbnail","6":"product_cat-einzelbenutzung","7":"product_tag-hose","8":"product_tag-nicht-gewebter-stoff","9":"product_tag-pantapresso-de","10":"product_tag-pressotherapie-de","11":"product_tag-tnt-de","12":"pa_pezzi-1-stuck","13":"pa_pezzi-2-stuck","15":"first","16":"instock","17":"taxable","18":"shipping-taxable","19":"purchasable","20":"product-type-simple"},"acf":[],"jetpack_sharing_enabled":true,"_links":{"self":[{"href":"https:\/\/cndestetik.ch\/de\/wp-json\/wp\/v2\/product\/39782","targetHints":{"allow":["GET"]}}],"collection":[{"href":"https:\/\/cndestetik.ch\/de\/wp-json\/wp\/v2\/product"}],"about":[{"href":"https:\/\/cndestetik.ch\/de\/wp-json\/wp\/v2\/types\/product"}],"wp:featuredmedia":[{"embeddable":true,"href":"https:\/\/cndestetik.ch\/de\/wp-json\/wp\/v2\/media\/39788"}],"wp:attachment":[{"href":"https:\/\/cndestetik.ch\/de\/wp-json\/wp\/v2\/media?parent=39782"}],"wp:term":[{"taxonomy":"product_brand","embeddable":true,"href":"https:\/\/cndestetik.ch\/de\/wp-json\/wp\/v2\/product_brand?post=39782"},{"taxonomy":"product_cat","embeddable":true,"href":"https:\/\/cndestetik.ch\/de\/wp-json\/wp\/v2\/product_cat?post=39782"},{"taxonomy":"product_tag","embeddable":true,"href":"https:\/\/cndestetik.ch\/de\/wp-json\/wp\/v2\/product_tag?post=39782"}],"curies":[{"name":"wp","href":"https:\/\/api.w.org\/{rel}","templated":true}]}}