{"id":39745,"date":"2022-06-02T12:12:04","date_gmt":"2022-06-02T10:12:04","guid":{"rendered":"https:\/\/ticinoweb01.jcloud.ik-server.com\/cndestetik\/prodotto\/einwegmeissel\/"},"modified":"2023-03-10T09:44:14","modified_gmt":"2023-03-10T08:44:14","slug":"einwegmeisel","status":"publish","type":"product","link":"https:\/\/cndestetik.ch\/de\/prodotto\/einwegmeisel\/","title":{"rendered":"Einwegmei\u00dfel"},"content":{"rendered":"<p><span data-sheets-value=\"{\"1\":2,\"2\":\"Lame monouso sterilizzate in acciaio inox. Misura 2 mm. confezione da 20 pz.\"}\" data-sheets-userformat=\"{\"2\":15299,\"3\":{\"1\":0},\"4\":{\"1\":2,\"2\":16773836},\"9\":0,\"10\":2,\"11\":0,\"12\":0,\"14\":{\"1\":2,\"2\":0},\"15\":\"Calibri\",\"16\":11}\">Sterilisierte Einwegklingen aus rostfreiem Stahl in 20er-Packungen.<\/span><\/p>\n","protected":false},"excerpt":{"rendered":"<p>Hohlmei\u00dfel in verschiedenen Gr\u00f6\u00dfen<\/p>\n","protected":false},"featured_media":54505,"template":"","meta":{"_acf_changed":false},"product_brand":[],"product_cat":[1299],"product_tag":[1807,1805,1790,1329,1804],"class_list":{"0":"post-39745","1":"product","2":"type-product","3":"status-publish","4":"has-post-thumbnail","6":"product_cat-ausrustung","7":"product_tag-asthetische-pedikure","8":"product_tag-heilende-pedikure","9":"product_tag-hohlmeisel","10":"product_tag-pedikure","11":"product_tag-pedikure-zubehor","12":"pa_sgorbia-hohlmeisel-nr-1","13":"pa_sgorbia-hohlmeisel-nr-2","14":"pa_sgorbia-meisel-nr-10","15":"pa_sgorbia-meisel-nr-3","16":"pa_sgorbia-meisel-nr-4","17":"pa_sgorbia-meisel-nr-6","18":"pa_sgorbia-meisel-nr-8","20":"first","21":"instock","22":"taxable","23":"shipping-taxable","24":"purchasable","25":"product-type-variable"},"acf":[],"jetpack_sharing_enabled":true,"_links":{"self":[{"href":"https:\/\/cndestetik.ch\/de\/wp-json\/wp\/v2\/product\/39745","targetHints":{"allow":["GET"]}}],"collection":[{"href":"https:\/\/cndestetik.ch\/de\/wp-json\/wp\/v2\/product"}],"about":[{"href":"https:\/\/cndestetik.ch\/de\/wp-json\/wp\/v2\/types\/product"}],"wp:featuredmedia":[{"embeddable":true,"href":"https:\/\/cndestetik.ch\/de\/wp-json\/wp\/v2\/media\/54505"}],"wp:attachment":[{"href":"https:\/\/cndestetik.ch\/de\/wp-json\/wp\/v2\/media?parent=39745"}],"wp:term":[{"taxonomy":"product_brand","embeddable":true,"href":"https:\/\/cndestetik.ch\/de\/wp-json\/wp\/v2\/product_brand?post=39745"},{"taxonomy":"product_cat","embeddable":true,"href":"https:\/\/cndestetik.ch\/de\/wp-json\/wp\/v2\/product_cat?post=39745"},{"taxonomy":"product_tag","embeddable":true,"href":"https:\/\/cndestetik.ch\/de\/wp-json\/wp\/v2\/product_tag?post=39745"}],"curies":[{"name":"wp","href":"https:\/\/api.w.org\/{rel}","templated":true}]}}